{"id":291,"date":"2024-06-12T21:29:40","date_gmt":"2024-06-13T03:29:40","guid":{"rendered":"https:\/\/atlapac.com.gt\/?page_id=291"},"modified":"2025-07-04T13:34:00","modified_gmt":"2025-07-04T19:34:00","slug":"noticias","status":"publish","type":"page","link":"https:\/\/grupotoa.website\/stuff\/atlapac\/noticias\/","title":{"rendered":"Noticias"},"content":{"rendered":"\t\t<div data-elementor-type=\"wp-page\" data-elementor-id=\"291\" class=\"elementor elementor-291\" data-elementor-post-type=\"page\">\n\t\t\t\t<div class=\"elementor-element elementor-element-1df8a0b0 e-flex e-con-boxed e-con e-parent\" data-id=\"1df8a0b0\" data-element_type=\"container\">\n\t\t\t\t\t<div class=\"e-con-inner\">\n\t\t<div class=\"elementor-element elementor-element-749ddd26 e-flex e-con-boxed e-con e-child\" data-id=\"749ddd26\" data-element_type=\"container\">\n\t\t\t\t\t<div class=\"e-con-inner\">\n\t\t<div class=\"elementor-element elementor-element-6ea20299 e-flex e-con-boxed e-con e-child\" data-id=\"6ea20299\" data-element_type=\"container\">\n\t\t\t\t\t<div class=\"e-con-inner\">\n\t\t\t\t<div class=\"elementor-element elementor-element-14044b5c elementor-invisible elementor-widget elementor-widget-heading\" data-id=\"14044b5c\" data-element_type=\"widget\" data-settings=\"{&quot;_animation&quot;:&quot;fadeInLeft&quot;}\" data-widget_type=\"heading.default\">\n\t\t\t\t<div class=\"elementor-widget-container\">\n\t\t\t\t\t<h4 class=\"elementor-heading-title elementor-size-default\">Blog<\/h4>\t\t\t\t<\/div>\n\t\t\t\t<\/div>\n\t\t\t\t<div class=\"elementor-element elementor-element-1eeadb3c elementor-invisible elementor-widget elementor-widget-heading\" data-id=\"1eeadb3c\" data-element_type=\"widget\" data-settings=\"{&quot;_animation&quot;:&quot;fadeInLeft&quot;}\" data-widget_type=\"heading.default\">\n\t\t\t\t<div class=\"elementor-widget-container\">\n\t\t\t\t\t<h1 class=\"elementor-heading-title elementor-size-default\">Noticias y Art\u00edculos<\/h1>\t\t\t\t<\/div>\n\t\t\t\t<\/div>\n\t\t\t\t\t<\/div>\n\t\t\t\t<\/div>\n\t\t<div class=\"elementor-element elementor-element-b1fceb6 e-flex e-con-boxed e-con e-child\" data-id=\"b1fceb6\" data-element_type=\"container\">\n\t\t\t\t\t<div class=\"e-con-inner\">\n\t\t\t\t<div class=\"elementor-element elementor-element-6263ed51 elementor-widget elementor-widget-spacer\" data-id=\"6263ed51\" data-element_type=\"widget\" data-widget_type=\"spacer.default\">\n\t\t\t\t<div class=\"elementor-widget-container\">\n\t\t\t\t\t\t\t<div class=\"elementor-spacer\">\n\t\t\t<div class=\"elementor-spacer-inner\"><\/div>\n\t\t<\/div>\n\t\t\t\t\t\t<\/div>\n\t\t\t\t<\/div>\n\t\t\t\t<div class=\"elementor-element elementor-element-2f8eb587 elementor-invisible elementor-widget elementor-widget-text-editor\" data-id=\"2f8eb587\" data-element_type=\"widget\" data-settings=\"{&quot;_animation&quot;:&quot;fadeInRight&quot;}\" data-widget_type=\"text-editor.default\">\n\t\t\t\t<div class=\"elementor-widget-container\">\n\t\t\t\t\t\t\t\t\t<p>Sum\u00e9rgete en el universo del comercio global con nuestro blog de importaci\u00f3n. Descubre estrategias, tendencias y consejos para optimizar tus operaciones<\/p>\t\t\t\t\t\t\t\t<\/div>\n\t\t\t\t<\/div>\n\t\t\t\t\t<\/div>\n\t\t\t\t<\/div>\n\t\t\t\t\t<\/div>\n\t\t\t\t<\/div>\n\t\t\t\t\t<\/div>\n\t\t\t\t<\/div>\n\t\t<div class=\"elementor-element elementor-element-792f8b1b e-flex e-con-boxed e-con e-parent\" data-id=\"792f8b1b\" data-element_type=\"container\">\n\t\t\t\t\t<div class=\"e-con-inner\">\n\t\t<div class=\"elementor-element elementor-element-589e0830 e-flex e-con-boxed e-con e-child\" data-id=\"589e0830\" data-element_type=\"container\">\n\t\t\t\t\t<div class=\"e-con-inner\">\n\t\t<div class=\"elementor-element elementor-element-12f1747f e-flex e-con-boxed e-con e-child\" data-id=\"12f1747f\" data-element_type=\"container\">\n\t\t\t\t\t<div class=\"e-con-inner\">\n\t\t\t\t<div class=\"elementor-element elementor-element-1fad957a elementor-grid-3 elementor-grid-tablet-2 elementor-grid-mobile-1 elementor-posts--thumbnail-top elementor-widget elementor-widget-posts\" data-id=\"1fad957a\" data-element_type=\"widget\" data-settings=\"{&quot;pagination_type&quot;:&quot;prev_next&quot;,&quot;classic_columns&quot;:&quot;3&quot;,&quot;classic_columns_tablet&quot;:&quot;2&quot;,&quot;classic_columns_mobile&quot;:&quot;1&quot;,&quot;classic_row_gap&quot;:{&quot;unit&quot;:&quot;px&quot;,&quot;size&quot;:35,&quot;sizes&quot;:[]},&quot;classic_row_gap_tablet&quot;:{&quot;unit&quot;:&quot;px&quot;,&quot;size&quot;:&quot;&quot;,&quot;sizes&quot;:[]},&quot;classic_row_gap_mobile&quot;:{&quot;unit&quot;:&quot;px&quot;,&quot;size&quot;:&quot;&quot;,&quot;sizes&quot;:[]}}\" data-widget_type=\"posts.classic\">\n\t\t\t\t<div class=\"elementor-widget-container\">\n\t\t\t\t\t\t\t<div class=\"elementor-posts-container elementor-posts elementor-posts--skin-classic elementor-grid\" role=\"list\">\n\t\t\t\t<article class=\"elementor-post elementor-grid-item post-153 post type-post status-publish format-standard has-post-thumbnail hentry category-noticias\" role=\"listitem\">\n\t\t\t\t<a class=\"elementor-post__thumbnail__link\" href=\"https:\/\/grupotoa.website\/stuff\/atlapac\/lineas-navieras-van-por-incrementos-de-tarifas-a-partir-de-mayo\/\" tabindex=\"-1\" >\n\t\t\t<div class=\"elementor-post__thumbnail\"><img fetchpriority=\"high\" decoding=\"async\" width=\"1200\" height=\"675\" src=\"https:\/\/grupotoa.website\/stuff\/atlapac\/wp-content\/uploads\/2024\/06\/Atlapac-Source-Mapa-02-02.webp\" class=\"attachment-full size-full wp-image-155\" alt=\"\" srcset=\"https:\/\/grupotoa.website\/stuff\/atlapac\/wp-content\/uploads\/2024\/06\/Atlapac-Source-Mapa-02-02.webp 1200w, https:\/\/grupotoa.website\/stuff\/atlapac\/wp-content\/uploads\/2024\/06\/Atlapac-Source-Mapa-02-02-300x169.webp 300w, https:\/\/grupotoa.website\/stuff\/atlapac\/wp-content\/uploads\/2024\/06\/Atlapac-Source-Mapa-02-02-1024x576.webp 1024w, https:\/\/grupotoa.website\/stuff\/atlapac\/wp-content\/uploads\/2024\/06\/Atlapac-Source-Mapa-02-02-768x432.webp 768w\" sizes=\"(max-width: 1200px) 100vw, 1200px\" \/><\/div>\n\t\t<\/a>\n\t\t\t\t<div class=\"elementor-post__text\">\n\t\t\t\t<h3 class=\"elementor-post__title\">\n\t\t\t<a href=\"https:\/\/grupotoa.website\/stuff\/atlapac\/lineas-navieras-van-por-incrementos-de-tarifas-a-partir-de-mayo\/\" >\n\t\t\t\tL\u00edneas navieras van por incrementos de tarifas a partir de mayo\t\t\t<\/a>\n\t\t<\/h3>\n\t\t\t\t<div class=\"elementor-post__meta-data\">\n\t\t\t\t\t<span class=\"elementor-post-date\">\n\t\t\tjunio 12, 2024\t\t<\/span>\n\t\t\t\t<\/div>\n\t\t\t\t<div class=\"elementor-post__excerpt\">\n\t\t\t<p>L\u00edneas navieras | El\u00a0\u00cdndice de Fletes de Carga Contenedorizada de Shangh\u00e1i, (SCFI) registr\u00f3 su tercera ganancia semanal consecutiva (26 de<\/p>\n\t\t<\/div>\n\t\t\t\t\t<div class=\"elementor-post__read-more-wrapper\">\n\t\t\n\t\t<a class=\"elementor-post__read-more\" href=\"https:\/\/grupotoa.website\/stuff\/atlapac\/lineas-navieras-van-por-incrementos-de-tarifas-a-partir-de-mayo\/\" aria-label=\"Read more about L\u00edneas navieras van por incrementos de tarifas a partir de mayo\" tabindex=\"-1\" >\n\t\t\tLeer M\u00e1s \u00bb\t\t<\/a>\n\n\t\t\t\t\t<\/div>\n\t\t\t\t<\/div>\n\t\t\t\t<\/article>\n\t\t\t\t<article class=\"elementor-post elementor-grid-item post-168 post type-post status-publish format-standard has-post-thumbnail hentry category-noticias\" role=\"listitem\">\n\t\t\t\t<a class=\"elementor-post__thumbnail__link\" href=\"https:\/\/grupotoa.website\/stuff\/atlapac\/congestionamiento-en-apm-terminals-quetzal-impacta-en-competitividad\/\" tabindex=\"-1\" >\n\t\t\t<div class=\"elementor-post__thumbnail\"><img decoding=\"async\" width=\"1200\" height=\"675\" src=\"https:\/\/grupotoa.website\/stuff\/atlapac\/wp-content\/uploads\/2024\/06\/Atlapac-Source-Mapa-02-03.webp\" class=\"attachment-full size-full wp-image-170\" alt=\"\" srcset=\"https:\/\/grupotoa.website\/stuff\/atlapac\/wp-content\/uploads\/2024\/06\/Atlapac-Source-Mapa-02-03.webp 1200w, https:\/\/grupotoa.website\/stuff\/atlapac\/wp-content\/uploads\/2024\/06\/Atlapac-Source-Mapa-02-03-300x169.webp 300w, https:\/\/grupotoa.website\/stuff\/atlapac\/wp-content\/uploads\/2024\/06\/Atlapac-Source-Mapa-02-03-1024x576.webp 1024w, https:\/\/grupotoa.website\/stuff\/atlapac\/wp-content\/uploads\/2024\/06\/Atlapac-Source-Mapa-02-03-768x432.webp 768w\" sizes=\"(max-width: 1200px) 100vw, 1200px\" \/><\/div>\n\t\t<\/a>\n\t\t\t\t<div class=\"elementor-post__text\">\n\t\t\t\t<h3 class=\"elementor-post__title\">\n\t\t\t<a href=\"https:\/\/grupotoa.website\/stuff\/atlapac\/congestionamiento-en-apm-terminals-quetzal-impacta-en-competitividad\/\" >\n\t\t\t\tCongestionamiento en APM Terminals Quetzal impacta en competitividad\t\t\t<\/a>\n\t\t<\/h3>\n\t\t\t\t<div class=\"elementor-post__meta-data\">\n\t\t\t\t\t<span class=\"elementor-post-date\">\n\t\t\tjunio 12, 2024\t\t<\/span>\n\t\t\t\t<\/div>\n\t\t\t\t<div class=\"elementor-post__excerpt\">\n\t\t\t<p>APM Terminals | En el litoral del pac\u00edfico se maneja el 59 por ciento del\u00a0comercio mar\u00edtimo\u00a0del pa\u00eds, por lo tanto<\/p>\n\t\t<\/div>\n\t\t\t\t\t<div class=\"elementor-post__read-more-wrapper\">\n\t\t\n\t\t<a class=\"elementor-post__read-more\" href=\"https:\/\/grupotoa.website\/stuff\/atlapac\/congestionamiento-en-apm-terminals-quetzal-impacta-en-competitividad\/\" aria-label=\"Read more about Congestionamiento en APM Terminals Quetzal impacta en competitividad\" tabindex=\"-1\" >\n\t\t\tLeer M\u00e1s \u00bb\t\t<\/a>\n\n\t\t\t\t\t<\/div>\n\t\t\t\t<\/div>\n\t\t\t\t<\/article>\n\t\t\t\t<article class=\"elementor-post elementor-grid-item post-177 post type-post status-publish format-standard has-post-thumbnail hentry category-noticias\" role=\"listitem\">\n\t\t\t\t<a class=\"elementor-post__thumbnail__link\" href=\"https:\/\/grupotoa.website\/stuff\/atlapac\/4-medidas-para-agilizar-el-despacho-aduanero-en-apm-terminals-quetzal\/\" tabindex=\"-1\" >\n\t\t\t<div class=\"elementor-post__thumbnail\"><img decoding=\"async\" width=\"1600\" height=\"900\" src=\"https:\/\/grupotoa.website\/stuff\/atlapac\/wp-content\/uploads\/2024\/06\/Atlapac-Source-Mapa-02-04.webp\" class=\"attachment-full size-full wp-image-179\" alt=\"\" srcset=\"https:\/\/grupotoa.website\/stuff\/atlapac\/wp-content\/uploads\/2024\/06\/Atlapac-Source-Mapa-02-04.webp 1600w, https:\/\/grupotoa.website\/stuff\/atlapac\/wp-content\/uploads\/2024\/06\/Atlapac-Source-Mapa-02-04-300x169.webp 300w, https:\/\/grupotoa.website\/stuff\/atlapac\/wp-content\/uploads\/2024\/06\/Atlapac-Source-Mapa-02-04-1024x576.webp 1024w, https:\/\/grupotoa.website\/stuff\/atlapac\/wp-content\/uploads\/2024\/06\/Atlapac-Source-Mapa-02-04-768x432.webp 768w, https:\/\/grupotoa.website\/stuff\/atlapac\/wp-content\/uploads\/2024\/06\/Atlapac-Source-Mapa-02-04-1536x864.webp 1536w\" sizes=\"(max-width: 1600px) 100vw, 1600px\" \/><\/div>\n\t\t<\/a>\n\t\t\t\t<div class=\"elementor-post__text\">\n\t\t\t\t<h3 class=\"elementor-post__title\">\n\t\t\t<a href=\"https:\/\/grupotoa.website\/stuff\/atlapac\/4-medidas-para-agilizar-el-despacho-aduanero-en-apm-terminals-quetzal\/\" >\n\t\t\t\t4 medidas para agilizar el despacho aduanero en APM Terminals Quetzal\t\t\t<\/a>\n\t\t<\/h3>\n\t\t\t\t<div class=\"elementor-post__meta-data\">\n\t\t\t\t\t<span class=\"elementor-post-date\">\n\t\t\tjunio 12, 2024\t\t<\/span>\n\t\t\t\t<\/div>\n\t\t\t\t<div class=\"elementor-post__excerpt\">\n\t\t\t<p>APM Terminals | Para solventar la acumulaci\u00f3n de operaciones en el dep\u00f3sito aduanero temporal APM Terminals Quetzal, la Superintendencia de Administraci\u00f3n Tributaria (SAT) inform\u00f3 sobre las medidas para agilizar esta situaci\u00f3n .<\/p>\n\t\t<\/div>\n\t\t\t\t\t<div class=\"elementor-post__read-more-wrapper\">\n\t\t\n\t\t<a class=\"elementor-post__read-more\" href=\"https:\/\/grupotoa.website\/stuff\/atlapac\/4-medidas-para-agilizar-el-despacho-aduanero-en-apm-terminals-quetzal\/\" aria-label=\"Read more about 4 medidas para agilizar el despacho aduanero en APM Terminals Quetzal\" tabindex=\"-1\" >\n\t\t\tLeer M\u00e1s \u00bb\t\t<\/a>\n\n\t\t\t\t\t<\/div>\n\t\t\t\t<\/div>\n\t\t\t\t<\/article>\n\t\t\t\t<\/div>\n\t\t\n\t\t\t\t\t\t<\/div>\n\t\t\t\t<\/div>\n\t\t\t\t\t<\/div>\n\t\t\t\t<\/div>\n\t\t\t\t\t<\/div>\n\t\t\t\t<\/div>\n\t\t\t\t\t<\/div>\n\t\t\t\t<\/div>\n\t\t<div class=\"elementor-element elementor-element-698f6085 e-flex e-con-boxed e-con e-parent\" data-id=\"698f6085\" data-element_type=\"container\">\n\t\t\t\t\t<div class=\"e-con-inner\">\n\t\t<div class=\"elementor-element elementor-element-18d750b8 e-flex e-con-boxed elementor-invisible e-con e-child\" data-id=\"18d750b8\" data-element_type=\"container\" data-settings=\"{&quot;background_background&quot;:&quot;classic&quot;,&quot;animation&quot;:&quot;fadeInUp&quot;}\">\n\t\t\t\t\t<div class=\"e-con-inner\">\n\t\t\t\t<div class=\"elementor-element elementor-element-284e319e elementor-widget__width-initial elementor-widget-mobile__width-inherit elementor-widget elementor-widget-heading\" data-id=\"284e319e\" data-element_type=\"widget\" data-widget_type=\"heading.default\">\n\t\t\t\t<div class=\"elementor-widget-container\">\n\t\t\t\t\t<h2 class=\"elementor-heading-title elementor-size-default\">Descubra el futuro de las importaciones \n\u00a1Has clic ahora!<\/h2>\t\t\t\t<\/div>\n\t\t\t\t<\/div>\n\t\t\t\t<div class=\"elementor-element elementor-element-5b07c3e7 elementor-mobile-align-justify elementor-widget elementor-widget-button\" data-id=\"5b07c3e7\" data-element_type=\"widget\" data-widget_type=\"button.default\">\n\t\t\t\t<div class=\"elementor-widget-container\">\n\t\t\t\t\t\t\t\t\t<div class=\"elementor-button-wrapper\">\n\t\t\t\t\t<a class=\"elementor-button elementor-button-link elementor-size-sm\" href=\"https:\/\/grupotoa.website\/stuff\/atlapac\/contacto\/\">\n\t\t\t\t\t\t<span class=\"elementor-button-content-wrapper\">\n\t\t\t\t\t\t\t\t\t<span class=\"elementor-button-text\">Cotiza Aqu\u00ed<\/span>\n\t\t\t\t\t<\/span>\n\t\t\t\t\t<\/a>\n\t\t\t\t<\/div>\n\t\t\t\t\t\t\t\t<\/div>\n\t\t\t\t<\/div>\n\t\t\t\t\t<\/div>\n\t\t\t\t<\/div>\n\t\t\t\t\t<\/div>\n\t\t\t\t<\/div>\n\t\t\t\t<\/div>\n\t\t","protected":false},"excerpt":{"rendered":"<p>Blog Noticias y Art\u00edculos Sum\u00e9rgete en el universo del comercio global con nuestro blog de importaci\u00f3n. Descubre estrategias, tendencias y consejos para optimizar tus operaciones Descubra el futuro de las importaciones \u00a1Has clic ahora! Cotiza Aqu\u00ed<\/p>\n","protected":false},"author":1,"featured_media":0,"parent":0,"menu_order":0,"comment_status":"closed","ping_status":"closed","template":"","meta":{"footnotes":""},"class_list":["post-291","page","type-page","status-publish","hentry"],"_links":{"self":[{"href":"https:\/\/grupotoa.website\/stuff\/atlapac\/wp-json\/wp\/v2\/pages\/291","targetHints":{"allow":["GET"]}}],"collection":[{"href":"https:\/\/grupotoa.website\/stuff\/atlapac\/wp-json\/wp\/v2\/pages"}],"about":[{"href":"https:\/\/grupotoa.website\/stuff\/atlapac\/wp-json\/wp\/v2\/types\/page"}],"author":[{"embeddable":true,"href":"https:\/\/grupotoa.website\/stuff\/atlapac\/wp-json\/wp\/v2\/users\/1"}],"replies":[{"embeddable":true,"href":"https:\/\/grupotoa.website\/stuff\/atlapac\/wp-json\/wp\/v2\/comments?post=291"}],"version-history":[{"count":16,"href":"https:\/\/grupotoa.website\/stuff\/atlapac\/wp-json\/wp\/v2\/pages\/291\/revisions"}],"predecessor-version":[{"id":518,"href":"https:\/\/grupotoa.website\/stuff\/atlapac\/wp-json\/wp\/v2\/pages\/291\/revisions\/518"}],"wp:attachment":[{"href":"https:\/\/grupotoa.website\/stuff\/atlapac\/wp-json\/wp\/v2\/media?parent=291"}],"curies":[{"name":"wp","href":"https:\/\/api.w.org\/{rel}","templated":true}]}}