{"id":323,"date":"2024-06-12T21:44:19","date_gmt":"2024-06-13T03:44:19","guid":{"rendered":"https:\/\/atlapac.com.gt\/?page_id=323"},"modified":"2025-07-04T13:45:37","modified_gmt":"2025-07-04T19:45:37","slug":"politica-de-seguridad-integral-atlapac","status":"publish","type":"page","link":"https:\/\/grupotoa.website\/stuff\/atlapac\/politica-de-seguridad-integral-atlapac\/","title":{"rendered":"Pol\u00edtica de Seguridad Integral ATLAPAC"},"content":{"rendered":"\t\t<div data-elementor-type=\"wp-page\" data-elementor-id=\"323\" class=\"elementor elementor-323\" data-elementor-post-type=\"page\">\n\t\t\t\t<div class=\"elementor-element elementor-element-3a1527b4 e-flex e-con-boxed e-con e-parent\" data-id=\"3a1527b4\" data-element_type=\"container\">\n\t\t\t\t\t<div class=\"e-con-inner\">\n\t\t<div class=\"elementor-element elementor-element-63cb2fb7 e-flex e-con-boxed e-con e-child\" data-id=\"63cb2fb7\" data-element_type=\"container\">\n\t\t\t\t\t<div class=\"e-con-inner\">\n\t\t<div class=\"elementor-element elementor-element-41182c17 e-flex e-con-boxed e-con e-child\" data-id=\"41182c17\" data-element_type=\"container\">\n\t\t\t\t\t<div class=\"e-con-inner\">\n\t\t\t\t<div class=\"elementor-element elementor-element-5799956a elementor-invisible elementor-widget elementor-widget-heading\" data-id=\"5799956a\" data-element_type=\"widget\" data-settings=\"{&quot;_animation&quot;:&quot;fadeInLeft&quot;}\" data-widget_type=\"heading.default\">\n\t\t\t\t<div class=\"elementor-widget-container\">\n\t\t\t\t\t<h1 class=\"elementor-heading-title elementor-size-default\">Pol\u00edtica de Seguridad Integral ATLAPAC<\/h1>\t\t\t\t<\/div>\n\t\t\t\t<\/div>\n\t\t\t\t\t<\/div>\n\t\t\t\t<\/div>\n\t\t<div class=\"elementor-element elementor-element-320cb941 e-flex e-con-boxed e-con e-child\" data-id=\"320cb941\" data-element_type=\"container\">\n\t\t\t\t\t<div class=\"e-con-inner\">\n\t\t\t\t\t<\/div>\n\t\t\t\t<\/div>\n\t\t\t\t\t<\/div>\n\t\t\t\t<\/div>\n\t\t\t\t\t<\/div>\n\t\t\t\t<\/div>\n\t\t<div class=\"elementor-element elementor-element-28a47988 e-flex e-con-boxed e-con e-parent\" data-id=\"28a47988\" data-element_type=\"container\">\n\t\t\t\t\t<div class=\"e-con-inner\">\n\t\t<div class=\"elementor-element elementor-element-5ced069b e-flex e-con-boxed e-con e-child\" data-id=\"5ced069b\" data-element_type=\"container\">\n\t\t\t\t\t<div class=\"e-con-inner\">\n\t\t<div class=\"elementor-element elementor-element-2d9be529 e-flex e-con-boxed e-con e-child\" data-id=\"2d9be529\" data-element_type=\"container\">\n\t\t\t\t\t<div class=\"e-con-inner\">\n\t\t\t\t<div class=\"elementor-element elementor-element-6436ca81 animated-slow elementor-invisible elementor-widget elementor-widget-text-editor\" data-id=\"6436ca81\" data-element_type=\"widget\" data-settings=\"{&quot;_animation&quot;:&quot;fadeInUp&quot;}\" data-widget_type=\"text-editor.default\">\n\t\t\t\t<div class=\"elementor-widget-container\">\n\t\t\t\t\t\t\t\t\t<div class=\"et_pb_with_border et_pb_module et_pb_text et_pb_text_3 et_pb_text_align_left et_pb_bg_layout_light\"><div class=\"et_pb_text_inner\"><p><strong>ATLAPAC<\/strong>\u00a0se compromete a mantener la gesti\u00f3n y control de seguridad, cumpliendo con los est\u00e1ndares en materia de seguridad integral en la cadena de suministro, para prevenir y reconocer posibles amenazas, con el objetivo de mitigar riesgos tanto para la Empresa como para sus clientes y la sociedad en general, para lo cual aborda los siguientes aspectos:<\/p><ul><li>ASOCIADOS DE NEGOGIO Y PARTES INTERESADAS<\/li><li>RECURSOS HUMANOS<\/li><li>SEGURIDAD GENERAL<\/li><li>SEGURIDAD DEL TRANSPORTE DE LA CARGA<\/li><li>SEGURIDAD DE LAS INSTALACIONES<\/li><li>SEGURIDAD INDUSTRIAL<\/li><li>SEGURIDAD DE LA INFORMACI\u00d3N<\/li><li>SEGURIDAD DE MARCHAMOS Y PRECINTOS<\/li><li>CONTROL ADMINISTRATIVO DEL SISTEMA SGCS<\/li><\/ul><p>Para tal efecto, <strong>ATLAPAC<\/strong> ha emitido las siguientes Pol\u00edticas:<\/p><ul><li>Pol\u00edtica de Contrataci\u00f3n-Desvinculaci\u00f3n de Personal<\/li><li>Pol\u00edtica de Manejo y Transporte de Mercanc\u00edas<\/li><li>Pol\u00edtica de Ocupaci\u00f3n de las Instalaciones<\/li><li>Pol\u00edtica de Manejo de la Informaci\u00f3n Impresa y Electr\u00f3nica<\/li><li>Pol\u00edtica de Control y Gesti\u00f3n de Riesgos Institucionales<\/li><li>Pol\u00edtica para la Elaboraci\u00f3n y Actualizaci\u00f3n de Manuales de Procedimientos Administrativos<\/li><\/ul><div>\u00a0<\/div><p><strong>ATLAPAC<\/strong> asume el compromiso de difundir esta declaraci\u00f3n con el prop\u00f3sito de lograr su cumplimiento, capacitando y sensibilizando a todo el personal propio y de terceros, a colaborar en la seguridad de la empresa y buscando la mejora continua.<\/p><\/div><\/div><div class=\"et_pb_with_border et_pb_module et_pb_text et_pb_text_4 et_pb_text_align_left et_pb_bg_layout_light\"><div class=\"et_pb_text_inner\"><h2>Objetivos del Sistema de Gesti\u00f3n en Control y Seguridad<\/h2><ul><li>Mantener el sistema de gesti\u00f3n en control y seguridad SGCS seg\u00fan los requerimientos para el actor de la condena log\u00edstica Consolidador\/Desconsolidador, el giro comercial y la naturaleza del negocio.<\/li><li>Tener en cuenta el enfoque de los procesos que se relacionan con el alcance del SGCS del OEA, la gesti\u00f3n de riesgos y las pr\u00e1cticas anti corrupci\u00f3n y anti soborno.<\/li><li>Aplicar los controles administrativos y operacionales (est\u00e1ndares de seguridad) de acuerdo al actor de la cadena log\u00edstica que representamos.<\/li><li>Asumir liderazgo, compromiso y disponer de los recursos para la mejora continua del SGCS.<\/li><\/ul><\/div><\/div>\t\t\t\t\t\t\t\t<\/div>\n\t\t\t\t<\/div>\n\t\t\t\t\t<\/div>\n\t\t\t\t<\/div>\n\t\t\t\t\t<\/div>\n\t\t\t\t<\/div>\n\t\t\t\t\t<\/div>\n\t\t\t\t<\/div>\n\t\t<div class=\"elementor-element elementor-element-4add1522 e-flex e-con-boxed e-con e-parent\" data-id=\"4add1522\" data-element_type=\"container\">\n\t\t\t\t\t<div class=\"e-con-inner\">\n\t\t<div class=\"elementor-element elementor-element-12f0197f e-flex e-con-boxed elementor-invisible e-con e-child\" data-id=\"12f0197f\" data-element_type=\"container\" data-settings=\"{&quot;background_background&quot;:&quot;classic&quot;,&quot;animation&quot;:&quot;fadeInUp&quot;}\">\n\t\t\t\t\t<div class=\"e-con-inner\">\n\t\t\t\t<div class=\"elementor-element elementor-element-4726cafa elementor-widget__width-initial elementor-widget-mobile__width-inherit elementor-widget elementor-widget-heading\" data-id=\"4726cafa\" data-element_type=\"widget\" data-widget_type=\"heading.default\">\n\t\t\t\t<div class=\"elementor-widget-container\">\n\t\t\t\t\t<h2 class=\"elementor-heading-title elementor-size-default\">Descubra el futuro de las importaciones \n\u00a1Has clic ahora!<\/h2>\t\t\t\t<\/div>\n\t\t\t\t<\/div>\n\t\t\t\t<div class=\"elementor-element elementor-element-e17e624 elementor-mobile-align-justify elementor-widget elementor-widget-button\" data-id=\"e17e624\" data-element_type=\"widget\" data-widget_type=\"button.default\">\n\t\t\t\t<div class=\"elementor-widget-container\">\n\t\t\t\t\t\t\t\t\t<div class=\"elementor-button-wrapper\">\n\t\t\t\t\t<a class=\"elementor-button elementor-button-link elementor-size-sm\" href=\"https:\/\/grupotoa.website\/stuff\/atlapac\/contacto\/\">\n\t\t\t\t\t\t<span class=\"elementor-button-content-wrapper\">\n\t\t\t\t\t\t\t\t\t<span class=\"elementor-button-text\">Cotiza Aqu\u00ed<\/span>\n\t\t\t\t\t<\/span>\n\t\t\t\t\t<\/a>\n\t\t\t\t<\/div>\n\t\t\t\t\t\t\t\t<\/div>\n\t\t\t\t<\/div>\n\t\t\t\t\t<\/div>\n\t\t\t\t<\/div>\n\t\t\t\t\t<\/div>\n\t\t\t\t<\/div>\n\t\t<div class=\"elementor-element elementor-element-3e7906d2 e-flex e-con-boxed e-con e-parent\" data-id=\"3e7906d2\" data-element_type=\"container\">\n\t\t\t\t\t<div class=\"e-con-inner\">\n\t\t<div class=\"elementor-element elementor-element-64078661 e-flex e-con-boxed e-con e-child\" data-id=\"64078661\" data-element_type=\"container\">\n\t\t\t\t\t<div class=\"e-con-inner\">\n\t\t<div class=\"elementor-element elementor-element-256979dd e-flex e-con-boxed e-con e-child\" data-id=\"256979dd\" data-element_type=\"container\">\n\t\t\t\t\t<div class=\"e-con-inner\">\n\t\t\t\t<div class=\"elementor-element elementor-element-3b44c88c elementor-invisible elementor-widget elementor-widget-heading\" data-id=\"3b44c88c\" data-element_type=\"widget\" data-settings=\"{&quot;_animation&quot;:&quot;fadeInLeft&quot;}\" data-widget_type=\"heading.default\">\n\t\t\t\t<div class=\"elementor-widget-container\">\n\t\t\t\t\t<h2 class=\"elementor-heading-title elementor-size-default\">Noticias y Art\u00edculos<\/h2>\t\t\t\t<\/div>\n\t\t\t\t<\/div>\n\t\t\t\t<div class=\"elementor-element elementor-element-d4fc2a6 elementor-grid-3 elementor-grid-tablet-2 elementor-grid-mobile-1 elementor-posts--thumbnail-top elementor-invisible elementor-widget elementor-widget-posts\" data-id=\"d4fc2a6\" data-element_type=\"widget\" data-settings=\"{&quot;_animation&quot;:&quot;fadeInUp&quot;,&quot;classic_columns&quot;:&quot;3&quot;,&quot;classic_columns_tablet&quot;:&quot;2&quot;,&quot;classic_columns_mobile&quot;:&quot;1&quot;,&quot;classic_row_gap&quot;:{&quot;unit&quot;:&quot;px&quot;,&quot;size&quot;:35,&quot;sizes&quot;:[]},&quot;classic_row_gap_tablet&quot;:{&quot;unit&quot;:&quot;px&quot;,&quot;size&quot;:&quot;&quot;,&quot;sizes&quot;:[]},&quot;classic_row_gap_mobile&quot;:{&quot;unit&quot;:&quot;px&quot;,&quot;size&quot;:&quot;&quot;,&quot;sizes&quot;:[]}}\" data-widget_type=\"posts.classic\">\n\t\t\t\t<div class=\"elementor-widget-container\">\n\t\t\t\t\t\t\t<div class=\"elementor-posts-container elementor-posts elementor-posts--skin-classic elementor-grid\" role=\"list\">\n\t\t\t\t<article class=\"elementor-post elementor-grid-item post-153 post type-post status-publish format-standard has-post-thumbnail hentry category-noticias\" role=\"listitem\">\n\t\t\t\t<a class=\"elementor-post__thumbnail__link\" href=\"https:\/\/grupotoa.website\/stuff\/atlapac\/lineas-navieras-van-por-incrementos-de-tarifas-a-partir-de-mayo\/\" tabindex=\"-1\" >\n\t\t\t<div class=\"elementor-post__thumbnail\"><img fetchpriority=\"high\" decoding=\"async\" width=\"1200\" height=\"675\" src=\"https:\/\/grupotoa.website\/stuff\/atlapac\/wp-content\/uploads\/2024\/06\/Atlapac-Source-Mapa-02-02.webp\" class=\"attachment-full size-full wp-image-155\" alt=\"\" srcset=\"https:\/\/grupotoa.website\/stuff\/atlapac\/wp-content\/uploads\/2024\/06\/Atlapac-Source-Mapa-02-02.webp 1200w, https:\/\/grupotoa.website\/stuff\/atlapac\/wp-content\/uploads\/2024\/06\/Atlapac-Source-Mapa-02-02-300x169.webp 300w, https:\/\/grupotoa.website\/stuff\/atlapac\/wp-content\/uploads\/2024\/06\/Atlapac-Source-Mapa-02-02-1024x576.webp 1024w, https:\/\/grupotoa.website\/stuff\/atlapac\/wp-content\/uploads\/2024\/06\/Atlapac-Source-Mapa-02-02-768x432.webp 768w\" sizes=\"(max-width: 1200px) 100vw, 1200px\" \/><\/div>\n\t\t<\/a>\n\t\t\t\t<div class=\"elementor-post__text\">\n\t\t\t\t<h3 class=\"elementor-post__title\">\n\t\t\t<a href=\"https:\/\/grupotoa.website\/stuff\/atlapac\/lineas-navieras-van-por-incrementos-de-tarifas-a-partir-de-mayo\/\" >\n\t\t\t\tL\u00edneas navieras van por incrementos de tarifas a partir de mayo\t\t\t<\/a>\n\t\t<\/h3>\n\t\t\t\t<div class=\"elementor-post__meta-data\">\n\t\t\t\t\t<span class=\"elementor-post-date\">\n\t\t\tjunio 12, 2024\t\t<\/span>\n\t\t\t\t<\/div>\n\t\t\t\t<div class=\"elementor-post__excerpt\">\n\t\t\t<p>L\u00edneas navieras | El\u00a0\u00cdndice de Fletes de Carga Contenedorizada de Shangh\u00e1i, (SCFI) registr\u00f3 su tercera ganancia semanal consecutiva (26 de<\/p>\n\t\t<\/div>\n\t\t\n\t\t<a class=\"elementor-post__read-more\" href=\"https:\/\/grupotoa.website\/stuff\/atlapac\/lineas-navieras-van-por-incrementos-de-tarifas-a-partir-de-mayo\/\" aria-label=\"Read more about L\u00edneas navieras van por incrementos de tarifas a partir de mayo\" tabindex=\"-1\" >\n\t\t\tLeer M\u00e1s \u00bb\t\t<\/a>\n\n\t\t\t\t<\/div>\n\t\t\t\t<\/article>\n\t\t\t\t<article class=\"elementor-post elementor-grid-item post-168 post type-post status-publish format-standard has-post-thumbnail hentry category-noticias\" role=\"listitem\">\n\t\t\t\t<a class=\"elementor-post__thumbnail__link\" href=\"https:\/\/grupotoa.website\/stuff\/atlapac\/congestionamiento-en-apm-terminals-quetzal-impacta-en-competitividad\/\" tabindex=\"-1\" >\n\t\t\t<div class=\"elementor-post__thumbnail\"><img decoding=\"async\" width=\"1200\" height=\"675\" src=\"https:\/\/grupotoa.website\/stuff\/atlapac\/wp-content\/uploads\/2024\/06\/Atlapac-Source-Mapa-02-03.webp\" class=\"attachment-full size-full wp-image-170\" alt=\"\" srcset=\"https:\/\/grupotoa.website\/stuff\/atlapac\/wp-content\/uploads\/2024\/06\/Atlapac-Source-Mapa-02-03.webp 1200w, https:\/\/grupotoa.website\/stuff\/atlapac\/wp-content\/uploads\/2024\/06\/Atlapac-Source-Mapa-02-03-300x169.webp 300w, https:\/\/grupotoa.website\/stuff\/atlapac\/wp-content\/uploads\/2024\/06\/Atlapac-Source-Mapa-02-03-1024x576.webp 1024w, https:\/\/grupotoa.website\/stuff\/atlapac\/wp-content\/uploads\/2024\/06\/Atlapac-Source-Mapa-02-03-768x432.webp 768w\" sizes=\"(max-width: 1200px) 100vw, 1200px\" \/><\/div>\n\t\t<\/a>\n\t\t\t\t<div class=\"elementor-post__text\">\n\t\t\t\t<h3 class=\"elementor-post__title\">\n\t\t\t<a href=\"https:\/\/grupotoa.website\/stuff\/atlapac\/congestionamiento-en-apm-terminals-quetzal-impacta-en-competitividad\/\" >\n\t\t\t\tCongestionamiento en APM Terminals Quetzal impacta en competitividad\t\t\t<\/a>\n\t\t<\/h3>\n\t\t\t\t<div class=\"elementor-post__meta-data\">\n\t\t\t\t\t<span class=\"elementor-post-date\">\n\t\t\tjunio 12, 2024\t\t<\/span>\n\t\t\t\t<\/div>\n\t\t\t\t<div class=\"elementor-post__excerpt\">\n\t\t\t<p>APM Terminals | En el litoral del pac\u00edfico se maneja el 59 por ciento del\u00a0comercio mar\u00edtimo\u00a0del pa\u00eds, por lo tanto<\/p>\n\t\t<\/div>\n\t\t\n\t\t<a class=\"elementor-post__read-more\" href=\"https:\/\/grupotoa.website\/stuff\/atlapac\/congestionamiento-en-apm-terminals-quetzal-impacta-en-competitividad\/\" aria-label=\"Read more about Congestionamiento en APM Terminals Quetzal impacta en competitividad\" tabindex=\"-1\" >\n\t\t\tLeer M\u00e1s \u00bb\t\t<\/a>\n\n\t\t\t\t<\/div>\n\t\t\t\t<\/article>\n\t\t\t\t<article class=\"elementor-post elementor-grid-item post-177 post type-post status-publish format-standard has-post-thumbnail hentry category-noticias\" role=\"listitem\">\n\t\t\t\t<a class=\"elementor-post__thumbnail__link\" href=\"https:\/\/grupotoa.website\/stuff\/atlapac\/4-medidas-para-agilizar-el-despacho-aduanero-en-apm-terminals-quetzal\/\" tabindex=\"-1\" >\n\t\t\t<div class=\"elementor-post__thumbnail\"><img decoding=\"async\" width=\"1600\" height=\"900\" src=\"https:\/\/grupotoa.website\/stuff\/atlapac\/wp-content\/uploads\/2024\/06\/Atlapac-Source-Mapa-02-04.webp\" class=\"attachment-full size-full wp-image-179\" alt=\"\" srcset=\"https:\/\/grupotoa.website\/stuff\/atlapac\/wp-content\/uploads\/2024\/06\/Atlapac-Source-Mapa-02-04.webp 1600w, https:\/\/grupotoa.website\/stuff\/atlapac\/wp-content\/uploads\/2024\/06\/Atlapac-Source-Mapa-02-04-300x169.webp 300w, https:\/\/grupotoa.website\/stuff\/atlapac\/wp-content\/uploads\/2024\/06\/Atlapac-Source-Mapa-02-04-1024x576.webp 1024w, https:\/\/grupotoa.website\/stuff\/atlapac\/wp-content\/uploads\/2024\/06\/Atlapac-Source-Mapa-02-04-768x432.webp 768w, https:\/\/grupotoa.website\/stuff\/atlapac\/wp-content\/uploads\/2024\/06\/Atlapac-Source-Mapa-02-04-1536x864.webp 1536w\" sizes=\"(max-width: 1600px) 100vw, 1600px\" \/><\/div>\n\t\t<\/a>\n\t\t\t\t<div class=\"elementor-post__text\">\n\t\t\t\t<h3 class=\"elementor-post__title\">\n\t\t\t<a href=\"https:\/\/grupotoa.website\/stuff\/atlapac\/4-medidas-para-agilizar-el-despacho-aduanero-en-apm-terminals-quetzal\/\" >\n\t\t\t\t4 medidas para agilizar el despacho aduanero en APM Terminals Quetzal\t\t\t<\/a>\n\t\t<\/h3>\n\t\t\t\t<div class=\"elementor-post__meta-data\">\n\t\t\t\t\t<span class=\"elementor-post-date\">\n\t\t\tjunio 12, 2024\t\t<\/span>\n\t\t\t\t<\/div>\n\t\t\t\t<div class=\"elementor-post__excerpt\">\n\t\t\t<p>APM Terminals | Para solventar la acumulaci\u00f3n de operaciones en el dep\u00f3sito aduanero temporal APM Terminals Quetzal, la Superintendencia de Administraci\u00f3n Tributaria (SAT) inform\u00f3 sobre las medidas para agilizar esta situaci\u00f3n .<\/p>\n\t\t<\/div>\n\t\t\n\t\t<a class=\"elementor-post__read-more\" href=\"https:\/\/grupotoa.website\/stuff\/atlapac\/4-medidas-para-agilizar-el-despacho-aduanero-en-apm-terminals-quetzal\/\" aria-label=\"Read more about 4 medidas para agilizar el despacho aduanero en APM Terminals Quetzal\" tabindex=\"-1\" >\n\t\t\tLeer M\u00e1s \u00bb\t\t<\/a>\n\n\t\t\t\t<\/div>\n\t\t\t\t<\/article>\n\t\t\t\t<\/div>\n\t\t\n\t\t\t\t\t\t<\/div>\n\t\t\t\t<\/div>\n\t\t\t\t\t<\/div>\n\t\t\t\t<\/div>\n\t\t\t\t\t<\/div>\n\t\t\t\t<\/div>\n\t\t\t\t\t<\/div>\n\t\t\t\t<\/div>\n\t\t\t\t<\/div>\n\t\t","protected":false},"excerpt":{"rendered":"<p>Pol\u00edtica de Seguridad Integral ATLAPAC ATLAPAC\u00a0se compromete a mantener la gesti\u00f3n y control de seguridad, cumpliendo con los est\u00e1ndares en materia de seguridad integral en la cadena de suministro, para prevenir y reconocer posibles amenazas, con el objetivo de mitigar riesgos tanto para la Empresa como para sus clientes y la sociedad en general, para [&hellip;]<\/p>\n","protected":false},"author":1,"featured_media":0,"parent":0,"menu_order":0,"comment_status":"closed","ping_status":"closed","template":"","meta":{"footnotes":""},"class_list":["post-323","page","type-page","status-publish","hentry"],"_links":{"self":[{"href":"https:\/\/grupotoa.website\/stuff\/atlapac\/wp-json\/wp\/v2\/pages\/323","targetHints":{"allow":["GET"]}}],"collection":[{"href":"https:\/\/grupotoa.website\/stuff\/atlapac\/wp-json\/wp\/v2\/pages"}],"about":[{"href":"https:\/\/grupotoa.website\/stuff\/atlapac\/wp-json\/wp\/v2\/types\/page"}],"author":[{"embeddable":true,"href":"https:\/\/grupotoa.website\/stuff\/atlapac\/wp-json\/wp\/v2\/users\/1"}],"replies":[{"embeddable":true,"href":"https:\/\/grupotoa.website\/stuff\/atlapac\/wp-json\/wp\/v2\/comments?post=323"}],"version-history":[{"count":19,"href":"https:\/\/grupotoa.website\/stuff\/atlapac\/wp-json\/wp\/v2\/pages\/323\/revisions"}],"predecessor-version":[{"id":539,"href":"https:\/\/grupotoa.website\/stuff\/atlapac\/wp-json\/wp\/v2\/pages\/323\/revisions\/539"}],"wp:attachment":[{"href":"https:\/\/grupotoa.website\/stuff\/atlapac\/wp-json\/wp\/v2\/media?parent=323"}],"curies":[{"name":"wp","href":"https:\/\/api.w.org\/{rel}","templated":true}]}}