{"id":1589,"date":"2025-09-18T23:26:04","date_gmt":"2025-09-18T21:26:04","guid":{"rendered":"https:\/\/grupotoa.website\/stuff\/legadodeamor\/?post_type=product&#038;p=1589"},"modified":"2025-09-18T23:28:59","modified_gmt":"2025-09-18T21:28:59","slug":"biberon-softouch-pigeon-240","status":"publish","type":"product","link":"https:\/\/grupotoa.website\/stuff\/legadodeamor\/producto\/biberon-softouch-pigeon-240\/","title":{"rendered":"Biber\u00f3n Softouch Pigeon 240"},"content":{"rendered":"<div class=\"elementor-element elementor-element-364ca881 elementor-widget elementor-widget-heading\" data-id=\"364ca881\" data-element_type=\"widget\" data-widget_type=\"heading.default\">\n<div class=\"elementor-widget-container\">\n<h3 class=\"elementor-heading-title elementor-size-default\">Caracter\u00edsticas principales<\/h3>\n<\/div>\n<\/div>\n<div class=\"elementor-element elementor-element-718b8e86 elementor-widget elementor-widget-text-editor\" data-id=\"718b8e86\" data-element_type=\"widget\" data-widget_type=\"text-editor.default\">\n<div class=\"elementor-widget-container\">\n<ul>\n<li><strong>Precio:<\/strong>\u00a0Q120.00<\/li>\n<li><strong>Marca:<\/strong>\u00a0Pigeon<\/li>\n<li><strong>Presentaci\u00f3n:<\/strong>\u00a0Botella pl\u00e1stica con tetina Softouch, capacidad de 240 ml<\/li>\n<li>Edad recomendada: Desde los 3 meses<\/li>\n<li>Cracter\u00edsticas principales<\/li>\n<li>Tetina tama\u00f1o M<\/li>\n<li>Agujero en Y<\/li>\n<li>Sistema anti c\u00f3licos.<\/li>\n<li>Material seguro y libre de BPA<\/li>\n<li>Dise\u00f1o ergon\u00f3mico para f\u00e1cil agarre<\/li>\n<\/ul>\n<\/div>\n<\/div>\n<div class=\"elementor-element elementor-element-7684265b elementor-widget elementor-widget-heading\" data-id=\"7684265b\" data-element_type=\"widget\" data-widget_type=\"heading.default\">\n<div class=\"elementor-widget-container\">\n<h3 class=\"elementor-heading-title elementor-size-default\">Beneficios<\/h3>\n<\/div>\n<\/div>\n<div class=\"elementor-element elementor-element-68a7e57e elementor-widget elementor-widget-text-editor\" data-id=\"68a7e57e\" data-element_type=\"widget\" data-widget_type=\"text-editor.default\">\n<div class=\"elementor-widget-container\">\n<ul>\n<li>Imitaci\u00f3n del pecho materno para una alimentaci\u00f3n m\u00e1s natural<\/li>\n<li>Ayuda a reducir el riesgo de c\u00f3licos gracias a su sistema de ventilaci\u00f3n<\/li>\n<li>Ideal para las primeras etapas de alimentaci\u00f3n del beb\u00e9<\/li>\n<li>La simulaci\u00f3n real del enganche permite combinar la lactancia materna y la alimentaci\u00f3n con biber\u00f3n. Cuenta con un sistema Antic\u00f3licos respaldado por nuestra tecnolog\u00eda especializada de Sistema de Ventilaci\u00f3n de Aire (AVS), que reduce la ingesta de gas, la cu\u00e1l es una posible causa de c\u00f3licos.<\/li>\n<\/ul>\n<\/div>\n<\/div>\n<div class=\"elementor-element elementor-element-2e3254a6 elementor-widget elementor-widget-heading\" data-id=\"2e3254a6\" data-element_type=\"widget\" data-widget_type=\"heading.default\">\n<div class=\"elementor-widget-container\">\n<h3 class=\"elementor-heading-title elementor-size-default\">Instrucciones de uso y limpieza<\/h3>\n<\/div>\n<\/div>\n<div class=\"elementor-element elementor-element-11f1b840 elementor-widget elementor-widget-text-editor\" data-id=\"11f1b840\" data-element_type=\"widget\" data-widget_type=\"text-editor.default\">\n<div class=\"elementor-widget-container\">\n<ul>\n<li>Lavar bien antes de cada uso. Puede esterilizarse en agua hirviendo o con un esterilizador especializado. Verificar que la tetina est\u00e9 en buen estado antes de cada uso.<\/li>\n<\/ul>\n<\/div>\n<\/div>\n","protected":false},"excerpt":{"rendered":"<p>Caracter\u00edsticas principales Precio:\u00a0Q120.00 Marca:\u00a0Pigeon Presentaci\u00f3n:\u00a0Botella pl\u00e1stica con tetina Softouch, capacidad de 240 ml Edad recomendada: Desde los 3 meses Cracter\u00edsticas principales Tetina tama\u00f1o M Agujero en Y Sistema anti c\u00f3licos. Material seguro y libre de BPA Dise\u00f1o ergon\u00f3mico para f\u00e1cil agarre Beneficios Imitaci\u00f3n del pecho materno para una alimentaci\u00f3n m\u00e1s natural Ayuda a reducir el [&hellip;]<\/p>\n","protected":false},"featured_media":471,"comment_status":"open","ping_status":"closed","template":"","meta":[],"product_brand":[28],"product_cat":[27],"product_tag":[],"class_list":{"0":"post-1589","1":"product","2":"type-product","3":"status-publish","4":"has-post-thumbnail","6":"product_brand-pigeon","7":"product_cat-biberones","9":"first","10":"instock","11":"shipping-taxable","12":"product-type-simple"},"_links":{"self":[{"href":"https:\/\/grupotoa.website\/stuff\/legadodeamor\/wp-json\/wp\/v2\/product\/1589","targetHints":{"allow":["GET"]}}],"collection":[{"href":"https:\/\/grupotoa.website\/stuff\/legadodeamor\/wp-json\/wp\/v2\/product"}],"about":[{"href":"https:\/\/grupotoa.website\/stuff\/legadodeamor\/wp-json\/wp\/v2\/types\/product"}],"replies":[{"embeddable":true,"href":"https:\/\/grupotoa.website\/stuff\/legadodeamor\/wp-json\/wp\/v2\/comments?post=1589"}],"wp:featuredmedia":[{"embeddable":true,"href":"https:\/\/grupotoa.website\/stuff\/legadodeamor\/wp-json\/wp\/v2\/media\/471"}],"wp:attachment":[{"href":"https:\/\/grupotoa.website\/stuff\/legadodeamor\/wp-json\/wp\/v2\/media?parent=1589"}],"wp:term":[{"taxonomy":"product_brand","embeddable":true,"href":"https:\/\/grupotoa.website\/stuff\/legadodeamor\/wp-json\/wp\/v2\/product_brand?post=1589"},{"taxonomy":"product_cat","embeddable":true,"href":"https:\/\/grupotoa.website\/stuff\/legadodeamor\/wp-json\/wp\/v2\/product_cat?post=1589"},{"taxonomy":"product_tag","embeddable":true,"href":"https:\/\/grupotoa.website\/stuff\/legadodeamor\/wp-json\/wp\/v2\/product_tag?post=1589"}],"curies":[{"name":"wp","href":"https:\/\/api.w.org\/{rel}","templated":true}]}}