{"id":1591,"date":"2025-09-18T23:29:59","date_gmt":"2025-09-18T21:29:59","guid":{"rendered":"https:\/\/grupotoa.website\/stuff\/legadodeamor\/?post_type=product&#038;p=1591"},"modified":"2025-09-18T23:30:08","modified_gmt":"2025-09-18T21:30:08","slug":"biberon-softouch-pigeon-330-ml","status":"publish","type":"product","link":"https:\/\/grupotoa.website\/stuff\/legadodeamor\/producto\/biberon-softouch-pigeon-330-ml\/","title":{"rendered":"Biber\u00f3n Softouch Pigeon 330 ml"},"content":{"rendered":"<div class=\"elementor-element elementor-element-26bf93b elementor-widget elementor-widget-heading\" data-id=\"26bf93b\" data-element_type=\"widget\" data-widget_type=\"heading.default\">\n<div class=\"elementor-widget-container\">\n<h3 class=\"elementor-heading-title elementor-size-default\">Caracter\u00edsticas principales<\/h3>\n<\/div>\n<\/div>\n<div class=\"elementor-element elementor-element-145368aa elementor-widget elementor-widget-text-editor\" data-id=\"145368aa\" data-element_type=\"widget\" data-widget_type=\"text-editor.default\">\n<div class=\"elementor-widget-container\">\n<ul>\n<li><strong>Precio:<\/strong>\u00a0Q130.00<\/li>\n<li><strong>Marca:<\/strong>\u00a0Pigeon<\/li>\n<li><strong>Presentaci\u00f3n:<\/strong>\u00a0Fabricado en polipropileno (PP) sin BPA, garantizando seguridad durante su uso.<\/li>\n<li><strong>Edad recomendada:<\/strong>\u00a0A partir de los 6 a 9 meses<\/li>\n<li>Caracter\u00edsticas principales<\/li>\n<li><strong>Tetina Natural Plus:<\/strong>\u00a0Suave y flexible, dise\u00f1ada para replicar el movimiento natural de la lengua del beb\u00e9.<\/li>\n<li>Sistema de ventilaci\u00f3n de aire (AVS)<\/li>\n<li>Dise\u00f1o ergon\u00f3mico<\/li>\n<li>F\u00e1cil de limpiar<\/li>\n<\/ul>\n<\/div>\n<\/div>\n<div class=\"elementor-element elementor-element-421c6b28 elementor-widget elementor-widget-heading\" data-id=\"421c6b28\" data-element_type=\"widget\" data-widget_type=\"heading.default\">\n<div class=\"elementor-widget-container\">\n<h3 class=\"elementor-heading-title elementor-size-default\">Beneficios<\/h3>\n<\/div>\n<\/div>\n<div class=\"elementor-element elementor-element-66e44fdd elementor-widget elementor-widget-text-editor\" data-id=\"66e44fdd\" data-element_type=\"widget\" data-widget_type=\"text-editor.default\">\n<div class=\"elementor-widget-container\">\n<ul>\n<li>Favorece el ritmo natural de succi\u00f3n<\/li>\n<li>Transici\u00f3n suave entre la lactancia materna y el uso del biber\u00f3n.<\/li>\n<li>La simulaci\u00f3n real del enganche permite combinar la lactancia materna y la alimentaci\u00f3n con biber\u00f3n. Cuenta con un sistema Antic\u00f3licos respaldado por nuestra tecnolog\u00eda especializada de Sistema de Ventilaci\u00f3n de Aire (AVS), que reduce la ingesta de gas, la cu\u00e1l es una posible causa de c\u00f3licos.<\/li>\n<\/ul>\n<\/div>\n<\/div>\n<div class=\"elementor-element elementor-element-322060a6 elementor-widget elementor-widget-heading\" data-id=\"322060a6\" data-element_type=\"widget\" data-widget_type=\"heading.default\">\n<div class=\"elementor-widget-container\">\n<h3 class=\"elementor-heading-title elementor-size-default\">Instrucciones de uso y limpieza<\/h3>\n<\/div>\n<\/div>\n<div class=\"elementor-element elementor-element-4c40c75f elementor-widget elementor-widget-text-editor\" data-id=\"4c40c75f\" data-element_type=\"widget\" data-widget_type=\"text-editor.default\">\n<div class=\"elementor-widget-container\">\n<ul>\n<li>Desmontar todas las partes, enjuagar, lavar a mano o en lavavajillas, esterilizaci\u00f3n y secado.<\/li>\n<\/ul>\n<\/div>\n<\/div>\n","protected":false},"excerpt":{"rendered":"<p>Caracter\u00edsticas principales Precio:\u00a0Q130.00 Marca:\u00a0Pigeon Presentaci\u00f3n:\u00a0Fabricado en polipropileno (PP) sin BPA, garantizando seguridad durante su uso. Edad recomendada:\u00a0A partir de los 6 a 9 meses Caracter\u00edsticas principales Tetina Natural Plus:\u00a0Suave y flexible, dise\u00f1ada para replicar el movimiento natural de la lengua del beb\u00e9. Sistema de ventilaci\u00f3n de aire (AVS) Dise\u00f1o ergon\u00f3mico F\u00e1cil de limpiar Beneficios Favorece [&hellip;]<\/p>\n","protected":false},"featured_media":525,"comment_status":"open","ping_status":"closed","template":"","meta":[],"product_brand":[28],"product_cat":[27],"product_tag":[],"class_list":{"0":"post-1591","1":"product","2":"type-product","3":"status-publish","4":"has-post-thumbnail","6":"product_brand-pigeon","7":"product_cat-biberones","9":"first","10":"instock","11":"shipping-taxable","12":"product-type-simple"},"_links":{"self":[{"href":"https:\/\/grupotoa.website\/stuff\/legadodeamor\/wp-json\/wp\/v2\/product\/1591","targetHints":{"allow":["GET"]}}],"collection":[{"href":"https:\/\/grupotoa.website\/stuff\/legadodeamor\/wp-json\/wp\/v2\/product"}],"about":[{"href":"https:\/\/grupotoa.website\/stuff\/legadodeamor\/wp-json\/wp\/v2\/types\/product"}],"replies":[{"embeddable":true,"href":"https:\/\/grupotoa.website\/stuff\/legadodeamor\/wp-json\/wp\/v2\/comments?post=1591"}],"wp:featuredmedia":[{"embeddable":true,"href":"https:\/\/grupotoa.website\/stuff\/legadodeamor\/wp-json\/wp\/v2\/media\/525"}],"wp:attachment":[{"href":"https:\/\/grupotoa.website\/stuff\/legadodeamor\/wp-json\/wp\/v2\/media?parent=1591"}],"wp:term":[{"taxonomy":"product_brand","embeddable":true,"href":"https:\/\/grupotoa.website\/stuff\/legadodeamor\/wp-json\/wp\/v2\/product_brand?post=1591"},{"taxonomy":"product_cat","embeddable":true,"href":"https:\/\/grupotoa.website\/stuff\/legadodeamor\/wp-json\/wp\/v2\/product_cat?post=1591"},{"taxonomy":"product_tag","embeddable":true,"href":"https:\/\/grupotoa.website\/stuff\/legadodeamor\/wp-json\/wp\/v2\/product_tag?post=1591"}],"curies":[{"name":"wp","href":"https:\/\/api.w.org\/{rel}","templated":true}]}}