{"id":1600,"date":"2025-09-18T23:40:27","date_gmt":"2025-09-18T21:40:27","guid":{"rendered":"https:\/\/grupotoa.website\/stuff\/legadodeamor\/?post_type=product&#038;p=1600"},"modified":"2025-09-18T23:40:27","modified_gmt":"2025-09-18T21:40:27","slug":"biberones-bpa-free-boca-ancha-8onz-flujo-medio","status":"publish","type":"product","link":"https:\/\/grupotoa.website\/stuff\/legadodeamor\/producto\/biberones-bpa-free-boca-ancha-8onz-flujo-medio\/","title":{"rendered":"Biberones BPA Free Boca Ancha 8onz Flujo Medio"},"content":{"rendered":"<div class=\"elementor-element elementor-element-27faf1c elementor-widget elementor-widget-heading\" data-id=\"27faf1c\" data-element_type=\"widget\" data-widget_type=\"heading.default\">\n<div class=\"elementor-widget-container\">\n<h3 class=\"elementor-heading-title elementor-size-default\">Caracter\u00edsticas principales<\/h3>\n<\/div>\n<\/div>\n<div class=\"elementor-element elementor-element-520ccd3e elementor-widget elementor-widget-text-editor\" data-id=\"520ccd3e\" data-element_type=\"widget\" data-widget_type=\"text-editor.default\">\n<div class=\"elementor-widget-container\">\n<ul>\n<li><strong>Precio:<\/strong>\u00a0Q140.00<\/li>\n<li><strong>Marca:<\/strong>\u00a0Lansinoh<\/li>\n<li><strong>Presentaci\u00f3n:<\/strong>\u00a0Fabricado en polipropileno libre de BPA\/BPS, garantizando la seguridad del beb\u00e9.<\/li>\n<li><strong>Edad recomendada:<\/strong>\u00a0Beb\u00e9s de 3 a 6 meses de edad.<\/li>\n<li>Especialmente aquellos que han sido alimentados con leche materna y est\u00e1n listos para una mayor ingesta de l\u00edquidos.<\/li>\n<li>Dise\u00f1o ergon\u00f3mico.<\/li>\n<li><strong>Tetina NaturalWave\u00ae:<\/strong>\u00a0Dise\u00f1ada para promover los mismos movimientos naturales de succi\u00f3n que el beb\u00e9 aprende durante la lactancia materna, facilitando la transici\u00f3n entre el pecho y el biber\u00f3n.<\/li>\n<\/ul>\n<\/div>\n<\/div>\n<div class=\"elementor-element elementor-element-4a8e62c8 elementor-widget elementor-widget-heading\" data-id=\"4a8e62c8\" data-element_type=\"widget\" data-widget_type=\"heading.default\">\n<div class=\"elementor-widget-container\">\n<h3 class=\"elementor-heading-title elementor-size-default\">Beneficios<\/h3>\n<\/div>\n<\/div>\n<div class=\"elementor-element elementor-element-51ae840 elementor-widget elementor-widget-text-editor\" data-id=\"51ae840\" data-element_type=\"widget\" data-widget_type=\"text-editor.default\">\n<div class=\"elementor-widget-container\">\n<ul>\n<li>Esterilizaci\u00f3n segura.<\/li>\n<li>Fabricado con 100% silicona para la tetina y polipropileno para el biber\u00f3n, ambos libres de BPA y BPS, garantizando la seguridad del beb\u00e9.<\/li>\n<\/ul>\n<\/div>\n<\/div>\n<div class=\"elementor-element elementor-element-1444b98d elementor-widget elementor-widget-heading\" data-id=\"1444b98d\" data-element_type=\"widget\" data-widget_type=\"heading.default\">\n<div class=\"elementor-widget-container\">\n<h3 class=\"elementor-heading-title elementor-size-default\">Instrucciones de uso y limpieza<\/h3>\n<\/div>\n<\/div>\n<div class=\"elementor-element elementor-element-6841adee elementor-widget elementor-widget-text-editor\" data-id=\"6841adee\" data-element_type=\"widget\" data-widget_type=\"text-editor.default\">\n<div class=\"elementor-widget-container\">\n<ul>\n<li>Apto para lavavajillas, facilitando su limpieza y mantenimiento.<\/li>\n<\/ul>\n<\/div>\n<\/div>\n","protected":false},"excerpt":{"rendered":"<p>Caracter\u00edsticas principales Precio:\u00a0Q140.00 Marca:\u00a0Lansinoh Presentaci\u00f3n:\u00a0Fabricado en polipropileno libre de BPA\/BPS, garantizando la seguridad del beb\u00e9. Edad recomendada:\u00a0Beb\u00e9s de 3 a 6 meses de edad. Especialmente aquellos que han sido alimentados con leche materna y est\u00e1n listos para una mayor ingesta de l\u00edquidos. Dise\u00f1o ergon\u00f3mico. Tetina NaturalWave\u00ae:\u00a0Dise\u00f1ada para promover los mismos movimientos naturales de succi\u00f3n que [&hellip;]<\/p>\n","protected":false},"featured_media":597,"comment_status":"open","ping_status":"closed","template":"","meta":[],"product_brand":[29],"product_cat":[27],"product_tag":[],"class_list":{"0":"post-1600","1":"product","2":"type-product","3":"status-publish","4":"has-post-thumbnail","6":"product_brand-lansinoh","7":"product_cat-biberones","9":"first","10":"instock","11":"shipping-taxable","12":"product-type-simple"},"_links":{"self":[{"href":"https:\/\/grupotoa.website\/stuff\/legadodeamor\/wp-json\/wp\/v2\/product\/1600","targetHints":{"allow":["GET"]}}],"collection":[{"href":"https:\/\/grupotoa.website\/stuff\/legadodeamor\/wp-json\/wp\/v2\/product"}],"about":[{"href":"https:\/\/grupotoa.website\/stuff\/legadodeamor\/wp-json\/wp\/v2\/types\/product"}],"replies":[{"embeddable":true,"href":"https:\/\/grupotoa.website\/stuff\/legadodeamor\/wp-json\/wp\/v2\/comments?post=1600"}],"wp:featuredmedia":[{"embeddable":true,"href":"https:\/\/grupotoa.website\/stuff\/legadodeamor\/wp-json\/wp\/v2\/media\/597"}],"wp:attachment":[{"href":"https:\/\/grupotoa.website\/stuff\/legadodeamor\/wp-json\/wp\/v2\/media?parent=1600"}],"wp:term":[{"taxonomy":"product_brand","embeddable":true,"href":"https:\/\/grupotoa.website\/stuff\/legadodeamor\/wp-json\/wp\/v2\/product_brand?post=1600"},{"taxonomy":"product_cat","embeddable":true,"href":"https:\/\/grupotoa.website\/stuff\/legadodeamor\/wp-json\/wp\/v2\/product_cat?post=1600"},{"taxonomy":"product_tag","embeddable":true,"href":"https:\/\/grupotoa.website\/stuff\/legadodeamor\/wp-json\/wp\/v2\/product_tag?post=1600"}],"curies":[{"name":"wp","href":"https:\/\/api.w.org\/{rel}","templated":true}]}}