{"id":1601,"date":"2025-09-18T23:41:48","date_gmt":"2025-09-18T21:41:48","guid":{"rendered":"https:\/\/grupotoa.website\/stuff\/legadodeamor\/?post_type=product&#038;p=1601"},"modified":"2025-09-18T23:41:48","modified_gmt":"2025-09-18T21:41:48","slug":"biberon-9oz-o-260ml-color-rosado-natural-response","status":"publish","type":"product","link":"https:\/\/grupotoa.website\/stuff\/legadodeamor\/producto\/biberon-9oz-o-260ml-color-rosado-natural-response\/","title":{"rendered":"Biber\u00f3n 9oz o 260ml color Rosado, Natural Response"},"content":{"rendered":"<div class=\"elementor-element elementor-element-2abe4274 elementor-widget elementor-widget-heading\" data-id=\"2abe4274\" data-element_type=\"widget\" data-widget_type=\"heading.default\">\n<div class=\"elementor-widget-container\">\n<h3 class=\"elementor-heading-title elementor-size-default\">Caracter\u00edsticas principales<\/h3>\n<\/div>\n<\/div>\n<div class=\"elementor-element elementor-element-3d3d98af elementor-widget elementor-widget-text-editor\" data-id=\"3d3d98af\" data-element_type=\"widget\" data-widget_type=\"text-editor.default\">\n<div class=\"elementor-widget-container\">\n<ul>\n<li><strong>Precio:<\/strong>\u00a0Q140.00<\/li>\n<li><strong>Marca:<\/strong>\u00a0Philips Avent<\/li>\n<li><strong>Presentaci\u00f3n:<\/strong>\u00a0Fabricado en polipropileno (PP) sin BPA, garantizando seguridad y durabilidad.<\/li>\n<li><strong>Edad recomendada:<\/strong>\u00a0Flujo 3, a partir de un mes<\/li>\n<li>V\u00e1lvula Antic\u00f3licos<\/li>\n<li>Dise\u00f1o antigoeto de la tetina con forma de pecho<\/li>\n<li>0% BPA<\/li>\n<\/ul>\n<\/div>\n<\/div>\n<div class=\"elementor-element elementor-element-5b1edfb0 elementor-widget elementor-widget-heading\" data-id=\"5b1edfb0\" data-element_type=\"widget\" data-widget_type=\"heading.default\">\n<div class=\"elementor-widget-container\">\n<h3 class=\"elementor-heading-title elementor-size-default\">Beneficios<\/h3>\n<\/div>\n<\/div>\n<div class=\"elementor-element elementor-element-23b726e0 elementor-widget elementor-widget-text-editor\" data-id=\"23b726e0\" data-element_type=\"widget\" data-widget_type=\"text-editor.default\">\n<div class=\"elementor-widget-container\">\n<ul>\n<li>Permite al beb\u00e9 succionar, tragar y respirar de manera natural. As\u00ed combinar la lactancia materna y el biber\u00f3n resulta muy f\u00e1cil.<\/li>\n<\/ul>\n<\/div>\n<\/div>\n","protected":false},"excerpt":{"rendered":"<p>Caracter\u00edsticas principales Precio:\u00a0Q140.00 Marca:\u00a0Philips Avent Presentaci\u00f3n:\u00a0Fabricado en polipropileno (PP) sin BPA, garantizando seguridad y durabilidad. Edad recomendada:\u00a0Flujo 3, a partir de un mes V\u00e1lvula Antic\u00f3licos Dise\u00f1o antigoeto de la tetina con forma de pecho 0% BPA Beneficios Permite al beb\u00e9 succionar, tragar y respirar de manera natural. As\u00ed combinar la lactancia materna y el biber\u00f3n [&hellip;]<\/p>\n","protected":false},"featured_media":553,"comment_status":"open","ping_status":"closed","template":"","meta":[],"product_brand":[29],"product_cat":[27],"product_tag":[],"class_list":{"0":"post-1601","1":"product","2":"type-product","3":"status-publish","4":"has-post-thumbnail","6":"product_brand-lansinoh","7":"product_cat-biberones","9":"first","10":"instock","11":"shipping-taxable","12":"product-type-simple"},"_links":{"self":[{"href":"https:\/\/grupotoa.website\/stuff\/legadodeamor\/wp-json\/wp\/v2\/product\/1601","targetHints":{"allow":["GET"]}}],"collection":[{"href":"https:\/\/grupotoa.website\/stuff\/legadodeamor\/wp-json\/wp\/v2\/product"}],"about":[{"href":"https:\/\/grupotoa.website\/stuff\/legadodeamor\/wp-json\/wp\/v2\/types\/product"}],"replies":[{"embeddable":true,"href":"https:\/\/grupotoa.website\/stuff\/legadodeamor\/wp-json\/wp\/v2\/comments?post=1601"}],"wp:featuredmedia":[{"embeddable":true,"href":"https:\/\/grupotoa.website\/stuff\/legadodeamor\/wp-json\/wp\/v2\/media\/553"}],"wp:attachment":[{"href":"https:\/\/grupotoa.website\/stuff\/legadodeamor\/wp-json\/wp\/v2\/media?parent=1601"}],"wp:term":[{"taxonomy":"product_brand","embeddable":true,"href":"https:\/\/grupotoa.website\/stuff\/legadodeamor\/wp-json\/wp\/v2\/product_brand?post=1601"},{"taxonomy":"product_cat","embeddable":true,"href":"https:\/\/grupotoa.website\/stuff\/legadodeamor\/wp-json\/wp\/v2\/product_cat?post=1601"},{"taxonomy":"product_tag","embeddable":true,"href":"https:\/\/grupotoa.website\/stuff\/legadodeamor\/wp-json\/wp\/v2\/product_tag?post=1601"}],"curies":[{"name":"wp","href":"https:\/\/api.w.org\/{rel}","templated":true}]}}