{"id":1606,"date":"2025-09-18T23:45:38","date_gmt":"2025-09-18T21:45:38","guid":{"rendered":"https:\/\/grupotoa.website\/stuff\/legadodeamor\/?post_type=product&#038;p=1606"},"modified":"2025-09-18T23:45:38","modified_gmt":"2025-09-18T21:45:38","slug":"set-de-recien-nacido-natural-response-3-0-transparente","status":"publish","type":"product","link":"https:\/\/grupotoa.website\/stuff\/legadodeamor\/producto\/set-de-recien-nacido-natural-response-3-0-transparente\/","title":{"rendered":"Set de reci\u00e9n nacido Natural Response 3.0, transparente"},"content":{"rendered":"<div class=\"elementor-element elementor-element-6490f173 elementor-widget elementor-widget-heading\" data-id=\"6490f173\" data-element_type=\"widget\" data-widget_type=\"heading.default\">\n<div class=\"elementor-widget-container\">\n<h3 class=\"elementor-heading-title elementor-size-default\">Caracter\u00edsticas principales<\/h3>\n<\/div>\n<\/div>\n<div class=\"elementor-element elementor-element-984991a elementor-widget elementor-widget-text-editor\" data-id=\"984991a\" data-element_type=\"widget\" data-widget_type=\"text-editor.default\">\n<div class=\"elementor-widget-container\">\n<ul>\n<li><strong>Precio:<\/strong>\u00a0Q550.00<\/li>\n<li><strong>Marca:<\/strong>\u00a0Philips Avent<\/li>\n<li><strong>Presentaci\u00f3n:<\/strong>\u00a0Fabricado en polipropileno libre de BPA\/BPS, garantizando la seguridad del beb\u00e9.<\/li>\n<li><strong>Edad recomendada:<\/strong>\u00a0Est\u00e1 dise\u00f1ado para beb\u00e9s desde el nacimiento (0 meses en adelante).<\/li>\n<li>Incluye biberones de diferentes capacidades, mam\u00f3n y cepillo de limpieza.<\/li>\n<li>Flujo natural que imita la lactancia materna.<\/li>\n<li>V\u00e1lvula AirFree para reducir c\u00f3licos y gases.<\/li>\n<li>Mamila de respuesta natural que facilita la alimentaci\u00f3n.<\/li>\n<li>Ideal como regalo para reci\u00e9n nacidos.<\/li>\n<li>Fabricado sin BPA, garantizando la seguridad del beb\u00e9.<\/li>\n<li>Dise\u00f1o antigoteo.<\/li>\n<\/ul>\n<\/div>\n<\/div>\n<div class=\"elementor-element elementor-element-68a8be85 elementor-widget elementor-widget-heading\" data-id=\"68a8be85\" data-element_type=\"widget\" data-widget_type=\"heading.default\">\n<div class=\"elementor-widget-container\">\n<h3 class=\"elementor-heading-title elementor-size-default\">Beneficios<\/h3>\n<\/div>\n<\/div>\n<div class=\"elementor-element elementor-element-6a6e5525 elementor-widget elementor-widget-text-editor\" data-id=\"6a6e5525\" data-element_type=\"widget\" data-widget_type=\"text-editor.default\">\n<div class=\"elementor-widget-container\">\n<ul>\n<li>Esterilizaci\u00f3n segura.<\/li>\n<li>Fabricado con 100% silicona para la tetina y polipropileno.<\/li>\n<\/ul>\n<\/div>\n<\/div>\n<div class=\"elementor-element elementor-element-1e0c3118 elementor-widget elementor-widget-heading\" data-id=\"1e0c3118\" data-element_type=\"widget\" data-widget_type=\"heading.default\">\n<div class=\"elementor-widget-container\">\n<h3 class=\"elementor-heading-title elementor-size-default\">Instrucciones de uso y limpieza<\/h3>\n<\/div>\n<\/div>\n<div class=\"elementor-element elementor-element-7cf49c56 elementor-widget elementor-widget-text-editor\" data-id=\"7cf49c56\" data-element_type=\"widget\" data-widget_type=\"text-editor.default\">\n<div class=\"elementor-widget-container\">\n<ul>\n<li>Lavado a mano o lavavajillas, utilizar cepillo y jab\u00f3n suave.<\/li>\n<\/ul>\n<\/div>\n<\/div>\n","protected":false},"excerpt":{"rendered":"<p>Caracter\u00edsticas principales Precio:\u00a0Q550.00 Marca:\u00a0Philips Avent Presentaci\u00f3n:\u00a0Fabricado en polipropileno libre de BPA\/BPS, garantizando la seguridad del beb\u00e9. Edad recomendada:\u00a0Est\u00e1 dise\u00f1ado para beb\u00e9s desde el nacimiento (0 meses en adelante). Incluye biberones de diferentes capacidades, mam\u00f3n y cepillo de limpieza. Flujo natural que imita la lactancia materna. V\u00e1lvula AirFree para reducir c\u00f3licos y gases. Mamila de respuesta [&hellip;]<\/p>\n","protected":false},"featured_media":580,"comment_status":"open","ping_status":"closed","template":"","meta":[],"product_brand":[30],"product_cat":[27],"product_tag":[],"class_list":{"0":"post-1606","1":"product","2":"type-product","3":"status-publish","4":"has-post-thumbnail","6":"product_brand-philips","7":"product_cat-biberones","9":"first","10":"instock","11":"shipping-taxable","12":"product-type-simple"},"_links":{"self":[{"href":"https:\/\/grupotoa.website\/stuff\/legadodeamor\/wp-json\/wp\/v2\/product\/1606","targetHints":{"allow":["GET"]}}],"collection":[{"href":"https:\/\/grupotoa.website\/stuff\/legadodeamor\/wp-json\/wp\/v2\/product"}],"about":[{"href":"https:\/\/grupotoa.website\/stuff\/legadodeamor\/wp-json\/wp\/v2\/types\/product"}],"replies":[{"embeddable":true,"href":"https:\/\/grupotoa.website\/stuff\/legadodeamor\/wp-json\/wp\/v2\/comments?post=1606"}],"wp:featuredmedia":[{"embeddable":true,"href":"https:\/\/grupotoa.website\/stuff\/legadodeamor\/wp-json\/wp\/v2\/media\/580"}],"wp:attachment":[{"href":"https:\/\/grupotoa.website\/stuff\/legadodeamor\/wp-json\/wp\/v2\/media?parent=1606"}],"wp:term":[{"taxonomy":"product_brand","embeddable":true,"href":"https:\/\/grupotoa.website\/stuff\/legadodeamor\/wp-json\/wp\/v2\/product_brand?post=1606"},{"taxonomy":"product_cat","embeddable":true,"href":"https:\/\/grupotoa.website\/stuff\/legadodeamor\/wp-json\/wp\/v2\/product_cat?post=1606"},{"taxonomy":"product_tag","embeddable":true,"href":"https:\/\/grupotoa.website\/stuff\/legadodeamor\/wp-json\/wp\/v2\/product_tag?post=1606"}],"curies":[{"name":"wp","href":"https:\/\/api.w.org\/{rel}","templated":true}]}}