{"id":1607,"date":"2025-09-18T23:47:07","date_gmt":"2025-09-18T21:47:07","guid":{"rendered":"https:\/\/grupotoa.website\/stuff\/legadodeamor\/?post_type=product&#038;p=1607"},"modified":"2025-09-18T23:47:07","modified_gmt":"2025-09-18T21:47:07","slug":"duo-biberones-anticolicos-11onz-3m-transparente","status":"publish","type":"product","link":"https:\/\/grupotoa.website\/stuff\/legadodeamor\/producto\/duo-biberones-anticolicos-11onz-3m-transparente\/","title":{"rendered":"Duo Biberones Antic\u00f3licos 11onz 3m+ transparente"},"content":{"rendered":"<div class=\"elementor-element elementor-element-1340e096 elementor-widget elementor-widget-heading\" data-id=\"1340e096\" data-element_type=\"widget\" data-widget_type=\"heading.default\">\n<div class=\"elementor-widget-container\">\n<h3 class=\"elementor-heading-title elementor-size-default\">Caracter\u00edsticas principales<\/h3>\n<\/div>\n<\/div>\n<div class=\"elementor-element elementor-element-61876922 elementor-widget elementor-widget-text-editor\" data-id=\"61876922\" data-element_type=\"widget\" data-widget_type=\"text-editor.default\">\n<div class=\"elementor-widget-container\">\n<ul>\n<li><strong>Precio:<\/strong>\u00a0Q254.00<\/li>\n<li><strong>Marca:<\/strong>\u00a0Philips Avent<\/li>\n<li><strong>Presentaci\u00f3n:<\/strong>\u00a0Fabricado en polipropileno libre de BPA\/BPS, garantizando la seguridad del beb\u00e9.<\/li>\n<\/ul>\n<ul>\n<li><strong>Edad recomendada:<\/strong>\u00a0Est\u00e1 dise\u00f1ado para beb\u00e9s a partir de los 3 meses.<\/li>\n<li>V\u00e1lvula antic\u00f3licos \u00fanica. Est\u00e1 clinicamente probada y dise\u00f1ada para reducir la ingesta de aire.<\/li>\n<li>Clinicamente probado. Estudios cl\u00ednicos han mostrado que el biber\u00f3n de Philips Avent reduce los c\u00f3licos y la irritabilidad.<\/li>\n<li>F\u00e1cil de Limpiar. Pocas piezas para facilitar la limpieza y el montaje.<\/li>\n<li>Cierre Seguro: La tetina est\u00e1 dise\u00f1ada para no colapsarse, para un cierre seguro y una alimentaci\u00f3n ininterrumpida.<\/li>\n<\/ul>\n<\/div>\n<\/div>\n","protected":false},"excerpt":{"rendered":"<p>Caracter\u00edsticas principales Precio:\u00a0Q254.00 Marca:\u00a0Philips Avent Presentaci\u00f3n:\u00a0Fabricado en polipropileno libre de BPA\/BPS, garantizando la seguridad del beb\u00e9. Edad recomendada:\u00a0Est\u00e1 dise\u00f1ado para beb\u00e9s a partir de los 3 meses. V\u00e1lvula antic\u00f3licos \u00fanica. Est\u00e1 clinicamente probada y dise\u00f1ada para reducir la ingesta de aire. Clinicamente probado. Estudios cl\u00ednicos han mostrado que el biber\u00f3n de Philips Avent reduce los [&hellip;]<\/p>\n","protected":false},"featured_media":584,"comment_status":"open","ping_status":"closed","template":"","meta":[],"product_brand":[30],"product_cat":[27],"product_tag":[],"class_list":{"0":"post-1607","1":"product","2":"type-product","3":"status-publish","4":"has-post-thumbnail","6":"product_brand-philips","7":"product_cat-biberones","9":"first","10":"instock","11":"shipping-taxable","12":"product-type-simple"},"_links":{"self":[{"href":"https:\/\/grupotoa.website\/stuff\/legadodeamor\/wp-json\/wp\/v2\/product\/1607","targetHints":{"allow":["GET"]}}],"collection":[{"href":"https:\/\/grupotoa.website\/stuff\/legadodeamor\/wp-json\/wp\/v2\/product"}],"about":[{"href":"https:\/\/grupotoa.website\/stuff\/legadodeamor\/wp-json\/wp\/v2\/types\/product"}],"replies":[{"embeddable":true,"href":"https:\/\/grupotoa.website\/stuff\/legadodeamor\/wp-json\/wp\/v2\/comments?post=1607"}],"wp:featuredmedia":[{"embeddable":true,"href":"https:\/\/grupotoa.website\/stuff\/legadodeamor\/wp-json\/wp\/v2\/media\/584"}],"wp:attachment":[{"href":"https:\/\/grupotoa.website\/stuff\/legadodeamor\/wp-json\/wp\/v2\/media?parent=1607"}],"wp:term":[{"taxonomy":"product_brand","embeddable":true,"href":"https:\/\/grupotoa.website\/stuff\/legadodeamor\/wp-json\/wp\/v2\/product_brand?post=1607"},{"taxonomy":"product_cat","embeddable":true,"href":"https:\/\/grupotoa.website\/stuff\/legadodeamor\/wp-json\/wp\/v2\/product_cat?post=1607"},{"taxonomy":"product_tag","embeddable":true,"href":"https:\/\/grupotoa.website\/stuff\/legadodeamor\/wp-json\/wp\/v2\/product_tag?post=1607"}],"curies":[{"name":"wp","href":"https:\/\/api.w.org\/{rel}","templated":true}]}}