{"id":1665,"date":"2025-09-19T00:44:50","date_gmt":"2025-09-18T22:44:50","guid":{"rendered":"https:\/\/grupotoa.website\/stuff\/legadodeamor\/?post_type=product&#038;p=1665"},"modified":"2025-09-19T00:45:15","modified_gmt":"2025-09-18T22:45:15","slug":"4-biberones-para-almacenaje-de-4onz","status":"publish","type":"product","link":"https:\/\/grupotoa.website\/stuff\/legadodeamor\/producto\/4-biberones-para-almacenaje-de-4onz\/","title":{"rendered":"4 Biberones para almacenaje de 4onz"},"content":{"rendered":"<div class=\"elementor-element elementor-element-25452925 elementor-widget elementor-widget-heading\" data-id=\"25452925\" data-element_type=\"widget\" data-widget_type=\"heading.default\">\n<div class=\"elementor-widget-container\">\n<h3 class=\"elementor-heading-title elementor-size-default\">Caracter\u00edsticas principales<\/h3>\n<\/div>\n<\/div>\n<div class=\"elementor-element elementor-element-3f6caaf9 elementor-widget elementor-widget-text-editor\" data-id=\"3f6caaf9\" data-element_type=\"widget\" data-widget_type=\"text-editor.default\">\n<div class=\"elementor-widget-container\">\n<ul>\n<li><strong>Precio:<\/strong>\u00a0Q100.00<\/li>\n<li><strong>Marca:<\/strong>\u00a0Dr. Brown\u00b4s<\/li>\n<li>Almacena, refrigera y congela en cada bote almacenador que est\u00e1 claramente marcado para medir el volumen de leche recolectada, con capacidad para 4 oz \/120 ml de leche materna.<\/li>\n<li>Cuando llegue el momento de alimentar al beb\u00e9, simplemente agregue las partes del biber\u00f3n y la tetina Dr. Brown\u2019s (se venden por separado).<\/li>\n<li>Incluye tapas de viaje de almacenamiento herm\u00e9ticas, transporta y almacena f\u00e1cilmente. F\u00e1cil de lavar y esterilizar.<\/li>\n<\/ul>\n<\/div>\n<\/div>\n","protected":false},"excerpt":{"rendered":"<p>Caracter\u00edsticas principales Precio:\u00a0Q100.00 Marca:\u00a0Dr. Brown\u00b4s Almacena, refrigera y congela en cada bote almacenador que est\u00e1 claramente marcado para medir el volumen de leche recolectada, con capacidad para 4 oz \/120 ml de leche materna. Cuando llegue el momento de alimentar al beb\u00e9, simplemente agregue las partes del biber\u00f3n y la tetina Dr. Brown\u2019s (se venden [&hellip;]<\/p>\n","protected":false},"featured_media":665,"comment_status":"open","ping_status":"closed","template":"","meta":[],"product_brand":[31],"product_cat":[34],"product_tag":[],"class_list":{"0":"post-1665","1":"product","2":"type-product","3":"status-publish","4":"has-post-thumbnail","6":"product_brand-dr-browns","7":"product_cat-bolsas-para-leche-materna","9":"first","10":"instock","11":"shipping-taxable","12":"product-type-simple"},"_links":{"self":[{"href":"https:\/\/grupotoa.website\/stuff\/legadodeamor\/wp-json\/wp\/v2\/product\/1665","targetHints":{"allow":["GET"]}}],"collection":[{"href":"https:\/\/grupotoa.website\/stuff\/legadodeamor\/wp-json\/wp\/v2\/product"}],"about":[{"href":"https:\/\/grupotoa.website\/stuff\/legadodeamor\/wp-json\/wp\/v2\/types\/product"}],"replies":[{"embeddable":true,"href":"https:\/\/grupotoa.website\/stuff\/legadodeamor\/wp-json\/wp\/v2\/comments?post=1665"}],"wp:featuredmedia":[{"embeddable":true,"href":"https:\/\/grupotoa.website\/stuff\/legadodeamor\/wp-json\/wp\/v2\/media\/665"}],"wp:attachment":[{"href":"https:\/\/grupotoa.website\/stuff\/legadodeamor\/wp-json\/wp\/v2\/media?parent=1665"}],"wp:term":[{"taxonomy":"product_brand","embeddable":true,"href":"https:\/\/grupotoa.website\/stuff\/legadodeamor\/wp-json\/wp\/v2\/product_brand?post=1665"},{"taxonomy":"product_cat","embeddable":true,"href":"https:\/\/grupotoa.website\/stuff\/legadodeamor\/wp-json\/wp\/v2\/product_cat?post=1665"},{"taxonomy":"product_tag","embeddable":true,"href":"https:\/\/grupotoa.website\/stuff\/legadodeamor\/wp-json\/wp\/v2\/product_tag?post=1665"}],"curies":[{"name":"wp","href":"https:\/\/api.w.org\/{rel}","templated":true}]}}