{"id":1666,"date":"2025-09-19T00:46:00","date_gmt":"2025-09-18T22:46:00","guid":{"rendered":"https:\/\/grupotoa.website\/stuff\/legadodeamor\/?post_type=product&#038;p=1666"},"modified":"2025-09-19T00:46:19","modified_gmt":"2025-09-18T22:46:19","slug":"50-bolsas-de-almacenamiento-para-leche-materna","status":"publish","type":"product","link":"https:\/\/grupotoa.website\/stuff\/legadodeamor\/producto\/50-bolsas-de-almacenamiento-para-leche-materna\/","title":{"rendered":"50 Bolsas de almacenamiento para leche materna"},"content":{"rendered":"<div class=\"elementor-element elementor-element-45d67907 elementor-widget elementor-widget-heading\" data-id=\"45d67907\" data-element_type=\"widget\" data-widget_type=\"heading.default\">\n<div class=\"elementor-widget-container\">\n<h3 class=\"elementor-heading-title elementor-size-default\">Caracter\u00edsticas principales<\/h3>\n<\/div>\n<\/div>\n<div class=\"elementor-element elementor-element-a8e490d elementor-widget elementor-widget-text-editor\" data-id=\"a8e490d\" data-element_type=\"widget\" data-widget_type=\"text-editor.default\">\n<div class=\"elementor-widget-container\">\n<ul>\n<li><strong>Precio:<\/strong>\u00a0Q140.00<\/li>\n<li><strong>Marca:<\/strong>\u00a0Dr. Browns<\/li>\n<li><strong>Presentaci\u00f3n:<\/strong>\u00a0Fabricadas con pl\u00e1stico libre de BPA, garantizando que no haya sustancias t\u00f3xicas que puedan contaminar la leche.<\/li>\n<li>Cada bolsa tiene capacidad para almacenar hasta 6 oz (180 ml) de leche materna.<\/li>\n<li>Diseno funcional<\/li>\n<li>Preesterilizadas, listas para usar sin necesidad de esterilizaci\u00f3n adicional<\/li>\n<\/ul>\n<\/div>\n<\/div>\n<div class=\"elementor-element elementor-element-3b3d0058 elementor-widget elementor-widget-heading\" data-id=\"3b3d0058\" data-element_type=\"widget\" data-widget_type=\"heading.default\">\n<div class=\"elementor-widget-container\">\n<h3 class=\"elementor-heading-title elementor-size-default\">Beneficios<\/h3>\n<\/div>\n<\/div>\n<div class=\"elementor-element elementor-element-207a99e5 elementor-widget elementor-widget-text-editor\" data-id=\"207a99e5\" data-element_type=\"widget\" data-widget_type=\"text-editor.default\">\n<div class=\"elementor-widget-container\">\n<ul>\n<li>Conservaci\u00f3n segura de la leche materna<\/li>\n<li>Prevenci\u00f3n de derrames y fugas<\/li>\n<li>Compatible con m\u00faltiples tipos de biberones y extractores (especialmente los de la marca Dr. Brown\u2019s)<\/li>\n<\/ul>\n<\/div>\n<\/div>\n<div class=\"elementor-element elementor-element-5b310ab7 elementor-widget elementor-widget-heading\" data-id=\"5b310ab7\" data-element_type=\"widget\" data-widget_type=\"heading.default\">\n<div class=\"elementor-widget-container\">\n<h3 class=\"elementor-heading-title elementor-size-default\">Instrucciones de uso y limpieza<\/h3>\n<\/div>\n<\/div>\n<div class=\"elementor-element elementor-element-17d03c91 elementor-widget elementor-widget-text-editor\" data-id=\"17d03c91\" data-element_type=\"widget\" data-widget_type=\"text-editor.default\">\n<div class=\"elementor-widget-container\">\n<ul>\n<li>No reutilizar las bolsas: est\u00e1n dise\u00f1adas para un solo uso por motivos de higiene y seguridad.<\/li>\n<\/ul>\n<\/div>\n<\/div>\n","protected":false},"excerpt":{"rendered":"<p>Caracter\u00edsticas principales Precio:\u00a0Q140.00 Marca:\u00a0Dr. Browns Presentaci\u00f3n:\u00a0Fabricadas con pl\u00e1stico libre de BPA, garantizando que no haya sustancias t\u00f3xicas que puedan contaminar la leche. Cada bolsa tiene capacidad para almacenar hasta 6 oz (180 ml) de leche materna. Diseno funcional Preesterilizadas, listas para usar sin necesidad de esterilizaci\u00f3n adicional Beneficios Conservaci\u00f3n segura de la leche materna Prevenci\u00f3n [&hellip;]<\/p>\n","protected":false},"featured_media":671,"comment_status":"open","ping_status":"closed","template":"","meta":[],"product_brand":[29],"product_cat":[34],"product_tag":[],"class_list":{"0":"post-1666","1":"product","2":"type-product","3":"status-publish","4":"has-post-thumbnail","6":"product_brand-lansinoh","7":"product_cat-bolsas-para-leche-materna","9":"first","10":"instock","11":"shipping-taxable","12":"product-type-simple"},"_links":{"self":[{"href":"https:\/\/grupotoa.website\/stuff\/legadodeamor\/wp-json\/wp\/v2\/product\/1666","targetHints":{"allow":["GET"]}}],"collection":[{"href":"https:\/\/grupotoa.website\/stuff\/legadodeamor\/wp-json\/wp\/v2\/product"}],"about":[{"href":"https:\/\/grupotoa.website\/stuff\/legadodeamor\/wp-json\/wp\/v2\/types\/product"}],"replies":[{"embeddable":true,"href":"https:\/\/grupotoa.website\/stuff\/legadodeamor\/wp-json\/wp\/v2\/comments?post=1666"}],"wp:featuredmedia":[{"embeddable":true,"href":"https:\/\/grupotoa.website\/stuff\/legadodeamor\/wp-json\/wp\/v2\/media\/671"}],"wp:attachment":[{"href":"https:\/\/grupotoa.website\/stuff\/legadodeamor\/wp-json\/wp\/v2\/media?parent=1666"}],"wp:term":[{"taxonomy":"product_brand","embeddable":true,"href":"https:\/\/grupotoa.website\/stuff\/legadodeamor\/wp-json\/wp\/v2\/product_brand?post=1666"},{"taxonomy":"product_cat","embeddable":true,"href":"https:\/\/grupotoa.website\/stuff\/legadodeamor\/wp-json\/wp\/v2\/product_cat?post=1666"},{"taxonomy":"product_tag","embeddable":true,"href":"https:\/\/grupotoa.website\/stuff\/legadodeamor\/wp-json\/wp\/v2\/product_tag?post=1666"}],"curies":[{"name":"wp","href":"https:\/\/api.w.org\/{rel}","templated":true}]}}