{"id":1667,"date":"2025-09-19T00:47:11","date_gmt":"2025-09-18T22:47:11","guid":{"rendered":"https:\/\/grupotoa.website\/stuff\/legadodeamor\/?post_type=product&#038;p=1667"},"modified":"2025-09-19T00:47:11","modified_gmt":"2025-09-18T22:47:11","slug":"4-biberones-para-almacenaje-de-5onz","status":"publish","type":"product","link":"https:\/\/grupotoa.website\/stuff\/legadodeamor\/producto\/4-biberones-para-almacenaje-de-5onz\/","title":{"rendered":"4 Biberones para almacenaje de 5onz"},"content":{"rendered":"<div class=\"elementor-element elementor-element-1db7e173 elementor-widget elementor-widget-heading\" data-id=\"1db7e173\" data-element_type=\"widget\" data-widget_type=\"heading.default\">\n<div class=\"elementor-widget-container\">\n<h3 class=\"elementor-heading-title elementor-size-default\">Caracter\u00edsticas principales<\/h3>\n<\/div>\n<\/div>\n<div class=\"elementor-element elementor-element-45336126 elementor-widget elementor-widget-text-editor\" data-id=\"45336126\" data-element_type=\"widget\" data-widget_type=\"text-editor.default\">\n<div class=\"elementor-widget-container\">\n<ul>\n<li><strong>Precio:<\/strong>\u00a0Q200.00<\/li>\n<li><strong>Marca:<\/strong>\u00a0Lansinoh<\/li>\n<li><strong>Presentaci\u00f3n:<\/strong>\u00a0Fabricado en polipropileno libre de BPA\/BPS, garantizando la seguridad del beb\u00e9.<\/li>\n<li>Ideal para beb\u00e9s en las primeras etapas de la alimentaci\u00f3n.<\/li>\n<li>Dise\u00f1o ergon\u00f3mico<\/li>\n<li>F\u00e1cil de limpiar<\/li>\n<\/ul>\n<\/div>\n<\/div>\n<div class=\"elementor-element elementor-element-4129c856 elementor-widget elementor-widget-heading\" data-id=\"4129c856\" data-element_type=\"widget\" data-widget_type=\"heading.default\">\n<div class=\"elementor-widget-container\">\n<h3 class=\"elementor-heading-title elementor-size-default\">Beneficios<\/h3>\n<\/div>\n<\/div>\n<div class=\"elementor-element elementor-element-2885008c elementor-widget elementor-widget-text-editor\" data-id=\"2885008c\" data-element_type=\"widget\" data-widget_type=\"text-editor.default\">\n<div class=\"elementor-widget-container\">\n<ul>\n<li>Esterilizaci\u00f3n segura<\/li>\n<li>Se puede utilizar con las tetinas NaturalWave\u00ae de Lansinoh,dise\u00f1adas para reducir la confusi\u00f3n del pez\u00f3n y facilitar una succi\u00f3n natural.<\/li>\n<\/ul>\n<\/div>\n<\/div>\n<div class=\"elementor-element elementor-element-82bd6fb elementor-widget elementor-widget-heading\" data-id=\"82bd6fb\" data-element_type=\"widget\" data-widget_type=\"heading.default\">\n<div class=\"elementor-widget-container\">\n<h3 class=\"elementor-heading-title elementor-size-default\">Instrucciones de uso y limpieza<\/h3>\n<\/div>\n<\/div>\n<div class=\"elementor-element elementor-element-705ee08b elementor-widget elementor-widget-text-editor\" data-id=\"705ee08b\" data-element_type=\"widget\" data-widget_type=\"text-editor.default\">\n<div class=\"elementor-widget-container\">\n<ul>\n<li>Apto para lavavajillas, facilitando su limpieza y mantenimiento.<\/li>\n<\/ul>\n<\/div>\n<\/div>\n","protected":false},"excerpt":{"rendered":"<p>Caracter\u00edsticas principales Precio:\u00a0Q200.00 Marca:\u00a0Lansinoh Presentaci\u00f3n:\u00a0Fabricado en polipropileno libre de BPA\/BPS, garantizando la seguridad del beb\u00e9. Ideal para beb\u00e9s en las primeras etapas de la alimentaci\u00f3n. Dise\u00f1o ergon\u00f3mico F\u00e1cil de limpiar Beneficios Esterilizaci\u00f3n segura Se puede utilizar con las tetinas NaturalWave\u00ae de Lansinoh,dise\u00f1adas para reducir la confusi\u00f3n del pez\u00f3n y facilitar una succi\u00f3n natural. Instrucciones de [&hellip;]<\/p>\n","protected":false},"featured_media":675,"comment_status":"open","ping_status":"closed","template":"","meta":[],"product_brand":[29],"product_cat":[34],"product_tag":[],"class_list":{"0":"post-1667","1":"product","2":"type-product","3":"status-publish","4":"has-post-thumbnail","6":"product_brand-lansinoh","7":"product_cat-bolsas-para-leche-materna","9":"first","10":"instock","11":"shipping-taxable","12":"product-type-simple"},"_links":{"self":[{"href":"https:\/\/grupotoa.website\/stuff\/legadodeamor\/wp-json\/wp\/v2\/product\/1667","targetHints":{"allow":["GET"]}}],"collection":[{"href":"https:\/\/grupotoa.website\/stuff\/legadodeamor\/wp-json\/wp\/v2\/product"}],"about":[{"href":"https:\/\/grupotoa.website\/stuff\/legadodeamor\/wp-json\/wp\/v2\/types\/product"}],"replies":[{"embeddable":true,"href":"https:\/\/grupotoa.website\/stuff\/legadodeamor\/wp-json\/wp\/v2\/comments?post=1667"}],"wp:featuredmedia":[{"embeddable":true,"href":"https:\/\/grupotoa.website\/stuff\/legadodeamor\/wp-json\/wp\/v2\/media\/675"}],"wp:attachment":[{"href":"https:\/\/grupotoa.website\/stuff\/legadodeamor\/wp-json\/wp\/v2\/media?parent=1667"}],"wp:term":[{"taxonomy":"product_brand","embeddable":true,"href":"https:\/\/grupotoa.website\/stuff\/legadodeamor\/wp-json\/wp\/v2\/product_brand?post=1667"},{"taxonomy":"product_cat","embeddable":true,"href":"https:\/\/grupotoa.website\/stuff\/legadodeamor\/wp-json\/wp\/v2\/product_cat?post=1667"},{"taxonomy":"product_tag","embeddable":true,"href":"https:\/\/grupotoa.website\/stuff\/legadodeamor\/wp-json\/wp\/v2\/product_tag?post=1667"}],"curies":[{"name":"wp","href":"https:\/\/api.w.org\/{rel}","templated":true}]}}