{"id":1674,"date":"2025-09-19T00:52:32","date_gmt":"2025-09-18T22:52:32","guid":{"rendered":"https:\/\/grupotoa.website\/stuff\/legadodeamor\/?post_type=product&#038;p=1674"},"modified":"2025-09-19T00:52:33","modified_gmt":"2025-09-18T22:52:33","slug":"almohadillas-de-lactancia-reutilizables","status":"publish","type":"product","link":"https:\/\/grupotoa.website\/stuff\/legadodeamor\/producto\/almohadillas-de-lactancia-reutilizables\/","title":{"rendered":"Almohadillas de lactancia reutilizables"},"content":{"rendered":"<div class=\"elementor-element elementor-element-2c9c19a8 elementor-widget elementor-widget-heading\" data-id=\"2c9c19a8\" data-element_type=\"widget\" data-widget_type=\"heading.default\">\n<div class=\"elementor-widget-container\">\n<h3 class=\"elementor-heading-title elementor-size-default\">Caracter\u00edsticas principales<\/h3>\n<\/div>\n<\/div>\n<div class=\"elementor-element elementor-element-79a8d987 elementor-widget elementor-widget-text-editor\" data-id=\"79a8d987\" data-element_type=\"widget\" data-widget_type=\"text-editor.default\">\n<div class=\"elementor-widget-container\">\n<ul>\n<li><strong>Precio:<\/strong>\u00a0Q.135.00<\/li>\n<li><strong>Marca:<\/strong>\u00a0Lansinoh<\/li>\n<li><strong>Presentaci\u00f3n:<\/strong>\u00a0Combinaci\u00f3n de 80% viscosa de bamb\u00fa y 20% poli\u00e9ster, que ofrece una absorci\u00f3n r\u00e1pida y eficaz.<\/li>\n<li>Edad recomendada: No tienen una edad recomendada en t\u00e9rminos del beb\u00e9, ya que est\u00e1n dise\u00f1adas para el uso materno durante la lactancia.<\/li>\n<li>Composicion de tres capas.<\/li>\n<li>Reutilizables y lavables<\/li>\n<li>Absorcion superior.<\/li>\n<\/ul>\n<\/div>\n<\/div>\n<div class=\"elementor-element elementor-element-11de7d75 elementor-widget elementor-widget-heading\" data-id=\"11de7d75\" data-element_type=\"widget\" data-widget_type=\"heading.default\">\n<div class=\"elementor-widget-container\">\n<h3 class=\"elementor-heading-title elementor-size-default\">Beneficios<\/h3>\n<\/div>\n<\/div>\n<div class=\"elementor-element elementor-element-6f2dfba elementor-widget elementor-widget-text-editor\" data-id=\"6f2dfba\" data-element_type=\"widget\" data-widget_type=\"text-editor.default\">\n<div class=\"elementor-widget-container\">\n<ul>\n<li>Comodidad para piel sensible.<\/li>\n<li>Discreci\u00f3n bajo ropa.<\/li>\n<li>Ecol\u00f3gicas a largo plazo.<\/li>\n<\/ul>\n<\/div>\n<\/div>\n<div class=\"elementor-element elementor-element-7c55f88d elementor-widget elementor-widget-heading\" data-id=\"7c55f88d\" data-element_type=\"widget\" data-widget_type=\"heading.default\">\n<div class=\"elementor-widget-container\">\n<h3 class=\"elementor-heading-title elementor-size-default\">Instrucciones de uso y limpieza<\/h3>\n<\/div>\n<\/div>\n<div class=\"elementor-element elementor-element-5bd617b8 elementor-widget elementor-widget-text-editor\" data-id=\"5bd617b8\" data-element_type=\"widget\" data-widget_type=\"text-editor.default\">\n<div class=\"elementor-widget-container\">\n<ul>\n<li>Lavar las almohadillas antes de usar la primera vez, lavado regular y no usar cloro.<\/li>\n<\/ul>\n<\/div>\n<\/div>\n","protected":false},"excerpt":{"rendered":"<p>Caracter\u00edsticas principales Precio:\u00a0Q.135.00 Marca:\u00a0Lansinoh Presentaci\u00f3n:\u00a0Combinaci\u00f3n de 80% viscosa de bamb\u00fa y 20% poli\u00e9ster, que ofrece una absorci\u00f3n r\u00e1pida y eficaz. Edad recomendada: No tienen una edad recomendada en t\u00e9rminos del beb\u00e9, ya que est\u00e1n dise\u00f1adas para el uso materno durante la lactancia. Composicion de tres capas. Reutilizables y lavables Absorcion superior. Beneficios Comodidad para piel [&hellip;]<\/p>\n","protected":false},"featured_media":704,"comment_status":"open","ping_status":"closed","template":"","meta":[],"product_brand":[29],"product_cat":[35],"product_tag":[],"class_list":{"0":"post-1674","1":"product","2":"type-product","3":"status-publish","4":"has-post-thumbnail","6":"product_brand-lansinoh","7":"product_cat-almohadillas-y-protectores-para-lactancia","9":"first","10":"instock","11":"shipping-taxable","12":"product-type-simple"},"_links":{"self":[{"href":"https:\/\/grupotoa.website\/stuff\/legadodeamor\/wp-json\/wp\/v2\/product\/1674","targetHints":{"allow":["GET"]}}],"collection":[{"href":"https:\/\/grupotoa.website\/stuff\/legadodeamor\/wp-json\/wp\/v2\/product"}],"about":[{"href":"https:\/\/grupotoa.website\/stuff\/legadodeamor\/wp-json\/wp\/v2\/types\/product"}],"replies":[{"embeddable":true,"href":"https:\/\/grupotoa.website\/stuff\/legadodeamor\/wp-json\/wp\/v2\/comments?post=1674"}],"wp:featuredmedia":[{"embeddable":true,"href":"https:\/\/grupotoa.website\/stuff\/legadodeamor\/wp-json\/wp\/v2\/media\/704"}],"wp:attachment":[{"href":"https:\/\/grupotoa.website\/stuff\/legadodeamor\/wp-json\/wp\/v2\/media?parent=1674"}],"wp:term":[{"taxonomy":"product_brand","embeddable":true,"href":"https:\/\/grupotoa.website\/stuff\/legadodeamor\/wp-json\/wp\/v2\/product_brand?post=1674"},{"taxonomy":"product_cat","embeddable":true,"href":"https:\/\/grupotoa.website\/stuff\/legadodeamor\/wp-json\/wp\/v2\/product_cat?post=1674"},{"taxonomy":"product_tag","embeddable":true,"href":"https:\/\/grupotoa.website\/stuff\/legadodeamor\/wp-json\/wp\/v2\/product_tag?post=1674"}],"curies":[{"name":"wp","href":"https:\/\/api.w.org\/{rel}","templated":true}]}}