{"id":1677,"date":"2025-09-19T00:59:46","date_gmt":"2025-09-18T22:59:46","guid":{"rendered":"https:\/\/grupotoa.website\/stuff\/legadodeamor\/?post_type=product&#038;p=1677"},"modified":"2025-09-19T00:59:46","modified_gmt":"2025-09-18T22:59:46","slug":"protectores-de-lactancia-comfy-feel-36-piezas","status":"publish","type":"product","link":"https:\/\/grupotoa.website\/stuff\/legadodeamor\/producto\/protectores-de-lactancia-comfy-feel-36-piezas\/","title":{"rendered":"Protectores de lactancia Comfy Feel 36 piezas"},"content":{"rendered":"<div class=\"elementor-element elementor-element-32ef6f28 elementor-widget elementor-widget-heading\" data-id=\"32ef6f28\" data-element_type=\"widget\" data-widget_type=\"heading.default\">\n<div class=\"elementor-widget-container\">\n<h3 class=\"elementor-heading-title elementor-size-default\">Caracter\u00edsticas principales<\/h3>\n<\/div>\n<\/div>\n<div class=\"elementor-element elementor-element-acdd51a elementor-widget elementor-widget-text-editor\" data-id=\"acdd51a\" data-element_type=\"widget\" data-widget_type=\"text-editor.default\">\n<div class=\"elementor-widget-container\">\n<ul>\n<li><strong>Precio:<\/strong>\u00a0Q70.00<\/li>\n<li><strong>Marca:<\/strong>\u00a0Pigeon<\/li>\n<li><strong>Presentaci\u00f3n:<\/strong>\u00a0Libre de BPA y BPS: Seguras para la piel sensible de la madre.<\/li>\n<li>Edad recomendada: No tienen una edad recomendada.<\/li>\n<li>Dise\u00f1o anat\u00f3mico contorneado.<\/li>\n<li>Materiales suaves y transpirables.<\/li>\n<li>Absorci\u00f3n eficiente.<\/li>\n<li>Cintas adhesivas antideslizantes<\/li>\n<\/ul>\n<\/div>\n<\/div>\n<div class=\"elementor-element elementor-element-2898c596 elementor-widget elementor-widget-heading\" data-id=\"2898c596\" data-element_type=\"widget\" data-widget_type=\"heading.default\">\n<div class=\"elementor-widget-container\">\n<h3 class=\"elementor-heading-title elementor-size-default\">Beneficios<\/h3>\n<\/div>\n<\/div>\n<div class=\"elementor-element elementor-element-25965b02 elementor-widget elementor-widget-text-editor\" data-id=\"25965b02\" data-element_type=\"widget\" data-widget_type=\"text-editor.default\">\n<div class=\"elementor-widget-container\">\n<ul>\n<li>Higi\u00e9nicas y practicas.<\/li>\n<li>Comodidad todo el d\u00eda.<\/li>\n<li>F\u00e1cil de usar.<\/li>\n<\/ul>\n<\/div>\n<\/div>\n<div class=\"elementor-element elementor-element-19506c96 elementor-widget elementor-widget-heading\" data-id=\"19506c96\" data-element_type=\"widget\" data-widget_type=\"heading.default\">\n<div class=\"elementor-widget-container\">\n<h3 class=\"elementor-heading-title elementor-size-default\">Instrucciones de uso y limpieza<\/h3>\n<\/div>\n<\/div>\n<div class=\"elementor-element elementor-element-1154d235 elementor-widget elementor-widget-text-editor\" data-id=\"1154d235\" data-element_type=\"widget\" data-widget_type=\"text-editor.default\">\n<div class=\"elementor-widget-container\">\n<ul>\n<li>No reutilizar son 100% desechables.<\/li>\n<\/ul>\n<\/div>\n<\/div>\n","protected":false},"excerpt":{"rendered":"<p>Caracter\u00edsticas principales Precio:\u00a0Q70.00 Marca:\u00a0Pigeon Presentaci\u00f3n:\u00a0Libre de BPA y BPS: Seguras para la piel sensible de la madre. Edad recomendada: No tienen una edad recomendada. Dise\u00f1o anat\u00f3mico contorneado. Materiales suaves y transpirables. Absorci\u00f3n eficiente. Cintas adhesivas antideslizantes Beneficios Higi\u00e9nicas y practicas. Comodidad todo el d\u00eda. F\u00e1cil de usar. Instrucciones de uso y limpieza No reutilizar son [&hellip;]<\/p>\n","protected":false},"featured_media":728,"comment_status":"open","ping_status":"closed","template":"","meta":[],"product_brand":[28],"product_cat":[35],"product_tag":[],"class_list":{"0":"post-1677","1":"product","2":"type-product","3":"status-publish","4":"has-post-thumbnail","6":"product_brand-pigeon","7":"product_cat-almohadillas-y-protectores-para-lactancia","9":"first","10":"instock","11":"shipping-taxable","12":"product-type-simple"},"_links":{"self":[{"href":"https:\/\/grupotoa.website\/stuff\/legadodeamor\/wp-json\/wp\/v2\/product\/1677","targetHints":{"allow":["GET"]}}],"collection":[{"href":"https:\/\/grupotoa.website\/stuff\/legadodeamor\/wp-json\/wp\/v2\/product"}],"about":[{"href":"https:\/\/grupotoa.website\/stuff\/legadodeamor\/wp-json\/wp\/v2\/types\/product"}],"replies":[{"embeddable":true,"href":"https:\/\/grupotoa.website\/stuff\/legadodeamor\/wp-json\/wp\/v2\/comments?post=1677"}],"wp:featuredmedia":[{"embeddable":true,"href":"https:\/\/grupotoa.website\/stuff\/legadodeamor\/wp-json\/wp\/v2\/media\/728"}],"wp:attachment":[{"href":"https:\/\/grupotoa.website\/stuff\/legadodeamor\/wp-json\/wp\/v2\/media?parent=1677"}],"wp:term":[{"taxonomy":"product_brand","embeddable":true,"href":"https:\/\/grupotoa.website\/stuff\/legadodeamor\/wp-json\/wp\/v2\/product_brand?post=1677"},{"taxonomy":"product_cat","embeddable":true,"href":"https:\/\/grupotoa.website\/stuff\/legadodeamor\/wp-json\/wp\/v2\/product_cat?post=1677"},{"taxonomy":"product_tag","embeddable":true,"href":"https:\/\/grupotoa.website\/stuff\/legadodeamor\/wp-json\/wp\/v2\/product_tag?post=1677"}],"curies":[{"name":"wp","href":"https:\/\/api.w.org\/{rel}","templated":true}]}}