{"id":1678,"date":"2025-09-19T01:00:36","date_gmt":"2025-09-18T23:00:36","guid":{"rendered":"https:\/\/grupotoa.website\/stuff\/legadodeamor\/?post_type=product&#038;p=1678"},"modified":"2025-09-19T01:00:36","modified_gmt":"2025-09-18T23:00:36","slug":"paquete-de-60-protectores-desechables","status":"publish","type":"product","link":"https:\/\/grupotoa.website\/stuff\/legadodeamor\/producto\/paquete-de-60-protectores-desechables\/","title":{"rendered":"Paquete de 60 protectores desechables"},"content":{"rendered":"<div class=\"elementor-element elementor-element-530dcba0 elementor-widget elementor-widget-heading\" data-id=\"530dcba0\" data-element_type=\"widget\" data-widget_type=\"heading.default\">\n<div class=\"elementor-widget-container\">\n<h3 class=\"elementor-heading-title elementor-size-default\">Caracter\u00edsticas principales<\/h3>\n<\/div>\n<\/div>\n<div class=\"elementor-element elementor-element-5323bb0 elementor-widget elementor-widget-text-editor\" data-id=\"5323bb0\" data-element_type=\"widget\" data-widget_type=\"text-editor.default\">\n<div class=\"elementor-widget-container\">\n<ul>\n<li><strong>Precio:<\/strong>\u00a0Q100.00<\/li>\n<li><strong>Marca:<\/strong>\u00a0Dr. Browns<\/li>\n<li><strong>Presentaci\u00f3n:<\/strong>\u00a0Fabricado con materiales suaves y seguros para la piel sensible de la mam\u00e1<\/li>\n<li>Dise\u00f1o delgado y ovalado.<\/li>\n<li>Absorci\u00f3n eficiente.<\/li>\n<li>Capa exterior a prueba de fugas.<\/li>\n<\/ul>\n<\/div>\n<\/div>\n<div class=\"elementor-element elementor-element-72cf9d13 elementor-widget elementor-widget-heading\" data-id=\"72cf9d13\" data-element_type=\"widget\" data-widget_type=\"heading.default\">\n<div class=\"elementor-widget-container\">\n<h3 class=\"elementor-heading-title elementor-size-default\">Beneficios<\/h3>\n<\/div>\n<\/div>\n<div class=\"elementor-element elementor-element-79ed5c3e elementor-widget elementor-widget-text-editor\" data-id=\"79ed5c3e\" data-element_type=\"widget\" data-widget_type=\"text-editor.default\">\n<div class=\"elementor-widget-container\">\n<ul>\n<li>Comodidad durante todo el d\u00eda.<\/li>\n<li>Protecci\u00f3n discreta.<\/li>\n<li>F\u00e1cil reemplazo.<\/li>\n<\/ul>\n<\/div>\n<\/div>\n<div class=\"elementor-element elementor-element-226e818b elementor-widget elementor-widget-heading\" data-id=\"226e818b\" data-element_type=\"widget\" data-widget_type=\"heading.default\">\n<div class=\"elementor-widget-container\">\n<h3 class=\"elementor-heading-title elementor-size-default\">Instrucciones de uso y limpieza<\/h3>\n<\/div>\n<\/div>\n<div class=\"elementor-element elementor-element-2f582154 elementor-widget elementor-widget-text-editor\" data-id=\"2f582154\" data-element_type=\"widget\" data-widget_type=\"text-editor.default\">\n<div class=\"elementor-widget-container\">\n<ul>\n<li>Lava tus manos antes de colocarte el producto.<\/li>\n<li>Este producto es 100% desechable por lo que no se recomienda su reutilizaci\u00f3n.<\/li>\n<\/ul>\n<\/div>\n<\/div>\n","protected":false},"excerpt":{"rendered":"<p>Caracter\u00edsticas principales Precio:\u00a0Q100.00 Marca:\u00a0Dr. Browns Presentaci\u00f3n:\u00a0Fabricado con materiales suaves y seguros para la piel sensible de la mam\u00e1 Dise\u00f1o delgado y ovalado. Absorci\u00f3n eficiente. Capa exterior a prueba de fugas. Beneficios Comodidad durante todo el d\u00eda. Protecci\u00f3n discreta. F\u00e1cil reemplazo. Instrucciones de uso y limpieza Lava tus manos antes de colocarte el producto. Este producto [&hellip;]<\/p>\n","protected":false},"featured_media":734,"comment_status":"open","ping_status":"closed","template":"","meta":[],"product_brand":[31],"product_cat":[35],"product_tag":[],"class_list":{"0":"post-1678","1":"product","2":"type-product","3":"status-publish","4":"has-post-thumbnail","6":"product_brand-dr-browns","7":"product_cat-almohadillas-y-protectores-para-lactancia","9":"first","10":"instock","11":"shipping-taxable","12":"product-type-simple"},"_links":{"self":[{"href":"https:\/\/grupotoa.website\/stuff\/legadodeamor\/wp-json\/wp\/v2\/product\/1678","targetHints":{"allow":["GET"]}}],"collection":[{"href":"https:\/\/grupotoa.website\/stuff\/legadodeamor\/wp-json\/wp\/v2\/product"}],"about":[{"href":"https:\/\/grupotoa.website\/stuff\/legadodeamor\/wp-json\/wp\/v2\/types\/product"}],"replies":[{"embeddable":true,"href":"https:\/\/grupotoa.website\/stuff\/legadodeamor\/wp-json\/wp\/v2\/comments?post=1678"}],"wp:featuredmedia":[{"embeddable":true,"href":"https:\/\/grupotoa.website\/stuff\/legadodeamor\/wp-json\/wp\/v2\/media\/734"}],"wp:attachment":[{"href":"https:\/\/grupotoa.website\/stuff\/legadodeamor\/wp-json\/wp\/v2\/media?parent=1678"}],"wp:term":[{"taxonomy":"product_brand","embeddable":true,"href":"https:\/\/grupotoa.website\/stuff\/legadodeamor\/wp-json\/wp\/v2\/product_brand?post=1678"},{"taxonomy":"product_cat","embeddable":true,"href":"https:\/\/grupotoa.website\/stuff\/legadodeamor\/wp-json\/wp\/v2\/product_cat?post=1678"},{"taxonomy":"product_tag","embeddable":true,"href":"https:\/\/grupotoa.website\/stuff\/legadodeamor\/wp-json\/wp\/v2\/product_tag?post=1678"}],"curies":[{"name":"wp","href":"https:\/\/api.w.org\/{rel}","templated":true}]}}