{"id":1679,"date":"2025-09-19T01:01:23","date_gmt":"2025-09-18T23:01:23","guid":{"rendered":"https:\/\/grupotoa.website\/stuff\/legadodeamor\/?post_type=product&#038;p=1679"},"modified":"2025-09-19T01:01:23","modified_gmt":"2025-09-18T23:01:23","slug":"duo-de-conchas-protectoras-y-recolectoras-de-leche","status":"publish","type":"product","link":"https:\/\/grupotoa.website\/stuff\/legadodeamor\/producto\/duo-de-conchas-protectoras-y-recolectoras-de-leche\/","title":{"rendered":"Duo de conchas protectoras y recolectoras de leche"},"content":{"rendered":"<div class=\"elementor-element elementor-element-52f9c5a3 elementor-widget elementor-widget-heading\" data-id=\"52f9c5a3\" data-element_type=\"widget\" data-widget_type=\"heading.default\">\n<div class=\"elementor-widget-container\">\n<h3 class=\"elementor-heading-title elementor-size-default\">Caracter\u00edsticas principales<\/h3>\n<\/div>\n<\/div>\n<div class=\"elementor-element elementor-element-3ae09ccf elementor-widget elementor-widget-text-editor\" data-id=\"3ae09ccf\" data-element_type=\"widget\" data-widget_type=\"text-editor.default\">\n<div class=\"elementor-widget-container\">\n<ul>\n<li><strong>Precio:<\/strong>\u00a0Q180.00<\/li>\n<li><strong>Marca:<\/strong>\u00a0Philips Avent<\/li>\n<li><strong>Presentaci\u00f3n:<\/strong>\u00a0Conchas; Polipropileno (PP) libre de BPA y Cojines: Silicona suave, grado m\u00e9dico.<\/li>\n<li>Caracter\u00edsticas principales<\/li>\n<li>Protecci\u00f3n contra irritaciones.<\/li>\n<li>Materiales suaves y transpirables.<\/li>\n<li>Protecci\u00f3n contra irritaciones.<\/li>\n<li>Ventilaci\u00f3n.<\/li>\n<\/ul>\n<\/div>\n<\/div>\n<div class=\"elementor-element elementor-element-38a69034 elementor-widget elementor-widget-heading\" data-id=\"38a69034\" data-element_type=\"widget\" data-widget_type=\"heading.default\">\n<div class=\"elementor-widget-container\">\n<h3 class=\"elementor-heading-title elementor-size-default\">Beneficios<\/h3>\n<\/div>\n<\/div>\n<div class=\"elementor-element elementor-element-7f15668c elementor-widget elementor-widget-text-editor\" data-id=\"7f15668c\" data-element_type=\"widget\" data-widget_type=\"text-editor.default\">\n<div class=\"elementor-widget-container\">\n<ul>\n<li>Recolecci\u00f3n higi\u00e9nica de leche.<\/li>\n<li>Discreci\u00f3n y comodidad<\/li>\n<li>F\u00e1cil de usar y lavar.<\/li>\n<\/ul>\n<\/div>\n<\/div>\n","protected":false},"excerpt":{"rendered":"<p>Caracter\u00edsticas principales Precio:\u00a0Q180.00 Marca:\u00a0Philips Avent Presentaci\u00f3n:\u00a0Conchas; Polipropileno (PP) libre de BPA y Cojines: Silicona suave, grado m\u00e9dico. Caracter\u00edsticas principales Protecci\u00f3n contra irritaciones. Materiales suaves y transpirables. Protecci\u00f3n contra irritaciones. Ventilaci\u00f3n. Beneficios Recolecci\u00f3n higi\u00e9nica de leche. Discreci\u00f3n y comodidad F\u00e1cil de usar y lavar.<\/p>\n","protected":false},"featured_media":738,"comment_status":"open","ping_status":"closed","template":"","meta":[],"product_brand":[30],"product_cat":[35],"product_tag":[],"class_list":{"0":"post-1679","1":"product","2":"type-product","3":"status-publish","4":"has-post-thumbnail","6":"product_brand-philips","7":"product_cat-almohadillas-y-protectores-para-lactancia","9":"first","10":"instock","11":"shipping-taxable","12":"product-type-simple"},"_links":{"self":[{"href":"https:\/\/grupotoa.website\/stuff\/legadodeamor\/wp-json\/wp\/v2\/product\/1679","targetHints":{"allow":["GET"]}}],"collection":[{"href":"https:\/\/grupotoa.website\/stuff\/legadodeamor\/wp-json\/wp\/v2\/product"}],"about":[{"href":"https:\/\/grupotoa.website\/stuff\/legadodeamor\/wp-json\/wp\/v2\/types\/product"}],"replies":[{"embeddable":true,"href":"https:\/\/grupotoa.website\/stuff\/legadodeamor\/wp-json\/wp\/v2\/comments?post=1679"}],"wp:featuredmedia":[{"embeddable":true,"href":"https:\/\/grupotoa.website\/stuff\/legadodeamor\/wp-json\/wp\/v2\/media\/738"}],"wp:attachment":[{"href":"https:\/\/grupotoa.website\/stuff\/legadodeamor\/wp-json\/wp\/v2\/media?parent=1679"}],"wp:term":[{"taxonomy":"product_brand","embeddable":true,"href":"https:\/\/grupotoa.website\/stuff\/legadodeamor\/wp-json\/wp\/v2\/product_brand?post=1679"},{"taxonomy":"product_cat","embeddable":true,"href":"https:\/\/grupotoa.website\/stuff\/legadodeamor\/wp-json\/wp\/v2\/product_cat?post=1679"},{"taxonomy":"product_tag","embeddable":true,"href":"https:\/\/grupotoa.website\/stuff\/legadodeamor\/wp-json\/wp\/v2\/product_tag?post=1679"}],"curies":[{"name":"wp","href":"https:\/\/api.w.org\/{rel}","templated":true}]}}