{"id":1680,"date":"2025-09-19T01:04:34","date_gmt":"2025-09-18T23:04:34","guid":{"rendered":"https:\/\/grupotoa.website\/stuff\/legadodeamor\/?post_type=product&#038;p=1680"},"modified":"2025-09-19T01:04:34","modified_gmt":"2025-09-18T23:04:34","slug":"protectores-de-pezon-2-unidades-tallas-s-y-m","status":"publish","type":"product","link":"https:\/\/grupotoa.website\/stuff\/legadodeamor\/producto\/protectores-de-pezon-2-unidades-tallas-s-y-m\/","title":{"rendered":"Protectores de pez\u00f3n 2 unidades tallas S y M"},"content":{"rendered":"<div class=\"elementor-element elementor-element-24a1dbb4 e-con-full e-flex e-con e-child\" data-id=\"24a1dbb4\" data-element_type=\"container\">\n<div class=\"elementor-element elementor-element-7ede14ad elementor-widget elementor-widget-heading\" data-id=\"7ede14ad\" data-element_type=\"widget\" data-widget_type=\"heading.default\">\n<div class=\"elementor-widget-container\">\n<h3 class=\"elementor-heading-title elementor-size-default\">Caracter\u00edsticas principales<\/h3>\n<\/div>\n<\/div>\n<div class=\"elementor-element elementor-element-c74b271 elementor-widget elementor-widget-text-editor\" data-id=\"c74b271\" data-element_type=\"widget\" data-widget_type=\"text-editor.default\">\n<div class=\"elementor-widget-container\">\n<ul>\n<li><strong>Precio:<\/strong>\u00a0Q120.00<\/li>\n<li><strong>Marca:<\/strong>\u00a0Philips Avent<\/li>\n<li>Presentaci\u00f3n: Material de silicona suave y sin BPA.<\/li>\n<li><strong>Edad recomendada:<\/strong>\u00a0No tienen una edad recomendada.<\/li>\n<li>Dise\u00f1o ultra delgado y forma de mariposa.<\/li>\n<li>Tres orificios en la punta.<\/li>\n<li>Funda de transporte higi\u00e9nica incluida.<\/li>\n<\/ul>\n<\/div>\n<\/div>\n<div class=\"elementor-element elementor-element-6dcb2d32 elementor-widget elementor-widget-heading\" data-id=\"6dcb2d32\" data-element_type=\"widget\" data-widget_type=\"heading.default\">\n<div class=\"elementor-widget-container\">\n<h3 class=\"elementor-heading-title elementor-size-default\">Beneficios<\/h3>\n<\/div>\n<\/div>\n<div class=\"elementor-element elementor-element-61b12bb4 elementor-widget elementor-widget-text-editor\" data-id=\"61b12bb4\" data-element_type=\"widget\" data-widget_type=\"text-editor.default\">\n<div class=\"elementor-widget-container\">\n<ul>\n<li>Permiten continuar con la lactancia pese a molestias.<\/li>\n<li>Control del flujo de leche.<\/li>\n<li>F\u00e1ciles de transportar y mantener higi\u00e9nicos.<\/li>\n<\/ul>\n<\/div>\n<\/div>\n<div class=\"elementor-element elementor-element-2821ab1b elementor-widget elementor-widget-heading\" data-id=\"2821ab1b\" data-element_type=\"widget\" data-widget_type=\"heading.default\">\n<div class=\"elementor-widget-container\">\n<h3 class=\"elementor-heading-title elementor-size-default\">Instrucciones de uso y limpieza<\/h3>\n<\/div>\n<\/div>\n<div class=\"elementor-element elementor-element-4efd601d elementor-widget elementor-widget-text-editor\" data-id=\"4efd601d\" data-element_type=\"widget\" data-widget_type=\"text-editor.default\">\n<div class=\"elementor-widget-container\">\n<ul>\n<li>Lava el protector antes de cada uso con agua tibia y jab\u00f3n suave.<\/li>\n<li>Esteriliza coloc\u00e1ndolo en agua hirviendo durante 5 minutos y deja enfriar antes de usar.<\/li>\n<\/ul>\n<\/div>\n<\/div>\n<\/div>\n<div class=\"elementor-element elementor-element-3e91d6f2 e-con-full e-flex e-con e-child\" data-id=\"3e91d6f2\" data-element_type=\"container\">\n<div class=\"elementor-element elementor-element-17fd7265 elementor-widget elementor-widget-ucaddon_rollover_image_effect\" data-id=\"17fd7265\" data-element_type=\"widget\" data-widget_type=\"ucaddon_rollover_image_effect.default\">\n<div class=\"elementor-widget-container\">\n<div id=\"uc_rollover_image_effect_elementor_17fd7265\" class=\"ue-rollover-image-effect\"><\/div>\n<\/div>\n<\/div>\n<\/div>\n","protected":false},"excerpt":{"rendered":"<p>Caracter\u00edsticas principales Precio:\u00a0Q120.00 Marca:\u00a0Philips Avent Presentaci\u00f3n: Material de silicona suave y sin BPA. Edad recomendada:\u00a0No tienen una edad recomendada. Dise\u00f1o ultra delgado y forma de mariposa. Tres orificios en la punta. Funda de transporte higi\u00e9nica incluida. Beneficios Permiten continuar con la lactancia pese a molestias. Control del flujo de leche. F\u00e1ciles de transportar y mantener [&hellip;]<\/p>\n","protected":false},"featured_media":745,"comment_status":"open","ping_status":"closed","template":"","meta":[],"product_brand":[30],"product_cat":[35],"product_tag":[],"class_list":{"0":"post-1680","1":"product","2":"type-product","3":"status-publish","4":"has-post-thumbnail","6":"product_brand-philips","7":"product_cat-almohadillas-y-protectores-para-lactancia","9":"first","10":"instock","11":"shipping-taxable","12":"product-type-simple"},"_links":{"self":[{"href":"https:\/\/grupotoa.website\/stuff\/legadodeamor\/wp-json\/wp\/v2\/product\/1680","targetHints":{"allow":["GET"]}}],"collection":[{"href":"https:\/\/grupotoa.website\/stuff\/legadodeamor\/wp-json\/wp\/v2\/product"}],"about":[{"href":"https:\/\/grupotoa.website\/stuff\/legadodeamor\/wp-json\/wp\/v2\/types\/product"}],"replies":[{"embeddable":true,"href":"https:\/\/grupotoa.website\/stuff\/legadodeamor\/wp-json\/wp\/v2\/comments?post=1680"}],"wp:featuredmedia":[{"embeddable":true,"href":"https:\/\/grupotoa.website\/stuff\/legadodeamor\/wp-json\/wp\/v2\/media\/745"}],"wp:attachment":[{"href":"https:\/\/grupotoa.website\/stuff\/legadodeamor\/wp-json\/wp\/v2\/media?parent=1680"}],"wp:term":[{"taxonomy":"product_brand","embeddable":true,"href":"https:\/\/grupotoa.website\/stuff\/legadodeamor\/wp-json\/wp\/v2\/product_brand?post=1680"},{"taxonomy":"product_cat","embeddable":true,"href":"https:\/\/grupotoa.website\/stuff\/legadodeamor\/wp-json\/wp\/v2\/product_cat?post=1680"},{"taxonomy":"product_tag","embeddable":true,"href":"https:\/\/grupotoa.website\/stuff\/legadodeamor\/wp-json\/wp\/v2\/product_tag?post=1680"}],"curies":[{"name":"wp","href":"https:\/\/api.w.org\/{rel}","templated":true}]}}