{"id":1684,"date":"2025-09-19T01:08:18","date_gmt":"2025-09-18T23:08:18","guid":{"rendered":"https:\/\/grupotoa.website\/stuff\/legadodeamor\/?post_type=product&#038;p=1684"},"modified":"2025-09-19T01:08:18","modified_gmt":"2025-09-18T23:08:18","slug":"esterilizador-a-vapor-para-microondas","status":"publish","type":"product","link":"https:\/\/grupotoa.website\/stuff\/legadodeamor\/producto\/esterilizador-a-vapor-para-microondas\/","title":{"rendered":"Esterilizador a vapor para microondas"},"content":{"rendered":"<div class=\"elementor-element elementor-element-78f5c3dd elementor-widget elementor-widget-heading\" data-id=\"78f5c3dd\" data-element_type=\"widget\" data-widget_type=\"heading.default\">\n<div class=\"elementor-widget-container\">\n<h3 class=\"elementor-heading-title elementor-size-default\">Caracter\u00edsticas principales<\/h3>\n<\/div>\n<\/div>\n<div class=\"elementor-element elementor-element-79e16d27 elementor-widget elementor-widget-text-editor\" data-id=\"79e16d27\" data-element_type=\"widget\" data-widget_type=\"text-editor.default\">\n<div class=\"elementor-widget-container\">\n<ul>\n<li><strong>Precio:<\/strong>\u00a0Q250.00<\/li>\n<li><strong>Marca:<\/strong>\u00a0Dr. Browns<\/li>\n<li><strong>Presentaci\u00f3n:<\/strong>\u00a0Fabricado en pl\u00e1stico libre de BPA, garantizando seguridad durante su uso.<\/li>\n<li>Puede esterilizar hasta 4 biberones Dr. Brown\u2019s a la vez.<\/li>\n<li>Esterilizaci\u00f3n eficiente.<\/li>\n<li>Dise\u00f1o compacto y liviano.<\/li>\n<\/ul>\n<\/div>\n<\/div>\n<div class=\"elementor-element elementor-element-6c3c2710 elementor-widget elementor-widget-heading\" data-id=\"6c3c2710\" data-element_type=\"widget\" data-widget_type=\"heading.default\">\n<div class=\"elementor-widget-container\">\n<h3 class=\"elementor-heading-title elementor-size-default\">Beneficios<\/h3>\n<\/div>\n<\/div>\n<div class=\"elementor-element elementor-element-39188a3e elementor-widget elementor-widget-text-editor\" data-id=\"39188a3e\" data-element_type=\"widget\" data-widget_type=\"text-editor.default\">\n<div class=\"elementor-widget-container\">\n<ul>\n<li>Elimina hasta el 99.9% de g\u00e9rmenes y bacterias.<\/li>\n<li>Dise\u00f1o pr\u00e1ctico y compacto.<\/li>\n<li>F\u00e1cil de usar solo necesitas agua y microondas.<\/li>\n<\/ul>\n<\/div>\n<\/div>\n<div class=\"elementor-element elementor-element-2832b6d1 elementor-widget elementor-widget-heading\" data-id=\"2832b6d1\" data-element_type=\"widget\" data-widget_type=\"heading.default\">\n<div class=\"elementor-widget-container\">\n<h3 class=\"elementor-heading-title elementor-size-default\">Instrucciones de uso y limpieza<\/h3>\n<\/div>\n<\/div>\n<div class=\"elementor-element elementor-element-79f64765 elementor-widget elementor-widget-text-editor\" data-id=\"79f64765\" data-element_type=\"widget\" data-widget_type=\"text-editor.default\">\n<div class=\"elementor-widget-container\">\n<ul>\n<li>Lava tus manos antes de manipular el producto.<\/li>\n<li>Lava todos los productos antes de esterilizar.<\/li>\n<\/ul>\n<\/div>\n<\/div>\n","protected":false},"excerpt":{"rendered":"<p>Caracter\u00edsticas principales Precio:\u00a0Q250.00 Marca:\u00a0Dr. Browns Presentaci\u00f3n:\u00a0Fabricado en pl\u00e1stico libre de BPA, garantizando seguridad durante su uso. Puede esterilizar hasta 4 biberones Dr. Brown\u2019s a la vez. Esterilizaci\u00f3n eficiente. Dise\u00f1o compacto y liviano. Beneficios Elimina hasta el 99.9% de g\u00e9rmenes y bacterias. Dise\u00f1o pr\u00e1ctico y compacto. F\u00e1cil de usar solo necesitas agua y microondas. Instrucciones de [&hellip;]<\/p>\n","protected":false},"featured_media":774,"comment_status":"open","ping_status":"closed","template":"","meta":[],"product_brand":[31],"product_cat":[36],"product_tag":[],"class_list":{"0":"post-1684","1":"product","2":"type-product","3":"status-publish","4":"has-post-thumbnail","6":"product_brand-dr-browns","7":"product_cat-extractores-y-esterilizadores","9":"first","10":"instock","11":"shipping-taxable","12":"product-type-simple"},"_links":{"self":[{"href":"https:\/\/grupotoa.website\/stuff\/legadodeamor\/wp-json\/wp\/v2\/product\/1684","targetHints":{"allow":["GET"]}}],"collection":[{"href":"https:\/\/grupotoa.website\/stuff\/legadodeamor\/wp-json\/wp\/v2\/product"}],"about":[{"href":"https:\/\/grupotoa.website\/stuff\/legadodeamor\/wp-json\/wp\/v2\/types\/product"}],"replies":[{"embeddable":true,"href":"https:\/\/grupotoa.website\/stuff\/legadodeamor\/wp-json\/wp\/v2\/comments?post=1684"}],"wp:featuredmedia":[{"embeddable":true,"href":"https:\/\/grupotoa.website\/stuff\/legadodeamor\/wp-json\/wp\/v2\/media\/774"}],"wp:attachment":[{"href":"https:\/\/grupotoa.website\/stuff\/legadodeamor\/wp-json\/wp\/v2\/media?parent=1684"}],"wp:term":[{"taxonomy":"product_brand","embeddable":true,"href":"https:\/\/grupotoa.website\/stuff\/legadodeamor\/wp-json\/wp\/v2\/product_brand?post=1684"},{"taxonomy":"product_cat","embeddable":true,"href":"https:\/\/grupotoa.website\/stuff\/legadodeamor\/wp-json\/wp\/v2\/product_cat?post=1684"},{"taxonomy":"product_tag","embeddable":true,"href":"https:\/\/grupotoa.website\/stuff\/legadodeamor\/wp-json\/wp\/v2\/product_tag?post=1684"}],"curies":[{"name":"wp","href":"https:\/\/api.w.org\/{rel}","templated":true}]}}