{"id":1685,"date":"2025-09-19T01:09:59","date_gmt":"2025-09-18T23:09:59","guid":{"rendered":"https:\/\/grupotoa.website\/stuff\/legadodeamor\/?post_type=product&#038;p=1685"},"modified":"2025-09-19T01:09:59","modified_gmt":"2025-09-18T23:09:59","slug":"extractor-de-leche-electrico-2-en-1","status":"publish","type":"product","link":"https:\/\/grupotoa.website\/stuff\/legadodeamor\/producto\/extractor-de-leche-electrico-2-en-1\/","title":{"rendered":"Extractor de leche electrico 2 en 1"},"content":{"rendered":"<div class=\"elementor-element elementor-element-50443c6c elementor-widget elementor-widget-heading\" data-id=\"50443c6c\" data-element_type=\"widget\" data-widget_type=\"heading.default\">\n<div class=\"elementor-widget-container\">\n<h3 class=\"elementor-heading-title elementor-size-default\">Caracter\u00edsticas principales<\/h3>\n<\/div>\n<\/div>\n<div class=\"elementor-element elementor-element-2570a9cd elementor-widget elementor-widget-text-editor\" data-id=\"2570a9cd\" data-element_type=\"widget\" data-widget_type=\"text-editor.default\">\n<div class=\"elementor-widget-container\">\n<ul>\n<li><strong>Precio:<\/strong>\u00a0Q.1,795.00<\/li>\n<li><strong>Marca:<\/strong>\u00a0Lansinoh<\/li>\n<li><strong>Presentaci\u00f3n:<\/strong>\u00a0El extractor incluye todo lo necesario para su uso inmediato (incluyendo accesorios).<\/li>\n<li>Ofrece 3 estilos diferentes de extracci\u00f3n.<\/li>\n<li>Dispone de 8 niveles de succi\u00f3n.<\/li>\n<li>Pantalla LCD retroiluminada.<\/li>\n<\/ul>\n<\/div>\n<\/div>\n<div class=\"elementor-element elementor-element-309b1a8d elementor-widget elementor-widget-heading\" data-id=\"309b1a8d\" data-element_type=\"widget\" data-widget_type=\"heading.default\">\n<div class=\"elementor-widget-container\">\n<h3 class=\"elementor-heading-title elementor-size-default\">Beneficios<\/h3>\n<\/div>\n<\/div>\n<div class=\"elementor-element elementor-element-47c8cad2 elementor-widget elementor-widget-text-editor\" data-id=\"47c8cad2\" data-element_type=\"widget\" data-widget_type=\"text-editor.default\">\n<div class=\"elementor-widget-container\">\n<ul>\n<li>Extracci\u00f3n r\u00e1pida y eficiente.<\/li>\n<li>Dise\u00f1o higi\u00e9nico y seguro.<\/li>\n<li>Accesorios incluidos.<\/li>\n<\/ul>\n<\/div>\n<\/div>\n<div class=\"elementor-element elementor-element-4a6f44dc elementor-widget elementor-widget-heading\" data-id=\"4a6f44dc\" data-element_type=\"widget\" data-widget_type=\"heading.default\">\n<div class=\"elementor-widget-container\">\n<h3 class=\"elementor-heading-title elementor-size-default\">Instrucciones de uso y limpieza<\/h3>\n<\/div>\n<\/div>\n<div class=\"elementor-element elementor-element-5dd75074 elementor-widget elementor-widget-text-editor\" data-id=\"5dd75074\" data-element_type=\"widget\" data-widget_type=\"text-editor.default\">\n<div class=\"elementor-widget-container\">\n<ul>\n<li>Despu\u00e9s de cada uso desmonta las partes, lava con agua tibia y jab\u00f3n suave.<\/li>\n<li>No laves el tubo ni el motor.<\/li>\n<\/ul>\n<\/div>\n<\/div>\n","protected":false},"excerpt":{"rendered":"<p>Caracter\u00edsticas principales Precio:\u00a0Q.1,795.00 Marca:\u00a0Lansinoh Presentaci\u00f3n:\u00a0El extractor incluye todo lo necesario para su uso inmediato (incluyendo accesorios). Ofrece 3 estilos diferentes de extracci\u00f3n. Dispone de 8 niveles de succi\u00f3n. Pantalla LCD retroiluminada. Beneficios Extracci\u00f3n r\u00e1pida y eficiente. Dise\u00f1o higi\u00e9nico y seguro. Accesorios incluidos. Instrucciones de uso y limpieza Despu\u00e9s de cada uso desmonta las partes, lava [&hellip;]<\/p>\n","protected":false},"featured_media":780,"comment_status":"open","ping_status":"closed","template":"","meta":[],"product_brand":[29],"product_cat":[36],"product_tag":[],"class_list":{"0":"post-1685","1":"product","2":"type-product","3":"status-publish","4":"has-post-thumbnail","6":"product_brand-lansinoh","7":"product_cat-extractores-y-esterilizadores","9":"first","10":"instock","11":"shipping-taxable","12":"product-type-simple"},"_links":{"self":[{"href":"https:\/\/grupotoa.website\/stuff\/legadodeamor\/wp-json\/wp\/v2\/product\/1685","targetHints":{"allow":["GET"]}}],"collection":[{"href":"https:\/\/grupotoa.website\/stuff\/legadodeamor\/wp-json\/wp\/v2\/product"}],"about":[{"href":"https:\/\/grupotoa.website\/stuff\/legadodeamor\/wp-json\/wp\/v2\/types\/product"}],"replies":[{"embeddable":true,"href":"https:\/\/grupotoa.website\/stuff\/legadodeamor\/wp-json\/wp\/v2\/comments?post=1685"}],"wp:featuredmedia":[{"embeddable":true,"href":"https:\/\/grupotoa.website\/stuff\/legadodeamor\/wp-json\/wp\/v2\/media\/780"}],"wp:attachment":[{"href":"https:\/\/grupotoa.website\/stuff\/legadodeamor\/wp-json\/wp\/v2\/media?parent=1685"}],"wp:term":[{"taxonomy":"product_brand","embeddable":true,"href":"https:\/\/grupotoa.website\/stuff\/legadodeamor\/wp-json\/wp\/v2\/product_brand?post=1685"},{"taxonomy":"product_cat","embeddable":true,"href":"https:\/\/grupotoa.website\/stuff\/legadodeamor\/wp-json\/wp\/v2\/product_cat?post=1685"},{"taxonomy":"product_tag","embeddable":true,"href":"https:\/\/grupotoa.website\/stuff\/legadodeamor\/wp-json\/wp\/v2\/product_tag?post=1685"}],"curies":[{"name":"wp","href":"https:\/\/api.w.org\/{rel}","templated":true}]}}