{"id":1686,"date":"2025-09-19T01:10:49","date_gmt":"2025-09-18T23:10:49","guid":{"rendered":"https:\/\/grupotoa.website\/stuff\/legadodeamor\/?post_type=product&#038;p=1686"},"modified":"2025-09-19T01:10:49","modified_gmt":"2025-09-18T23:10:49","slug":"extractor-de-leche-locina","status":"publish","type":"product","link":"https:\/\/grupotoa.website\/stuff\/legadodeamor\/producto\/extractor-de-leche-locina\/","title":{"rendered":"Extractor de leche Locina"},"content":{"rendered":"<div class=\"elementor-element elementor-element-333f3a49 elementor-widget elementor-widget-heading\" data-id=\"333f3a49\" data-element_type=\"widget\" data-widget_type=\"heading.default\">\n<div class=\"elementor-widget-container\">\n<h3 class=\"elementor-heading-title elementor-size-default\">Caracter\u00edsticas principales<\/h3>\n<\/div>\n<\/div>\n<div class=\"elementor-element elementor-element-4083de76 elementor-widget elementor-widget-text-editor\" data-id=\"4083de76\" data-element_type=\"widget\" data-widget_type=\"text-editor.default\">\n<div class=\"elementor-widget-container\">\n<ul>\n<li><strong>Precio:<\/strong>\u00a0Q.750.00<\/li>\n<li><strong>Marca:<\/strong>\u00a0Locina<\/li>\n<li><strong>Presentaci\u00f3n:<\/strong>\u00a0El extractor incluye todo lo necesario para su uso inmediato (incluyendo accesorios).<\/li>\n<li>Ofrece 3 estilos diferentes de extracci\u00f3n.<\/li>\n<li>Dispone de 8 niveles de succi\u00f3n.<\/li>\n<li>Pantalla LCD retroiluminada.<\/li>\n<\/ul>\n<\/div>\n<\/div>\n<div class=\"elementor-element elementor-element-37eb5aa8 elementor-widget elementor-widget-heading\" data-id=\"37eb5aa8\" data-element_type=\"widget\" data-widget_type=\"heading.default\">\n<div class=\"elementor-widget-container\">\n<h3 class=\"elementor-heading-title elementor-size-default\">Beneficios<\/h3>\n<\/div>\n<\/div>\n<div class=\"elementor-element elementor-element-2200f351 elementor-widget elementor-widget-text-editor\" data-id=\"2200f351\" data-element_type=\"widget\" data-widget_type=\"text-editor.default\">\n<div class=\"elementor-widget-container\">\n<ul>\n<li>Extracci\u00f3n r\u00e1pida y eficiente.<\/li>\n<li>Dise\u00f1o higi\u00e9nico y seguro.<\/li>\n<li>Accesorios incluidos.<\/li>\n<\/ul>\n<\/div>\n<\/div>\n<div class=\"elementor-element elementor-element-2908e6d1 elementor-widget elementor-widget-heading\" data-id=\"2908e6d1\" data-element_type=\"widget\" data-widget_type=\"heading.default\">\n<div class=\"elementor-widget-container\">\n<h3 class=\"elementor-heading-title elementor-size-default\">Instrucciones de uso y limpieza<\/h3>\n<\/div>\n<\/div>\n<div class=\"elementor-element elementor-element-1ff9e6fd elementor-widget elementor-widget-text-editor\" data-id=\"1ff9e6fd\" data-element_type=\"widget\" data-widget_type=\"text-editor.default\">\n<div class=\"elementor-widget-container\">\n<ul>\n<li>Despu\u00e9s de cada uso desmonta las partes, lava con agua tibia y jab\u00f3n suave.<\/li>\n<li>No laves las partes recargables.<\/li>\n<\/ul>\n<\/div>\n<\/div>\n","protected":false},"excerpt":{"rendered":"<p>Caracter\u00edsticas principales Precio:\u00a0Q.750.00 Marca:\u00a0Locina Presentaci\u00f3n:\u00a0El extractor incluye todo lo necesario para su uso inmediato (incluyendo accesorios). Ofrece 3 estilos diferentes de extracci\u00f3n. Dispone de 8 niveles de succi\u00f3n. Pantalla LCD retroiluminada. Beneficios Extracci\u00f3n r\u00e1pida y eficiente. Dise\u00f1o higi\u00e9nico y seguro. Accesorios incluidos. Instrucciones de uso y limpieza Despu\u00e9s de cada uso desmonta las partes, lava [&hellip;]<\/p>\n","protected":false},"featured_media":785,"comment_status":"open","ping_status":"closed","template":"","meta":[],"product_brand":[37],"product_cat":[36],"product_tag":[],"class_list":{"0":"post-1686","1":"product","2":"type-product","3":"status-publish","4":"has-post-thumbnail","6":"product_brand-locina","7":"product_cat-extractores-y-esterilizadores","9":"first","10":"instock","11":"shipping-taxable","12":"product-type-simple"},"_links":{"self":[{"href":"https:\/\/grupotoa.website\/stuff\/legadodeamor\/wp-json\/wp\/v2\/product\/1686","targetHints":{"allow":["GET"]}}],"collection":[{"href":"https:\/\/grupotoa.website\/stuff\/legadodeamor\/wp-json\/wp\/v2\/product"}],"about":[{"href":"https:\/\/grupotoa.website\/stuff\/legadodeamor\/wp-json\/wp\/v2\/types\/product"}],"replies":[{"embeddable":true,"href":"https:\/\/grupotoa.website\/stuff\/legadodeamor\/wp-json\/wp\/v2\/comments?post=1686"}],"wp:featuredmedia":[{"embeddable":true,"href":"https:\/\/grupotoa.website\/stuff\/legadodeamor\/wp-json\/wp\/v2\/media\/785"}],"wp:attachment":[{"href":"https:\/\/grupotoa.website\/stuff\/legadodeamor\/wp-json\/wp\/v2\/media?parent=1686"}],"wp:term":[{"taxonomy":"product_brand","embeddable":true,"href":"https:\/\/grupotoa.website\/stuff\/legadodeamor\/wp-json\/wp\/v2\/product_brand?post=1686"},{"taxonomy":"product_cat","embeddable":true,"href":"https:\/\/grupotoa.website\/stuff\/legadodeamor\/wp-json\/wp\/v2\/product_cat?post=1686"},{"taxonomy":"product_tag","embeddable":true,"href":"https:\/\/grupotoa.website\/stuff\/legadodeamor\/wp-json\/wp\/v2\/product_tag?post=1686"}],"curies":[{"name":"wp","href":"https:\/\/api.w.org\/{rel}","templated":true}]}}