{"id":1687,"date":"2025-09-19T01:11:32","date_gmt":"2025-09-18T23:11:32","guid":{"rendered":"https:\/\/grupotoa.website\/stuff\/legadodeamor\/?post_type=product&#038;p=1687"},"modified":"2025-09-19T01:11:32","modified_gmt":"2025-09-18T23:11:32","slug":"esterilizador-inteligente-deimel","status":"publish","type":"product","link":"https:\/\/grupotoa.website\/stuff\/legadodeamor\/producto\/esterilizador-inteligente-deimel\/","title":{"rendered":"Esterilizador inteligente Deimel"},"content":{"rendered":"<div class=\"elementor-element elementor-element-5e50cef elementor-widget elementor-widget-heading\" data-id=\"5e50cef\" data-element_type=\"widget\" data-widget_type=\"heading.default\">\n<div class=\"elementor-widget-container\">\n<h3 class=\"elementor-heading-title elementor-size-default\">Caracter\u00edsticas principales<\/h3>\n<\/div>\n<\/div>\n<div class=\"elementor-element elementor-element-264f809c elementor-widget elementor-widget-text-editor\" data-id=\"264f809c\" data-element_type=\"widget\" data-widget_type=\"text-editor.default\">\n<div class=\"elementor-widget-container\">\n<ul>\n<li><strong>Precio:<\/strong>\u00a0Q.860.00<\/li>\n<li><strong>Marca:<\/strong>\u00a0Deimel<\/li>\n<li><strong>Presentaci\u00f3n:<\/strong>\u00a0Libre de BPA, garantizando la seguridad del beb\u00e9.<\/li>\n<li>Capacidad para hasta 12 biberones de boca ancha o est\u00e1ndar con sus accesorios.<\/li>\n<li>Funciones Multifuncionales.<\/li>\n<li>Pantalla t\u00e1ctil con luz LED.<\/li>\n<\/ul>\n<\/div>\n<\/div>\n<div class=\"elementor-element elementor-element-14aee4ff elementor-widget elementor-widget-heading\" data-id=\"14aee4ff\" data-element_type=\"widget\" data-widget_type=\"heading.default\">\n<div class=\"elementor-widget-container\">\n<h3 class=\"elementor-heading-title elementor-size-default\">Beneficios<\/h3>\n<\/div>\n<\/div>\n<div class=\"elementor-element elementor-element-140245cb elementor-widget elementor-widget-text-editor\" data-id=\"140245cb\" data-element_type=\"widget\" data-widget_type=\"text-editor.default\">\n<div class=\"elementor-widget-container\">\n<ul>\n<li>Elimina hasta el 99.9% de bacterias y g\u00e9rmenes, asegurando utensilios seguros para el beb\u00e9.<\/li>\n<li>Dise\u00f1o Compacto y Eficiente.<\/li>\n<li>F\u00e1cil de Usar.<\/li>\n<\/ul>\n<\/div>\n<\/div>\n<div class=\"elementor-element elementor-element-3ba04099 elementor-widget elementor-widget-heading\" data-id=\"3ba04099\" data-element_type=\"widget\" data-widget_type=\"heading.default\">\n<div class=\"elementor-widget-container\">\n<h3 class=\"elementor-heading-title elementor-size-default\">Instrucciones de uso y limpieza<\/h3>\n<\/div>\n<\/div>\n<div class=\"elementor-element elementor-element-36740d66 elementor-widget elementor-widget-text-editor\" data-id=\"36740d66\" data-element_type=\"widget\" data-widget_type=\"text-editor.default\">\n<div class=\"elementor-widget-container\">\n<ul>\n<li>Espere a que el dispositivo se enfr\u00ede completamente antes de proceder a la limpieza.<\/li>\n<li>Con un pa\u00f1o suave y seco, limpie el interior del dispositivo para eliminar cualquier residuo de agua o minerales.<\/li>\n<\/ul>\n<\/div>\n<\/div>\n","protected":false},"excerpt":{"rendered":"<p>Caracter\u00edsticas principales Precio:\u00a0Q.860.00 Marca:\u00a0Deimel Presentaci\u00f3n:\u00a0Libre de BPA, garantizando la seguridad del beb\u00e9. Capacidad para hasta 12 biberones de boca ancha o est\u00e1ndar con sus accesorios. Funciones Multifuncionales. Pantalla t\u00e1ctil con luz LED. Beneficios Elimina hasta el 99.9% de bacterias y g\u00e9rmenes, asegurando utensilios seguros para el beb\u00e9. Dise\u00f1o Compacto y Eficiente. F\u00e1cil de Usar. Instrucciones [&hellip;]<\/p>\n","protected":false},"featured_media":789,"comment_status":"open","ping_status":"closed","template":"","meta":[],"product_brand":[38],"product_cat":[36],"product_tag":[],"class_list":{"0":"post-1687","1":"product","2":"type-product","3":"status-publish","4":"has-post-thumbnail","6":"product_brand-deimel","7":"product_cat-extractores-y-esterilizadores","9":"first","10":"instock","11":"shipping-taxable","12":"product-type-simple"},"_links":{"self":[{"href":"https:\/\/grupotoa.website\/stuff\/legadodeamor\/wp-json\/wp\/v2\/product\/1687","targetHints":{"allow":["GET"]}}],"collection":[{"href":"https:\/\/grupotoa.website\/stuff\/legadodeamor\/wp-json\/wp\/v2\/product"}],"about":[{"href":"https:\/\/grupotoa.website\/stuff\/legadodeamor\/wp-json\/wp\/v2\/types\/product"}],"replies":[{"embeddable":true,"href":"https:\/\/grupotoa.website\/stuff\/legadodeamor\/wp-json\/wp\/v2\/comments?post=1687"}],"wp:featuredmedia":[{"embeddable":true,"href":"https:\/\/grupotoa.website\/stuff\/legadodeamor\/wp-json\/wp\/v2\/media\/789"}],"wp:attachment":[{"href":"https:\/\/grupotoa.website\/stuff\/legadodeamor\/wp-json\/wp\/v2\/media?parent=1687"}],"wp:term":[{"taxonomy":"product_brand","embeddable":true,"href":"https:\/\/grupotoa.website\/stuff\/legadodeamor\/wp-json\/wp\/v2\/product_brand?post=1687"},{"taxonomy":"product_cat","embeddable":true,"href":"https:\/\/grupotoa.website\/stuff\/legadodeamor\/wp-json\/wp\/v2\/product_cat?post=1687"},{"taxonomy":"product_tag","embeddable":true,"href":"https:\/\/grupotoa.website\/stuff\/legadodeamor\/wp-json\/wp\/v2\/product_tag?post=1687"}],"curies":[{"name":"wp","href":"https:\/\/api.w.org\/{rel}","templated":true}]}}