{"id":1688,"date":"2025-09-19T01:12:21","date_gmt":"2025-09-18T23:12:21","guid":{"rendered":"https:\/\/grupotoa.website\/stuff\/legadodeamor\/?post_type=product&#038;p=1688"},"modified":"2025-09-19T01:12:21","modified_gmt":"2025-09-18T23:12:21","slug":"extractor-manual-de-leche-lansinoh","status":"publish","type":"product","link":"https:\/\/grupotoa.website\/stuff\/legadodeamor\/producto\/extractor-manual-de-leche-lansinoh\/","title":{"rendered":"Extractor manual de leche Lansinoh"},"content":{"rendered":"<div class=\"elementor-element elementor-element-3c63131b elementor-widget elementor-widget-heading\" data-id=\"3c63131b\" data-element_type=\"widget\" data-widget_type=\"heading.default\">\n<div class=\"elementor-widget-container\">\n<h3 class=\"elementor-heading-title elementor-size-default\">Caracter\u00edsticas principales<\/h3>\n<\/div>\n<\/div>\n<div class=\"elementor-element elementor-element-11f1cb15 elementor-widget elementor-widget-text-editor\" data-id=\"11f1cb15\" data-element_type=\"widget\" data-widget_type=\"text-editor.default\">\n<div class=\"elementor-widget-container\">\n<ul>\n<li><strong>Precio:<\/strong>\u00a0Q.430.00<\/li>\n<li><strong>Marca:<\/strong>\u00a0Lansinoh<\/li>\n<li><strong>Tecnolog\u00eda de Doble Fase:<\/strong>\u00a0Imita el patr\u00f3n de succi\u00f3n natural del beb\u00e9.<\/li>\n<li>Mango Ergon\u00f3mico Easy-Express\u2122<\/li>\n<li>Compatibilidad con Botellas Lansinoh.<\/li>\n<\/ul>\n<\/div>\n<\/div>\n<div class=\"elementor-element elementor-element-7c53adf elementor-widget elementor-widget-heading\" data-id=\"7c53adf\" data-element_type=\"widget\" data-widget_type=\"heading.default\">\n<div class=\"elementor-widget-container\">\n<h3 class=\"elementor-heading-title elementor-size-default\">Beneficios<\/h3>\n<\/div>\n<\/div>\n<div class=\"elementor-element elementor-element-4bdeb2fa elementor-widget elementor-widget-text-editor\" data-id=\"4bdeb2fa\" data-element_type=\"widget\" data-widget_type=\"text-editor.default\">\n<div class=\"elementor-widget-container\">\n<ul>\n<li>Ideal para madres que necesitan extraer leche fuera de casa o mientras viajan.<\/li>\n<li>El dise\u00f1o ergon\u00f3mico y el coj\u00edn suave proporcionan una experiencia de extracci\u00f3n m\u00e1s c\u00f3moda.<\/li>\n<li>Los materiales libres de BPA y BPS aseguran que el extractor sea seguro para la madre y el beb\u00e9.<\/li>\n<\/ul>\n<\/div>\n<\/div>\n<div class=\"elementor-element elementor-element-5e8010cd elementor-widget elementor-widget-heading\" data-id=\"5e8010cd\" data-element_type=\"widget\" data-widget_type=\"heading.default\">\n<div class=\"elementor-widget-container\">\n<h3 class=\"elementor-heading-title elementor-size-default\">Instrucciones de uso y limpieza<\/h3>\n<\/div>\n<\/div>\n<div class=\"elementor-element elementor-element-6b5a9ea3 elementor-widget elementor-widget-text-editor\" data-id=\"6b5a9ea3\" data-element_type=\"widget\" data-widget_type=\"text-editor.default\">\n<div class=\"elementor-widget-container\">\n<ul>\n<li>L\u00e1vese las manos con agua y jab\u00f3n antes de manipular el extractor.<\/li>\n<li>Se recomienda esterilizar el extractor regularmente para garantizar su higiene.<\/li>\n<\/ul>\n<\/div>\n<\/div>\n","protected":false},"excerpt":{"rendered":"<p>Caracter\u00edsticas principales Precio:\u00a0Q.430.00 Marca:\u00a0Lansinoh Tecnolog\u00eda de Doble Fase:\u00a0Imita el patr\u00f3n de succi\u00f3n natural del beb\u00e9. Mango Ergon\u00f3mico Easy-Express\u2122 Compatibilidad con Botellas Lansinoh. Beneficios Ideal para madres que necesitan extraer leche fuera de casa o mientras viajan. El dise\u00f1o ergon\u00f3mico y el coj\u00edn suave proporcionan una experiencia de extracci\u00f3n m\u00e1s c\u00f3moda. Los materiales libres de BPA [&hellip;]<\/p>\n","protected":false},"featured_media":795,"comment_status":"open","ping_status":"closed","template":"","meta":[],"product_brand":[29],"product_cat":[36],"product_tag":[],"class_list":{"0":"post-1688","1":"product","2":"type-product","3":"status-publish","4":"has-post-thumbnail","6":"product_brand-lansinoh","7":"product_cat-extractores-y-esterilizadores","9":"first","10":"instock","11":"shipping-taxable","12":"product-type-simple"},"_links":{"self":[{"href":"https:\/\/grupotoa.website\/stuff\/legadodeamor\/wp-json\/wp\/v2\/product\/1688","targetHints":{"allow":["GET"]}}],"collection":[{"href":"https:\/\/grupotoa.website\/stuff\/legadodeamor\/wp-json\/wp\/v2\/product"}],"about":[{"href":"https:\/\/grupotoa.website\/stuff\/legadodeamor\/wp-json\/wp\/v2\/types\/product"}],"replies":[{"embeddable":true,"href":"https:\/\/grupotoa.website\/stuff\/legadodeamor\/wp-json\/wp\/v2\/comments?post=1688"}],"wp:featuredmedia":[{"embeddable":true,"href":"https:\/\/grupotoa.website\/stuff\/legadodeamor\/wp-json\/wp\/v2\/media\/795"}],"wp:attachment":[{"href":"https:\/\/grupotoa.website\/stuff\/legadodeamor\/wp-json\/wp\/v2\/media?parent=1688"}],"wp:term":[{"taxonomy":"product_brand","embeddable":true,"href":"https:\/\/grupotoa.website\/stuff\/legadodeamor\/wp-json\/wp\/v2\/product_brand?post=1688"},{"taxonomy":"product_cat","embeddable":true,"href":"https:\/\/grupotoa.website\/stuff\/legadodeamor\/wp-json\/wp\/v2\/product_cat?post=1688"},{"taxonomy":"product_tag","embeddable":true,"href":"https:\/\/grupotoa.website\/stuff\/legadodeamor\/wp-json\/wp\/v2\/product_tag?post=1688"}],"curies":[{"name":"wp","href":"https:\/\/api.w.org\/{rel}","templated":true}]}}