{"id":1689,"date":"2025-09-19T01:13:02","date_gmt":"2025-09-18T23:13:02","guid":{"rendered":"https:\/\/grupotoa.website\/stuff\/legadodeamor\/?post_type=product&#038;p=1689"},"modified":"2025-09-19T01:13:02","modified_gmt":"2025-09-18T23:13:02","slug":"extractor-manual-de-leche-pigeon","status":"publish","type":"product","link":"https:\/\/grupotoa.website\/stuff\/legadodeamor\/producto\/extractor-manual-de-leche-pigeon\/","title":{"rendered":"Extractor manual de leche Pigeon"},"content":{"rendered":"<div class=\"elementor-element elementor-element-3c59b91a elementor-widget elementor-widget-heading\" data-id=\"3c59b91a\" data-element_type=\"widget\" data-widget_type=\"heading.default\">\n<div class=\"elementor-widget-container\">\n<h3 class=\"elementor-heading-title elementor-size-default\">Caracter\u00edsticas principales<\/h3>\n<\/div>\n<\/div>\n<div class=\"elementor-element elementor-element-2cc0233e elementor-widget elementor-widget-text-editor\" data-id=\"2cc0233e\" data-element_type=\"widget\" data-widget_type=\"text-editor.default\">\n<div class=\"elementor-widget-container\">\n<ul>\n<li><strong>Precio:<\/strong>\u00a0Q395.00<\/li>\n<li><strong>Marca:<\/strong>\u00a0Pigeon<\/li>\n<li><strong>Presentaci\u00f3n:<\/strong>\u00a0Libre de BPA, garantizando la seguridad del beb\u00e9.<\/li>\n<li><strong>Tecnolog\u00eda de Doble Fase:<\/strong>\u00a0Imita el patr\u00f3n de succi\u00f3n natural del beb\u00e9.<\/li>\n<li>Mango Ergon\u00f3mico<\/li>\n<li>F\u00e1cil montaje y limpieza.<\/li>\n<\/ul>\n<\/div>\n<\/div>\n<div class=\"elementor-element elementor-element-453ab5cb elementor-widget elementor-widget-heading\" data-id=\"453ab5cb\" data-element_type=\"widget\" data-widget_type=\"heading.default\">\n<div class=\"elementor-widget-container\">\n<h3 class=\"elementor-heading-title elementor-size-default\">Beneficios<\/h3>\n<\/div>\n<\/div>\n<div class=\"elementor-element elementor-element-44147fe1 elementor-widget elementor-widget-text-editor\" data-id=\"44147fe1\" data-element_type=\"widget\" data-widget_type=\"text-editor.default\">\n<div class=\"elementor-widget-container\">\n<ul>\n<li>Imita la succi\u00f3n natural del beb\u00e9.<\/li>\n<li>Discreto y silencioso.<\/li>\n<li>Apoya la lactancia prolongada.<\/li>\n<\/ul>\n<\/div>\n<\/div>\n<div class=\"elementor-element elementor-element-70c7ec2c elementor-widget elementor-widget-heading\" data-id=\"70c7ec2c\" data-element_type=\"widget\" data-widget_type=\"heading.default\">\n<div class=\"elementor-widget-container\">\n<h3 class=\"elementor-heading-title elementor-size-default\">Instrucciones de uso y limpieza<\/h3>\n<\/div>\n<\/div>\n<div class=\"elementor-element elementor-element-1a5965d7 elementor-widget elementor-widget-text-editor\" data-id=\"1a5965d7\" data-element_type=\"widget\" data-widget_type=\"text-editor.default\">\n<div class=\"elementor-widget-container\">\n<ul>\n<li>L\u00e1vese las manos con agua y jab\u00f3n antes de manipular el extractor.<\/li>\n<li>Se recomienda esterilizar el extractor regularmente para garantizar su higiene.<\/li>\n<\/ul>\n<\/div>\n<\/div>\n","protected":false},"excerpt":{"rendered":"<p>Caracter\u00edsticas principales Precio:\u00a0Q395.00 Marca:\u00a0Pigeon Presentaci\u00f3n:\u00a0Libre de BPA, garantizando la seguridad del beb\u00e9. Tecnolog\u00eda de Doble Fase:\u00a0Imita el patr\u00f3n de succi\u00f3n natural del beb\u00e9. Mango Ergon\u00f3mico F\u00e1cil montaje y limpieza. Beneficios Imita la succi\u00f3n natural del beb\u00e9. Discreto y silencioso. Apoya la lactancia prolongada. Instrucciones de uso y limpieza L\u00e1vese las manos con agua y jab\u00f3n [&hellip;]<\/p>\n","protected":false},"featured_media":801,"comment_status":"open","ping_status":"closed","template":"","meta":[],"product_brand":[28],"product_cat":[36],"product_tag":[],"class_list":{"0":"post-1689","1":"product","2":"type-product","3":"status-publish","4":"has-post-thumbnail","6":"product_brand-pigeon","7":"product_cat-extractores-y-esterilizadores","9":"first","10":"instock","11":"shipping-taxable","12":"product-type-simple"},"_links":{"self":[{"href":"https:\/\/grupotoa.website\/stuff\/legadodeamor\/wp-json\/wp\/v2\/product\/1689","targetHints":{"allow":["GET"]}}],"collection":[{"href":"https:\/\/grupotoa.website\/stuff\/legadodeamor\/wp-json\/wp\/v2\/product"}],"about":[{"href":"https:\/\/grupotoa.website\/stuff\/legadodeamor\/wp-json\/wp\/v2\/types\/product"}],"replies":[{"embeddable":true,"href":"https:\/\/grupotoa.website\/stuff\/legadodeamor\/wp-json\/wp\/v2\/comments?post=1689"}],"wp:featuredmedia":[{"embeddable":true,"href":"https:\/\/grupotoa.website\/stuff\/legadodeamor\/wp-json\/wp\/v2\/media\/801"}],"wp:attachment":[{"href":"https:\/\/grupotoa.website\/stuff\/legadodeamor\/wp-json\/wp\/v2\/media?parent=1689"}],"wp:term":[{"taxonomy":"product_brand","embeddable":true,"href":"https:\/\/grupotoa.website\/stuff\/legadodeamor\/wp-json\/wp\/v2\/product_brand?post=1689"},{"taxonomy":"product_cat","embeddable":true,"href":"https:\/\/grupotoa.website\/stuff\/legadodeamor\/wp-json\/wp\/v2\/product_cat?post=1689"},{"taxonomy":"product_tag","embeddable":true,"href":"https:\/\/grupotoa.website\/stuff\/legadodeamor\/wp-json\/wp\/v2\/product_tag?post=1689"}],"curies":[{"name":"wp","href":"https:\/\/api.w.org\/{rel}","templated":true}]}}