{"id":1690,"date":"2025-09-19T01:14:16","date_gmt":"2025-09-18T23:14:16","guid":{"rendered":"https:\/\/grupotoa.website\/stuff\/legadodeamor\/?post_type=product&#038;p=1690"},"modified":"2025-09-19T01:14:16","modified_gmt":"2025-09-18T23:14:16","slug":"colector-de-leche-materna-lansinoh","status":"publish","type":"product","link":"https:\/\/grupotoa.website\/stuff\/legadodeamor\/producto\/colector-de-leche-materna-lansinoh\/","title":{"rendered":"Colector de leche materna Lansinoh"},"content":{"rendered":"<div class=\"elementor-element elementor-element-3c22d865 elementor-widget elementor-widget-heading\" data-id=\"3c22d865\" data-element_type=\"widget\" data-widget_type=\"heading.default\">\n<div class=\"elementor-widget-container\">\n<h3 class=\"elementor-heading-title elementor-size-default\">Caracter\u00edsticas principales<\/h3>\n<\/div>\n<\/div>\n<div class=\"elementor-element elementor-element-409b9644 elementor-widget elementor-widget-text-editor\" data-id=\"409b9644\" data-element_type=\"widget\" data-widget_type=\"text-editor.default\">\n<div class=\"elementor-widget-container\">\n<ul>\n<li><strong>Precio:<\/strong>\u00a0Q180.00<\/li>\n<li><strong>Marca:<\/strong>\u00a0Lansinoh<\/li>\n<li><strong>Presentaci\u00f3n:<\/strong>\u00a0Accesorio dise\u00f1ado para recolectar la leche que se produce en el pecho no amamantado durante la lactancia.<\/li>\n<li>Material de Silicona 100%.<\/li>\n<li>Capacidad de Recolecci\u00f3n.<\/li>\n<li>Dise\u00f1o Discreto y C\u00f3modo.<\/li>\n<\/ul>\n<\/div>\n<\/div>\n<div class=\"elementor-element elementor-element-7e9fb607 elementor-widget elementor-widget-heading\" data-id=\"7e9fb607\" data-element_type=\"widget\" data-widget_type=\"heading.default\">\n<div class=\"elementor-widget-container\">\n<h3 class=\"elementor-heading-title elementor-size-default\">Beneficios<\/h3>\n<\/div>\n<\/div>\n<div class=\"elementor-element elementor-element-1afcee6e elementor-widget elementor-widget-text-editor\" data-id=\"1afcee6e\" data-element_type=\"widget\" data-widget_type=\"text-editor.default\">\n<div class=\"elementor-widget-container\">\n<ul>\n<li>Previene el Desperdicio de Leche Materna.<\/li>\n<li>Comodidad y Suavidad.<\/li>\n<li>Evita la Irritaci\u00f3n del Pecho.<\/li>\n<\/ul>\n<\/div>\n<\/div>\n<div class=\"elementor-element elementor-element-14482f6a elementor-widget elementor-widget-heading\" data-id=\"14482f6a\" data-element_type=\"widget\" data-widget_type=\"heading.default\">\n<div class=\"elementor-widget-container\">\n<h3 class=\"elementor-heading-title elementor-size-default\">Instrucciones de uso y limpieza<\/h3>\n<\/div>\n<\/div>\n<div class=\"elementor-element elementor-element-6c977ffb elementor-widget elementor-widget-text-editor\" data-id=\"6c977ffb\" data-element_type=\"widget\" data-widget_type=\"text-editor.default\">\n<div class=\"elementor-widget-container\">\n<ul>\n<li>Enjuagar Despu\u00e9s de Cada Uso con jab\u00f3n suave.<\/li>\n<li>Lavar a Mano o en lavavajillas.<\/li>\n<\/ul>\n<\/div>\n<\/div>\n","protected":false},"excerpt":{"rendered":"<p>Caracter\u00edsticas principales Precio:\u00a0Q180.00 Marca:\u00a0Lansinoh Presentaci\u00f3n:\u00a0Accesorio dise\u00f1ado para recolectar la leche que se produce en el pecho no amamantado durante la lactancia. Material de Silicona 100%. Capacidad de Recolecci\u00f3n. Dise\u00f1o Discreto y C\u00f3modo. Beneficios Previene el Desperdicio de Leche Materna. Comodidad y Suavidad. Evita la Irritaci\u00f3n del Pecho. Instrucciones de uso y limpieza Enjuagar Despu\u00e9s de [&hellip;]<\/p>\n","protected":false},"featured_media":807,"comment_status":"open","ping_status":"closed","template":"","meta":[],"product_brand":[29],"product_cat":[36],"product_tag":[],"class_list":{"0":"post-1690","1":"product","2":"type-product","3":"status-publish","4":"has-post-thumbnail","6":"product_brand-lansinoh","7":"product_cat-extractores-y-esterilizadores","9":"first","10":"instock","11":"shipping-taxable","12":"product-type-simple"},"_links":{"self":[{"href":"https:\/\/grupotoa.website\/stuff\/legadodeamor\/wp-json\/wp\/v2\/product\/1690","targetHints":{"allow":["GET"]}}],"collection":[{"href":"https:\/\/grupotoa.website\/stuff\/legadodeamor\/wp-json\/wp\/v2\/product"}],"about":[{"href":"https:\/\/grupotoa.website\/stuff\/legadodeamor\/wp-json\/wp\/v2\/types\/product"}],"replies":[{"embeddable":true,"href":"https:\/\/grupotoa.website\/stuff\/legadodeamor\/wp-json\/wp\/v2\/comments?post=1690"}],"wp:featuredmedia":[{"embeddable":true,"href":"https:\/\/grupotoa.website\/stuff\/legadodeamor\/wp-json\/wp\/v2\/media\/807"}],"wp:attachment":[{"href":"https:\/\/grupotoa.website\/stuff\/legadodeamor\/wp-json\/wp\/v2\/media?parent=1690"}],"wp:term":[{"taxonomy":"product_brand","embeddable":true,"href":"https:\/\/grupotoa.website\/stuff\/legadodeamor\/wp-json\/wp\/v2\/product_brand?post=1690"},{"taxonomy":"product_cat","embeddable":true,"href":"https:\/\/grupotoa.website\/stuff\/legadodeamor\/wp-json\/wp\/v2\/product_cat?post=1690"},{"taxonomy":"product_tag","embeddable":true,"href":"https:\/\/grupotoa.website\/stuff\/legadodeamor\/wp-json\/wp\/v2\/product_tag?post=1690"}],"curies":[{"name":"wp","href":"https:\/\/api.w.org\/{rel}","templated":true}]}}