{"id":1692,"date":"2025-09-19T01:16:54","date_gmt":"2025-09-18T23:16:54","guid":{"rendered":"https:\/\/grupotoa.website\/stuff\/legadodeamor\/?post_type=product&#038;p=1692"},"modified":"2025-09-19T01:16:54","modified_gmt":"2025-09-18T23:16:54","slug":"esterilizador-y-secador-electrico-de-pachas-con-filtro-de-aire","status":"publish","type":"product","link":"https:\/\/grupotoa.website\/stuff\/legadodeamor\/producto\/esterilizador-y-secador-electrico-de-pachas-con-filtro-de-aire\/","title":{"rendered":"Esterilizador y secador el\u00e9ctrico de pachas, con filtro de aire"},"content":{"rendered":"<div class=\"elementor-element elementor-element-dc92a0b elementor-widget elementor-widget-heading\" data-id=\"dc92a0b\" data-element_type=\"widget\" data-widget_type=\"heading.default\">\n<div class=\"elementor-widget-container\">\n<h3 class=\"elementor-heading-title elementor-size-default\">Caracter\u00edsticas principales<\/h3>\n<\/div>\n<\/div>\n<div class=\"elementor-element elementor-element-501cbb34 elementor-widget elementor-widget-text-editor\" data-id=\"501cbb34\" data-element_type=\"widget\" data-widget_type=\"text-editor.default\">\n<div class=\"elementor-widget-container\">\n<ul>\n<li><strong>Precio:<\/strong>\u00a0Q.815.00<\/li>\n<li><strong>Marca:<\/strong>\u00a0Dr. Browns<\/li>\n<li><strong>Presentaci\u00f3n:<\/strong>\u00a0Dispositivo avanzado dise\u00f1ado para facilitar la higiene de los utensilios del beb\u00e9.<\/li>\n<li>Esterilizaci\u00f3n r\u00e1pida y eficaz<\/li>\n<li>Secado con aire filtrado (HEPA o similar)<\/li>\n<li>Alta capacidad y dise\u00f1o modular.<\/li>\n<\/ul>\n<\/div>\n<\/div>\n<div class=\"elementor-element elementor-element-1bdddc0f elementor-widget elementor-widget-heading\" data-id=\"1bdddc0f\" data-element_type=\"widget\" data-widget_type=\"heading.default\">\n<div class=\"elementor-widget-container\">\n<h3 class=\"elementor-heading-title elementor-size-default\">Beneficios<\/h3>\n<\/div>\n<\/div>\n<div class=\"elementor-element elementor-element-6941dcc5 elementor-widget elementor-widget-text-editor\" data-id=\"6941dcc5\" data-element_type=\"widget\" data-widget_type=\"text-editor.default\">\n<div class=\"elementor-widget-container\">\n<ul>\n<li>Elimina hasta el 99.9% de bacterias y virus gracias al vapor natural.<\/li>\n<li>Secado higi\u00e9nico sin toallas.<\/li>\n<li>Ahorro de tiempo y energ\u00eda.<\/li>\n<\/ul>\n<\/div>\n<\/div>\n<div class=\"elementor-element elementor-element-65b55a94 elementor-widget elementor-widget-heading\" data-id=\"65b55a94\" data-element_type=\"widget\" data-widget_type=\"heading.default\">\n<div class=\"elementor-widget-container\">\n<h3 class=\"elementor-heading-title elementor-size-default\">Instrucciones de uso y limpieza<\/h3>\n<\/div>\n<\/div>\n<div class=\"elementor-element elementor-element-2f82abe3 elementor-widget elementor-widget-text-editor\" data-id=\"2f82abe3\" data-element_type=\"widget\" data-widget_type=\"text-editor.default\">\n<div class=\"elementor-widget-container\">\n<ul>\n<li>Lave los biberones antes de usar con agua tibia y jab\u00f3n, utilice agua destilada o filtrada.<\/li>\n<li>Limpie con un pa\u00f1o suave y h\u00famedo despu\u00e9s de utilizar el esterilizador.<\/li>\n<\/ul>\n<\/div>\n<\/div>\n","protected":false},"excerpt":{"rendered":"<p>Caracter\u00edsticas principales Precio:\u00a0Q.815.00 Marca:\u00a0Dr. Browns Presentaci\u00f3n:\u00a0Dispositivo avanzado dise\u00f1ado para facilitar la higiene de los utensilios del beb\u00e9. Esterilizaci\u00f3n r\u00e1pida y eficaz Secado con aire filtrado (HEPA o similar) Alta capacidad y dise\u00f1o modular. Beneficios Elimina hasta el 99.9% de bacterias y virus gracias al vapor natural. Secado higi\u00e9nico sin toallas. Ahorro de tiempo y energ\u00eda. [&hellip;]<\/p>\n","protected":false},"featured_media":818,"comment_status":"open","ping_status":"closed","template":"","meta":[],"product_brand":[31],"product_cat":[36],"product_tag":[],"class_list":{"0":"post-1692","1":"product","2":"type-product","3":"status-publish","4":"has-post-thumbnail","6":"product_brand-dr-browns","7":"product_cat-extractores-y-esterilizadores","9":"first","10":"instock","11":"shipping-taxable","12":"product-type-simple"},"_links":{"self":[{"href":"https:\/\/grupotoa.website\/stuff\/legadodeamor\/wp-json\/wp\/v2\/product\/1692","targetHints":{"allow":["GET"]}}],"collection":[{"href":"https:\/\/grupotoa.website\/stuff\/legadodeamor\/wp-json\/wp\/v2\/product"}],"about":[{"href":"https:\/\/grupotoa.website\/stuff\/legadodeamor\/wp-json\/wp\/v2\/types\/product"}],"replies":[{"embeddable":true,"href":"https:\/\/grupotoa.website\/stuff\/legadodeamor\/wp-json\/wp\/v2\/comments?post=1692"}],"wp:featuredmedia":[{"embeddable":true,"href":"https:\/\/grupotoa.website\/stuff\/legadodeamor\/wp-json\/wp\/v2\/media\/818"}],"wp:attachment":[{"href":"https:\/\/grupotoa.website\/stuff\/legadodeamor\/wp-json\/wp\/v2\/media?parent=1692"}],"wp:term":[{"taxonomy":"product_brand","embeddable":true,"href":"https:\/\/grupotoa.website\/stuff\/legadodeamor\/wp-json\/wp\/v2\/product_brand?post=1692"},{"taxonomy":"product_cat","embeddable":true,"href":"https:\/\/grupotoa.website\/stuff\/legadodeamor\/wp-json\/wp\/v2\/product_cat?post=1692"},{"taxonomy":"product_tag","embeddable":true,"href":"https:\/\/grupotoa.website\/stuff\/legadodeamor\/wp-json\/wp\/v2\/product_tag?post=1692"}],"curies":[{"name":"wp","href":"https:\/\/api.w.org\/{rel}","templated":true}]}}