{"id":1693,"date":"2025-09-19T01:17:33","date_gmt":"2025-09-18T23:17:33","guid":{"rendered":"https:\/\/grupotoa.website\/stuff\/legadodeamor\/?post_type=product&#038;p=1693"},"modified":"2025-09-19T01:17:33","modified_gmt":"2025-09-18T23:17:33","slug":"calentador-y-esterilizador-de-pacha-deluxe","status":"publish","type":"product","link":"https:\/\/grupotoa.website\/stuff\/legadodeamor\/producto\/calentador-y-esterilizador-de-pacha-deluxe\/","title":{"rendered":"Calentador y esterilizador de Pacha Deluxe"},"content":{"rendered":"<div class=\"elementor-element elementor-element-7894a044 elementor-widget elementor-widget-heading\" data-id=\"7894a044\" data-element_type=\"widget\" data-widget_type=\"heading.default\">\n<div class=\"elementor-widget-container\">\n<h3 class=\"elementor-heading-title elementor-size-default\">Caracter\u00edsticas principales<\/h3>\n<\/div>\n<\/div>\n<div class=\"elementor-element elementor-element-460c4fc elementor-widget elementor-widget-text-editor\" data-id=\"460c4fc\" data-element_type=\"widget\" data-widget_type=\"text-editor.default\">\n<div class=\"elementor-widget-container\">\n<ul>\n<li><strong>Precio:<\/strong> Q500.00<\/li>\n<li><strong>Marca:<\/strong>\u00a0Dr. Browns<\/li>\n<li><strong>Presentaci\u00f3n:<\/strong>\u00a0Dispositivo multifuncional dise\u00f1ado para facilitar la alimentaci\u00f3n y cuidado del beb\u00e9.<\/li>\n<li>Calentamiento R\u00e1pido y Seguro.<\/li>\n<li>Funci\u00f3n de Esterilizaci\u00f3n.<\/li>\n<li>Alta capacidad y dise\u00f1o modular.<\/li>\n<\/ul>\n<\/div>\n<\/div>\n<div class=\"elementor-element elementor-element-1f8deeb elementor-widget elementor-widget-heading\" data-id=\"1f8deeb\" data-element_type=\"widget\" data-widget_type=\"heading.default\">\n<div class=\"elementor-widget-container\">\n<h3 class=\"elementor-heading-title elementor-size-default\">Beneficios<\/h3>\n<\/div>\n<\/div>\n<div class=\"elementor-element elementor-element-7878d40e elementor-widget elementor-widget-text-editor\" data-id=\"7878d40e\" data-element_type=\"widget\" data-widget_type=\"text-editor.default\">\n<div class=\"elementor-widget-container\">\n<ul>\n<li>Combina calentador de biberones y esterilizador de vapor.<\/li>\n<li>Calienta de forma r\u00e1pida y uniforme.<\/li>\n<li>Esterilizaci\u00f3n profunda y segura.<\/li>\n<\/ul>\n<\/div>\n<\/div>\n<div class=\"elementor-element elementor-element-1e33a8ae elementor-widget elementor-widget-heading\" data-id=\"1e33a8ae\" data-element_type=\"widget\" data-widget_type=\"heading.default\">\n<div class=\"elementor-widget-container\">\n<h3 class=\"elementor-heading-title elementor-size-default\">Instrucciones de uso y limpieza<\/h3>\n<\/div>\n<\/div>\n<div class=\"elementor-element elementor-element-5170ec16 elementor-widget elementor-widget-text-editor\" data-id=\"5170ec16\" data-element_type=\"widget\" data-widget_type=\"text-editor.default\">\n<div class=\"elementor-widget-container\">\n<ul>\n<li>Antes de usarlo por primera vez, lava todas las partes removibles con agua tibia y jab\u00f3n suave.<\/li>\n<li>Siga las instrucciones de limpieza acorde al uso diario o mensual.<\/li>\n<\/ul>\n<\/div>\n<\/div>\n","protected":false},"excerpt":{"rendered":"<p>Caracter\u00edsticas principales Precio: Q500.00 Marca:\u00a0Dr. Browns Presentaci\u00f3n:\u00a0Dispositivo multifuncional dise\u00f1ado para facilitar la alimentaci\u00f3n y cuidado del beb\u00e9. Calentamiento R\u00e1pido y Seguro. Funci\u00f3n de Esterilizaci\u00f3n. Alta capacidad y dise\u00f1o modular. Beneficios Combina calentador de biberones y esterilizador de vapor. Calienta de forma r\u00e1pida y uniforme. Esterilizaci\u00f3n profunda y segura. Instrucciones de uso y limpieza Antes de [&hellip;]<\/p>\n","protected":false},"featured_media":825,"comment_status":"open","ping_status":"closed","template":"","meta":[],"product_brand":[31],"product_cat":[36],"product_tag":[],"class_list":{"0":"post-1693","1":"product","2":"type-product","3":"status-publish","4":"has-post-thumbnail","6":"product_brand-dr-browns","7":"product_cat-extractores-y-esterilizadores","9":"first","10":"instock","11":"shipping-taxable","12":"product-type-simple"},"_links":{"self":[{"href":"https:\/\/grupotoa.website\/stuff\/legadodeamor\/wp-json\/wp\/v2\/product\/1693","targetHints":{"allow":["GET"]}}],"collection":[{"href":"https:\/\/grupotoa.website\/stuff\/legadodeamor\/wp-json\/wp\/v2\/product"}],"about":[{"href":"https:\/\/grupotoa.website\/stuff\/legadodeamor\/wp-json\/wp\/v2\/types\/product"}],"replies":[{"embeddable":true,"href":"https:\/\/grupotoa.website\/stuff\/legadodeamor\/wp-json\/wp\/v2\/comments?post=1693"}],"wp:featuredmedia":[{"embeddable":true,"href":"https:\/\/grupotoa.website\/stuff\/legadodeamor\/wp-json\/wp\/v2\/media\/825"}],"wp:attachment":[{"href":"https:\/\/grupotoa.website\/stuff\/legadodeamor\/wp-json\/wp\/v2\/media?parent=1693"}],"wp:term":[{"taxonomy":"product_brand","embeddable":true,"href":"https:\/\/grupotoa.website\/stuff\/legadodeamor\/wp-json\/wp\/v2\/product_brand?post=1693"},{"taxonomy":"product_cat","embeddable":true,"href":"https:\/\/grupotoa.website\/stuff\/legadodeamor\/wp-json\/wp\/v2\/product_cat?post=1693"},{"taxonomy":"product_tag","embeddable":true,"href":"https:\/\/grupotoa.website\/stuff\/legadodeamor\/wp-json\/wp\/v2\/product_tag?post=1693"}],"curies":[{"name":"wp","href":"https:\/\/api.w.org\/{rel}","templated":true}]}}