{"id":1694,"date":"2025-09-19T01:18:20","date_gmt":"2025-09-18T23:18:20","guid":{"rendered":"https:\/\/grupotoa.website\/stuff\/legadodeamor\/?post_type=product&#038;p=1694"},"modified":"2025-09-19T01:18:20","modified_gmt":"2025-09-18T23:18:20","slug":"calentador-biberones-deimel","status":"publish","type":"product","link":"https:\/\/grupotoa.website\/stuff\/legadodeamor\/producto\/calentador-biberones-deimel\/","title":{"rendered":"Calentador biberones Deimel"},"content":{"rendered":"<div class=\"elementor-element elementor-element-6fb5d562 elementor-widget elementor-widget-heading\" data-id=\"6fb5d562\" data-element_type=\"widget\" data-widget_type=\"heading.default\">\n<div class=\"elementor-widget-container\">\n<h3 class=\"elementor-heading-title elementor-size-default\">Caracter\u00edsticas principales<\/h3>\n<\/div>\n<\/div>\n<div class=\"elementor-element elementor-element-77b63795 elementor-widget elementor-widget-text-editor\" data-id=\"77b63795\" data-element_type=\"widget\" data-widget_type=\"text-editor.default\">\n<div class=\"elementor-widget-container\">\n<ul>\n<li><strong>Precio:<\/strong>\u00a0Q300.00<\/li>\n<li><strong>Marca:<\/strong>\u00a0Deimel<\/li>\n<li><strong>Presentaci\u00f3n:<\/strong>\u00a0El calentador tiene un dise\u00f1o ergon\u00f3mico que permite un uso f\u00e1cil y r\u00e1pido.<\/li>\n<li>La temperatura perfecta 40\u00b0C para calentar la leche del biber\u00f3n.<\/li>\n<li>Esta temperatura se mantendr\u00e1 hasta la hora de alimentar a su beb\u00e9.<\/li>\n<li>Mantendr\u00e1 caliente la comida a 70\u00b0C.<\/li>\n<li>100\u00b0C para esterilizar chupones, mordedores o chupetes.<\/li>\n<li>Tiene un indicador de luz roja que se apaga cuando llega a la temperatura deseada.<\/li>\n<li>Ocupa poco espacio en la cocina.<\/li>\n<li>Libre de BPA.<\/li>\n<\/ul>\n<\/div>\n<\/div>\n<div class=\"elementor-element elementor-element-758af130 elementor-widget elementor-widget-heading\" data-id=\"758af130\" data-element_type=\"widget\" data-widget_type=\"heading.default\">\n<div class=\"elementor-widget-container\">\n<h3 class=\"elementor-heading-title elementor-size-default\">Instrucciones de uso y limpieza<\/h3>\n<\/div>\n<\/div>\n<div class=\"elementor-element elementor-element-25bedc5e elementor-widget elementor-widget-text-editor\" data-id=\"25bedc5e\" data-element_type=\"widget\" data-widget_type=\"text-editor.default\">\n<div class=\"elementor-widget-container\">\n<ul>\n<li>Despu\u00e9s de cada uso, d\u00e9jalo enfriar, limpiarlo bien con un pa\u00f1o limpio para retirar el exceso de agua, y usar un pa\u00f1o h\u00famedo para el interior.<\/li>\n<\/ul>\n<\/div>\n<\/div>\n","protected":false},"excerpt":{"rendered":"<p>Caracter\u00edsticas principales Precio:\u00a0Q300.00 Marca:\u00a0Deimel Presentaci\u00f3n:\u00a0El calentador tiene un dise\u00f1o ergon\u00f3mico que permite un uso f\u00e1cil y r\u00e1pido. La temperatura perfecta 40\u00b0C para calentar la leche del biber\u00f3n. Esta temperatura se mantendr\u00e1 hasta la hora de alimentar a su beb\u00e9. Mantendr\u00e1 caliente la comida a 70\u00b0C. 100\u00b0C para esterilizar chupones, mordedores o chupetes. Tiene un indicador [&hellip;]<\/p>\n","protected":false},"featured_media":830,"comment_status":"open","ping_status":"closed","template":"","meta":[],"product_brand":[38],"product_cat":[36],"product_tag":[],"class_list":{"0":"post-1694","1":"product","2":"type-product","3":"status-publish","4":"has-post-thumbnail","6":"product_brand-deimel","7":"product_cat-extractores-y-esterilizadores","9":"first","10":"instock","11":"shipping-taxable","12":"product-type-simple"},"_links":{"self":[{"href":"https:\/\/grupotoa.website\/stuff\/legadodeamor\/wp-json\/wp\/v2\/product\/1694","targetHints":{"allow":["GET"]}}],"collection":[{"href":"https:\/\/grupotoa.website\/stuff\/legadodeamor\/wp-json\/wp\/v2\/product"}],"about":[{"href":"https:\/\/grupotoa.website\/stuff\/legadodeamor\/wp-json\/wp\/v2\/types\/product"}],"replies":[{"embeddable":true,"href":"https:\/\/grupotoa.website\/stuff\/legadodeamor\/wp-json\/wp\/v2\/comments?post=1694"}],"wp:featuredmedia":[{"embeddable":true,"href":"https:\/\/grupotoa.website\/stuff\/legadodeamor\/wp-json\/wp\/v2\/media\/830"}],"wp:attachment":[{"href":"https:\/\/grupotoa.website\/stuff\/legadodeamor\/wp-json\/wp\/v2\/media?parent=1694"}],"wp:term":[{"taxonomy":"product_brand","embeddable":true,"href":"https:\/\/grupotoa.website\/stuff\/legadodeamor\/wp-json\/wp\/v2\/product_brand?post=1694"},{"taxonomy":"product_cat","embeddable":true,"href":"https:\/\/grupotoa.website\/stuff\/legadodeamor\/wp-json\/wp\/v2\/product_cat?post=1694"},{"taxonomy":"product_tag","embeddable":true,"href":"https:\/\/grupotoa.website\/stuff\/legadodeamor\/wp-json\/wp\/v2\/product_tag?post=1694"}],"curies":[{"name":"wp","href":"https:\/\/api.w.org\/{rel}","templated":true}]}}