{"id":1695,"date":"2025-09-19T01:18:53","date_gmt":"2025-09-18T23:18:53","guid":{"rendered":"https:\/\/grupotoa.website\/stuff\/legadodeamor\/?post_type=product&#038;p=1695"},"modified":"2025-09-19T01:18:53","modified_gmt":"2025-09-18T23:18:53","slug":"esterilizador-a-vapor-para-microondas-2","status":"publish","type":"product","link":"https:\/\/grupotoa.website\/stuff\/legadodeamor\/producto\/esterilizador-a-vapor-para-microondas-2\/","title":{"rendered":"Esterilizador a vapor para microondas"},"content":{"rendered":"<div class=\"elementor-element elementor-element-5e87a4ba elementor-widget elementor-widget-heading\" data-id=\"5e87a4ba\" data-element_type=\"widget\" data-widget_type=\"heading.default\">\n<div class=\"elementor-widget-container\">\n<h3 class=\"elementor-heading-title elementor-size-default\">Caracter\u00edsticas principales<\/h3>\n<\/div>\n<\/div>\n<div class=\"elementor-element elementor-element-45c907e2 elementor-widget elementor-widget-text-editor\" data-id=\"45c907e2\" data-element_type=\"widget\" data-widget_type=\"text-editor.default\">\n<div class=\"elementor-widget-container\">\n<ul>\n<li><strong>Precio:<\/strong>\u00a0Q400.00<\/li>\n<li><strong>Marca:<\/strong>\u00a0Avent<\/li>\n<li>Esterilizador para uso de Microondas<\/li>\n<li>R\u00e1pido y pr\u00e1ctico.<\/li>\n<li>Dise\u00f1o compacto y liviano.<\/li>\n<\/ul>\n<\/div>\n<\/div>\n<div class=\"elementor-element elementor-element-62806964 elementor-widget elementor-widget-heading\" data-id=\"62806964\" data-element_type=\"widget\" data-widget_type=\"heading.default\">\n<div class=\"elementor-widget-container\">\n<h3 class=\"elementor-heading-title elementor-size-default\">Beneficios<\/h3>\n<\/div>\n<\/div>\n<div class=\"elementor-element elementor-element-4dad0c11 elementor-widget elementor-widget-text-editor\" data-id=\"4dad0c11\" data-element_type=\"widget\" data-widget_type=\"text-editor.default\">\n<div class=\"elementor-widget-container\">\n<ul>\n<li>El esterilizador a vapor para microondas Philips Avent es una excelente elecci\u00f3n para esterilizar r\u00e1pida y eficazmente dentro o fuera de casa. Se pueden esterilizar hasta 4 biberones o productos Philips Avent a la vez y elimina el 99,9% de g\u00e9rmenes en solo 2 minutos.<\/li>\n<li>Dimensiones: 27.5 x 27 x 16 cm.<\/li>\n<\/ul>\n<\/div>\n<\/div>\n<div class=\"elementor-element elementor-element-4a886162 elementor-widget elementor-widget-heading\" data-id=\"4a886162\" data-element_type=\"widget\" data-widget_type=\"heading.default\">\n<div class=\"elementor-widget-container\">\n<h3 class=\"elementor-heading-title elementor-size-default\">Instrucciones de uso y limpieza<\/h3>\n<\/div>\n<\/div>\n<div class=\"elementor-element elementor-element-45dc078e elementor-widget elementor-widget-text-editor\" data-id=\"45dc078e\" data-element_type=\"widget\" data-widget_type=\"text-editor.default\">\n<div class=\"elementor-widget-container\">\n<ul>\n<li>Lava todas las piezas (bandeja, base y tapa) con agua tibia y jab\u00f3n.<\/li>\n<li>No coloques el esterilizador en el lavavajillas y no utilizar sin agua.<\/li>\n<\/ul>\n<\/div>\n<\/div>\n","protected":false},"excerpt":{"rendered":"<p>Caracter\u00edsticas principales Precio:\u00a0Q400.00 Marca:\u00a0Avent Esterilizador para uso de Microondas R\u00e1pido y pr\u00e1ctico. Dise\u00f1o compacto y liviano. Beneficios El esterilizador a vapor para microondas Philips Avent es una excelente elecci\u00f3n para esterilizar r\u00e1pida y eficazmente dentro o fuera de casa. Se pueden esterilizar hasta 4 biberones o productos Philips Avent a la vez y elimina el [&hellip;]<\/p>\n","protected":false},"featured_media":835,"comment_status":"open","ping_status":"closed","template":"","meta":[],"product_brand":[30],"product_cat":[36],"product_tag":[],"class_list":{"0":"post-1695","1":"product","2":"type-product","3":"status-publish","4":"has-post-thumbnail","6":"product_brand-philips","7":"product_cat-extractores-y-esterilizadores","9":"first","10":"instock","11":"shipping-taxable","12":"product-type-simple"},"_links":{"self":[{"href":"https:\/\/grupotoa.website\/stuff\/legadodeamor\/wp-json\/wp\/v2\/product\/1695","targetHints":{"allow":["GET"]}}],"collection":[{"href":"https:\/\/grupotoa.website\/stuff\/legadodeamor\/wp-json\/wp\/v2\/product"}],"about":[{"href":"https:\/\/grupotoa.website\/stuff\/legadodeamor\/wp-json\/wp\/v2\/types\/product"}],"replies":[{"embeddable":true,"href":"https:\/\/grupotoa.website\/stuff\/legadodeamor\/wp-json\/wp\/v2\/comments?post=1695"}],"wp:featuredmedia":[{"embeddable":true,"href":"https:\/\/grupotoa.website\/stuff\/legadodeamor\/wp-json\/wp\/v2\/media\/835"}],"wp:attachment":[{"href":"https:\/\/grupotoa.website\/stuff\/legadodeamor\/wp-json\/wp\/v2\/media?parent=1695"}],"wp:term":[{"taxonomy":"product_brand","embeddable":true,"href":"https:\/\/grupotoa.website\/stuff\/legadodeamor\/wp-json\/wp\/v2\/product_brand?post=1695"},{"taxonomy":"product_cat","embeddable":true,"href":"https:\/\/grupotoa.website\/stuff\/legadodeamor\/wp-json\/wp\/v2\/product_cat?post=1695"},{"taxonomy":"product_tag","embeddable":true,"href":"https:\/\/grupotoa.website\/stuff\/legadodeamor\/wp-json\/wp\/v2\/product_tag?post=1695"}],"curies":[{"name":"wp","href":"https:\/\/api.w.org\/{rel}","templated":true}]}}