{"id":1699,"date":"2025-09-19T01:21:43","date_gmt":"2025-09-18T23:21:43","guid":{"rendered":"https:\/\/grupotoa.website\/stuff\/legadodeamor\/?post_type=product&#038;p=1699"},"modified":"2025-09-19T01:21:43","modified_gmt":"2025-09-18T23:21:43","slug":"aspirador-nasal-recargable","status":"publish","type":"product","link":"https:\/\/grupotoa.website\/stuff\/legadodeamor\/producto\/aspirador-nasal-recargable\/","title":{"rendered":"Aspirador Nasal Recargable"},"content":{"rendered":"<div class=\"elementor-element elementor-element-56e3d2d3 elementor-widget elementor-widget-heading\" data-id=\"56e3d2d3\" data-element_type=\"widget\" data-widget_type=\"heading.default\">\n<div class=\"elementor-widget-container\">\n<h3 class=\"elementor-heading-title elementor-size-default\">Caracter\u00edsticas principales<\/h3>\n<\/div>\n<\/div>\n<div class=\"elementor-element elementor-element-455d25a7 elementor-widget elementor-widget-text-editor\" data-id=\"455d25a7\" data-element_type=\"widget\" data-widget_type=\"text-editor.default\">\n<div class=\"elementor-widget-container\">\n<ul>\n<li><strong>Precio:<\/strong>\u00a0Q200.00<\/li>\n<li><strong>Marca:<\/strong>\u00a0Deimel<\/li>\n<li><strong>Presentaci\u00f3n:<\/strong>\u00a0Dispositivo dise\u00f1ado para facilitar la limpieza nasal en beb\u00e9s y ni\u00f1os peque\u00f1os.<\/li>\n<li><strong>Edad recomendada:<\/strong>\u00a0Adecuado para ni\u00f1os 0 meses\u00a0hasta 7 a\u00f1os.<\/li>\n<li>5 niveles de succi\u00f3n ajustables para adaptarse a cualquier necesidad.<\/li>\n<li>2 cabezales de silicona suave que cuidan la delicada piel del beb\u00e9.<\/li>\n<li>F\u00e1cil de limpiar y mantener higi\u00e9nico gracias a sus piezas desmontables.<\/li>\n<li>Portabilidad m\u00e1xima con bater\u00eda recargable v\u00eda USB.<\/li>\n<li>Incluye 5 filtros de repuesto para un uso prolongado.<\/li>\n<\/ul>\n<\/div>\n<\/div>\n<div class=\"elementor-element elementor-element-4baf6ac9 elementor-widget elementor-widget-heading\" data-id=\"4baf6ac9\" data-element_type=\"widget\" data-widget_type=\"heading.default\">\n<div class=\"elementor-widget-container\">\n<h3 class=\"elementor-heading-title elementor-size-default\">Beneficios<\/h3>\n<\/div>\n<\/div>\n<div class=\"elementor-element elementor-element-214dbdea elementor-widget elementor-widget-text-editor\" data-id=\"214dbdea\" data-element_type=\"widget\" data-widget_type=\"text-editor.default\">\n<div class=\"elementor-widget-container\">\n<ul>\n<li>Incluye filtros de repuesto.<\/li>\n<li>F\u00e1cil de usar.<\/li>\n<\/ul>\n<\/div>\n<\/div>\n<div class=\"elementor-element elementor-element-38a164b8 elementor-widget elementor-widget-heading\" data-id=\"38a164b8\" data-element_type=\"widget\" data-widget_type=\"heading.default\">\n<div class=\"elementor-widget-container\">\n<h3 class=\"elementor-heading-title elementor-size-default\">Instrucciones de uso y limpieza<\/h3>\n<\/div>\n<\/div>\n<div class=\"elementor-element elementor-element-455e404f elementor-widget elementor-widget-text-editor\" data-id=\"455e404f\" data-element_type=\"widget\" data-widget_type=\"text-editor.default\">\n<div class=\"elementor-widget-container\">\n<ul>\n<li>Aseg\u00farate de que el aspirador est\u00e9 completamente cargado antes de su uso.<\/li>\n<li>Desmontar, limpiar y secar a mano las piezas despu\u00e9s de uso. Guardar en un lugar seco.<\/li>\n<\/ul>\n<\/div>\n<\/div>\n","protected":false},"excerpt":{"rendered":"<p>Caracter\u00edsticas principales Precio:\u00a0Q200.00 Marca:\u00a0Deimel Presentaci\u00f3n:\u00a0Dispositivo dise\u00f1ado para facilitar la limpieza nasal en beb\u00e9s y ni\u00f1os peque\u00f1os. Edad recomendada:\u00a0Adecuado para ni\u00f1os 0 meses\u00a0hasta 7 a\u00f1os. 5 niveles de succi\u00f3n ajustables para adaptarse a cualquier necesidad. 2 cabezales de silicona suave que cuidan la delicada piel del beb\u00e9. F\u00e1cil de limpiar y mantener higi\u00e9nico gracias a sus [&hellip;]<\/p>\n","protected":false},"featured_media":868,"comment_status":"open","ping_status":"closed","template":"","meta":[],"product_brand":[38],"product_cat":[39],"product_tag":[],"class_list":{"0":"post-1699","1":"product","2":"type-product","3":"status-publish","4":"has-post-thumbnail","6":"product_brand-deimel","7":"product_cat-accesorios-para-bebe","9":"first","10":"instock","11":"shipping-taxable","12":"product-type-simple"},"_links":{"self":[{"href":"https:\/\/grupotoa.website\/stuff\/legadodeamor\/wp-json\/wp\/v2\/product\/1699","targetHints":{"allow":["GET"]}}],"collection":[{"href":"https:\/\/grupotoa.website\/stuff\/legadodeamor\/wp-json\/wp\/v2\/product"}],"about":[{"href":"https:\/\/grupotoa.website\/stuff\/legadodeamor\/wp-json\/wp\/v2\/types\/product"}],"replies":[{"embeddable":true,"href":"https:\/\/grupotoa.website\/stuff\/legadodeamor\/wp-json\/wp\/v2\/comments?post=1699"}],"wp:featuredmedia":[{"embeddable":true,"href":"https:\/\/grupotoa.website\/stuff\/legadodeamor\/wp-json\/wp\/v2\/media\/868"}],"wp:attachment":[{"href":"https:\/\/grupotoa.website\/stuff\/legadodeamor\/wp-json\/wp\/v2\/media?parent=1699"}],"wp:term":[{"taxonomy":"product_brand","embeddable":true,"href":"https:\/\/grupotoa.website\/stuff\/legadodeamor\/wp-json\/wp\/v2\/product_brand?post=1699"},{"taxonomy":"product_cat","embeddable":true,"href":"https:\/\/grupotoa.website\/stuff\/legadodeamor\/wp-json\/wp\/v2\/product_cat?post=1699"},{"taxonomy":"product_tag","embeddable":true,"href":"https:\/\/grupotoa.website\/stuff\/legadodeamor\/wp-json\/wp\/v2\/product_tag?post=1699"}],"curies":[{"name":"wp","href":"https:\/\/api.w.org\/{rel}","templated":true}]}}