{"id":1701,"date":"2025-09-19T01:23:10","date_gmt":"2025-09-18T23:23:10","guid":{"rendered":"https:\/\/grupotoa.website\/stuff\/legadodeamor\/?post_type=product&#038;p=1701"},"modified":"2025-09-19T01:23:10","modified_gmt":"2025-09-18T23:23:10","slug":"cepillo-giratorio-de-esponja","status":"publish","type":"product","link":"https:\/\/grupotoa.website\/stuff\/legadodeamor\/producto\/cepillo-giratorio-de-esponja\/","title":{"rendered":"Cepillo Giratorio de Esponja"},"content":{"rendered":"<div class=\"elementor-element elementor-element-6d99ccac elementor-widget elementor-widget-heading\" data-id=\"6d99ccac\" data-element_type=\"widget\" data-widget_type=\"heading.default\">\n<div class=\"elementor-widget-container\">\n<h3 class=\"elementor-heading-title elementor-size-default\">Caracter\u00edsticas principales<\/h3>\n<\/div>\n<\/div>\n<div class=\"elementor-element elementor-element-4622c8a9 elementor-widget elementor-widget-text-editor\" data-id=\"4622c8a9\" data-element_type=\"widget\" data-widget_type=\"text-editor.default\">\n<div class=\"elementor-widget-container\">\n<ul>\n<li><strong>Precio:<\/strong>\u00a0Q56.00<\/li>\n<li><strong>Marca:<\/strong>\u00a0Pigeon<\/li>\n<li><strong>Presentaci\u00f3n:<\/strong>\u00a0accesorio dise\u00f1ado para facilitar la limpieza de biberones y tetinas, especialmente en el per\u00edodo de lactancia.<\/li>\n<li>Esponja Suave.<\/li>\n<li>Movimiento Giratorio y Recto.<\/li>\n<li>Ideal para Biberones de Pl\u00e1stico y Vidrio.<\/li>\n<\/ul>\n<\/div>\n<\/div>\n<div class=\"elementor-element elementor-element-d36a0c4 elementor-widget elementor-widget-heading\" data-id=\"d36a0c4\" data-element_type=\"widget\" data-widget_type=\"heading.default\">\n<div class=\"elementor-widget-container\">\n<h3 class=\"elementor-heading-title elementor-size-default\">Beneficios<\/h3>\n<\/div>\n<\/div>\n<div class=\"elementor-element elementor-element-58125bcb elementor-widget elementor-widget-text-editor\" data-id=\"58125bcb\" data-element_type=\"widget\" data-widget_type=\"text-editor.default\">\n<div class=\"elementor-widget-container\">\n<ul>\n<li>Mayor higiene para el beb\u00e9.<\/li>\n<li>Dise\u00f1o ergon\u00f3mico y f\u00e1cil de usar.<\/li>\n<li>Materiales seguros.<\/li>\n<\/ul>\n<\/div>\n<\/div>\n<div class=\"elementor-element elementor-element-219f0e8e elementor-widget elementor-widget-heading\" data-id=\"219f0e8e\" data-element_type=\"widget\" data-widget_type=\"heading.default\">\n<div class=\"elementor-widget-container\">\n<h3 class=\"elementor-heading-title elementor-size-default\">Instrucciones de uso y limpieza<\/h3>\n<\/div>\n<\/div>\n<div class=\"elementor-element elementor-element-4bbe650 elementor-widget elementor-widget-text-editor\" data-id=\"4bbe650\" data-element_type=\"widget\" data-widget_type=\"text-editor.default\">\n<div class=\"elementor-widget-container\">\n<ul>\n<li>Despu\u00e9s de cada uso vac\u00ede la botella completamente, enjuaga\u00a0con agua y jab\u00f3n .<\/li>\n<li>Lava con jab\u00f3n suave y agua caliente.<\/li>\n<\/ul>\n<\/div>\n<\/div>\n","protected":false},"excerpt":{"rendered":"<p>Caracter\u00edsticas principales Precio:\u00a0Q56.00 Marca:\u00a0Pigeon Presentaci\u00f3n:\u00a0accesorio dise\u00f1ado para facilitar la limpieza de biberones y tetinas, especialmente en el per\u00edodo de lactancia. Esponja Suave. Movimiento Giratorio y Recto. Ideal para Biberones de Pl\u00e1stico y Vidrio. Beneficios Mayor higiene para el beb\u00e9. Dise\u00f1o ergon\u00f3mico y f\u00e1cil de usar. Materiales seguros. Instrucciones de uso y limpieza Despu\u00e9s de cada [&hellip;]<\/p>\n","protected":false},"featured_media":874,"comment_status":"open","ping_status":"closed","template":"","meta":[],"product_brand":[28],"product_cat":[39],"product_tag":[],"class_list":{"0":"post-1701","1":"product","2":"type-product","3":"status-publish","4":"has-post-thumbnail","6":"product_brand-pigeon","7":"product_cat-accesorios-para-bebe","9":"first","10":"instock","11":"shipping-taxable","12":"product-type-simple"},"_links":{"self":[{"href":"https:\/\/grupotoa.website\/stuff\/legadodeamor\/wp-json\/wp\/v2\/product\/1701","targetHints":{"allow":["GET"]}}],"collection":[{"href":"https:\/\/grupotoa.website\/stuff\/legadodeamor\/wp-json\/wp\/v2\/product"}],"about":[{"href":"https:\/\/grupotoa.website\/stuff\/legadodeamor\/wp-json\/wp\/v2\/types\/product"}],"replies":[{"embeddable":true,"href":"https:\/\/grupotoa.website\/stuff\/legadodeamor\/wp-json\/wp\/v2\/comments?post=1701"}],"wp:featuredmedia":[{"embeddable":true,"href":"https:\/\/grupotoa.website\/stuff\/legadodeamor\/wp-json\/wp\/v2\/media\/874"}],"wp:attachment":[{"href":"https:\/\/grupotoa.website\/stuff\/legadodeamor\/wp-json\/wp\/v2\/media?parent=1701"}],"wp:term":[{"taxonomy":"product_brand","embeddable":true,"href":"https:\/\/grupotoa.website\/stuff\/legadodeamor\/wp-json\/wp\/v2\/product_brand?post=1701"},{"taxonomy":"product_cat","embeddable":true,"href":"https:\/\/grupotoa.website\/stuff\/legadodeamor\/wp-json\/wp\/v2\/product_cat?post=1701"},{"taxonomy":"product_tag","embeddable":true,"href":"https:\/\/grupotoa.website\/stuff\/legadodeamor\/wp-json\/wp\/v2\/product_tag?post=1701"}],"curies":[{"name":"wp","href":"https:\/\/api.w.org\/{rel}","templated":true}]}}