{"id":1702,"date":"2025-09-19T01:23:46","date_gmt":"2025-09-18T23:23:46","guid":{"rendered":"https:\/\/grupotoa.website\/stuff\/legadodeamor\/?post_type=product&#038;p=1702"},"modified":"2025-09-19T01:23:46","modified_gmt":"2025-09-18T23:23:46","slug":"duo-biberones-anticolicos-11onz-3m-color-celeste-2","status":"publish","type":"product","link":"https:\/\/grupotoa.website\/stuff\/legadodeamor\/producto\/duo-biberones-anticolicos-11onz-3m-color-celeste-2\/","title":{"rendered":"Duo Biberones Antic\u00f3licos 11onz 3m+ color celeste"},"content":{"rendered":"<div class=\"elementor-element elementor-element-22b9af8e elementor-widget elementor-widget-heading\" data-id=\"22b9af8e\" data-element_type=\"widget\" data-widget_type=\"heading.default\">\n<div class=\"elementor-widget-container\">\n<h3 class=\"elementor-heading-title elementor-size-default\">Caracter\u00edsticas principales<\/h3>\n<\/div>\n<\/div>\n<div class=\"elementor-element elementor-element-83c6e72 elementor-widget elementor-widget-text-editor\" data-id=\"83c6e72\" data-element_type=\"widget\" data-widget_type=\"text-editor.default\">\n<div class=\"elementor-widget-container\">\n<ul>\n<li><strong>Precio:<\/strong>\u00a0Q250.00<\/li>\n<li><strong>Marca:<\/strong>\u00a0Lansinoh<\/li>\n<li><strong>Presentaci\u00f3n:<\/strong>\u00a0Almohadillas terap\u00e9uticas dise\u00f1adas para brindar alivio a las molestias comunes durante la lactancia, como congesti\u00f3n mamaria, conductos obstruidos y mastitis.<\/li>\n<li><strong>Edad recomendada:<\/strong>\u00a0Adultas, espec\u00edficamente mam\u00e1s lactantes de cualquier edad.<\/li>\n<li>Terapia 3 en 1.<\/li>\n<li>Tecnolog\u00eda TheraPearl\u00ae.<\/li>\n<li>Forma ergon\u00f3mica.<\/li>\n<\/ul>\n<\/div>\n<\/div>\n<div class=\"elementor-element elementor-element-1489a177 elementor-widget elementor-widget-heading\" data-id=\"1489a177\" data-element_type=\"widget\" data-widget_type=\"heading.default\">\n<div class=\"elementor-widget-container\">\n<h3 class=\"elementor-heading-title elementor-size-default\">Beneficios<\/h3>\n<\/div>\n<\/div>\n<div class=\"elementor-element elementor-element-3504e52a elementor-widget elementor-widget-text-editor\" data-id=\"3504e52a\" data-element_type=\"widget\" data-widget_type=\"text-editor.default\">\n<div class=\"elementor-widget-container\">\n<ul>\n<li>Material seguro, libre de BPA, BPS y l\u00e1tex .<\/li>\n<li>F\u00e1cil de calentar o enfriar.<\/li>\n<li>Reutilizables y duraderas.<\/li>\n<\/ul>\n<\/div>\n<\/div>\n<div class=\"elementor-element elementor-element-1c3eaeb6 elementor-widget elementor-widget-heading\" data-id=\"1c3eaeb6\" data-element_type=\"widget\" data-widget_type=\"heading.default\">\n<div class=\"elementor-widget-container\">\n<h3 class=\"elementor-heading-title elementor-size-default\">Instrucciones de uso y limpieza<\/h3>\n<\/div>\n<\/div>\n<div class=\"elementor-element elementor-element-6d170938 elementor-widget elementor-widget-text-editor\" data-id=\"6d170938\" data-element_type=\"widget\" data-widget_type=\"text-editor.default\">\n<div class=\"elementor-widget-container\">\n<ul>\n<li>No sumergir en agua ni meter al lavavajillas (compresas).<\/li>\n<li>Lavar a mano o en lavadora con agua fr\u00eda. (fundas)<\/li>\n<\/ul>\n<\/div>\n<\/div>\n","protected":false},"excerpt":{"rendered":"<p>Caracter\u00edsticas principales Precio:\u00a0Q250.00 Marca:\u00a0Lansinoh Presentaci\u00f3n:\u00a0Almohadillas terap\u00e9uticas dise\u00f1adas para brindar alivio a las molestias comunes durante la lactancia, como congesti\u00f3n mamaria, conductos obstruidos y mastitis. Edad recomendada:\u00a0Adultas, espec\u00edficamente mam\u00e1s lactantes de cualquier edad. Terapia 3 en 1. Tecnolog\u00eda TheraPearl\u00ae. Forma ergon\u00f3mica. Beneficios Material seguro, libre de BPA, BPS y l\u00e1tex . F\u00e1cil de calentar o enfriar. [&hellip;]<\/p>\n","protected":false},"featured_media":878,"comment_status":"open","ping_status":"closed","template":"","meta":[],"product_brand":[29],"product_cat":[39],"product_tag":[],"class_list":{"0":"post-1702","1":"product","2":"type-product","3":"status-publish","4":"has-post-thumbnail","6":"product_brand-lansinoh","7":"product_cat-accesorios-para-bebe","9":"first","10":"instock","11":"shipping-taxable","12":"product-type-simple"},"_links":{"self":[{"href":"https:\/\/grupotoa.website\/stuff\/legadodeamor\/wp-json\/wp\/v2\/product\/1702","targetHints":{"allow":["GET"]}}],"collection":[{"href":"https:\/\/grupotoa.website\/stuff\/legadodeamor\/wp-json\/wp\/v2\/product"}],"about":[{"href":"https:\/\/grupotoa.website\/stuff\/legadodeamor\/wp-json\/wp\/v2\/types\/product"}],"replies":[{"embeddable":true,"href":"https:\/\/grupotoa.website\/stuff\/legadodeamor\/wp-json\/wp\/v2\/comments?post=1702"}],"wp:featuredmedia":[{"embeddable":true,"href":"https:\/\/grupotoa.website\/stuff\/legadodeamor\/wp-json\/wp\/v2\/media\/878"}],"wp:attachment":[{"href":"https:\/\/grupotoa.website\/stuff\/legadodeamor\/wp-json\/wp\/v2\/media?parent=1702"}],"wp:term":[{"taxonomy":"product_brand","embeddable":true,"href":"https:\/\/grupotoa.website\/stuff\/legadodeamor\/wp-json\/wp\/v2\/product_brand?post=1702"},{"taxonomy":"product_cat","embeddable":true,"href":"https:\/\/grupotoa.website\/stuff\/legadodeamor\/wp-json\/wp\/v2\/product_cat?post=1702"},{"taxonomy":"product_tag","embeddable":true,"href":"https:\/\/grupotoa.website\/stuff\/legadodeamor\/wp-json\/wp\/v2\/product_tag?post=1702"}],"curies":[{"name":"wp","href":"https:\/\/api.w.org\/{rel}","templated":true}]}}