{"id":1703,"date":"2025-09-19T01:24:23","date_gmt":"2025-09-18T23:24:23","guid":{"rendered":"https:\/\/grupotoa.website\/stuff\/legadodeamor\/?post_type=product&#038;p=1703"},"modified":"2025-09-19T01:24:23","modified_gmt":"2025-09-18T23:24:23","slug":"corta-unas-para-bebes-3-meses-a-pigeon","status":"publish","type":"product","link":"https:\/\/grupotoa.website\/stuff\/legadodeamor\/producto\/corta-unas-para-bebes-3-meses-a-pigeon\/","title":{"rendered":"Corta u\u00f1as para bebes 3 meses a + Pigeon"},"content":{"rendered":"<div class=\"elementor-element elementor-element-24a25a6 elementor-widget elementor-widget-heading\" data-id=\"24a25a6\" data-element_type=\"widget\" data-widget_type=\"heading.default\">\n<div class=\"elementor-widget-container\">\n<h3 class=\"elementor-heading-title elementor-size-default\">Caracter\u00edsticas principales<\/h3>\n<\/div>\n<\/div>\n<div class=\"elementor-element elementor-element-a6238aa elementor-widget elementor-widget-text-editor\" data-id=\"a6238aa\" data-element_type=\"widget\" data-widget_type=\"text-editor.default\">\n<div class=\"elementor-widget-container\">\n<ul>\n<li><strong>Precio:<\/strong>\u00a0Q120.00<\/li>\n<li><strong>Marca:<\/strong>\u00a0Pigeon<\/li>\n<li><strong>Presentaci\u00f3n:<\/strong>\u00a0Corta\u00fa\u00f1as para Beb\u00e9s de 3 meses en adelante hecho de acero inoxidable para las navajas y resina ABS para el mango.<\/li>\n<li><strong>Edad recomendada:<\/strong>\u00a0Bebes de 3 meses en adelante.<\/li>\n<li>Dise\u00f1o ergon\u00f3mico.<\/li>\n<li>Puntas redondeadas.<\/li>\n<li>Tama\u00f1o compacto.<\/li>\n<\/ul>\n<\/div>\n<\/div>\n<div class=\"elementor-element elementor-element-6678440c elementor-widget elementor-widget-heading\" data-id=\"6678440c\" data-element_type=\"widget\" data-widget_type=\"heading.default\">\n<div class=\"elementor-widget-container\">\n<h3 class=\"elementor-heading-title elementor-size-default\">Beneficios<\/h3>\n<\/div>\n<\/div>\n<div class=\"elementor-element elementor-element-5895af07 elementor-widget elementor-widget-text-editor\" data-id=\"5895af07\" data-element_type=\"widget\" data-widget_type=\"text-editor.default\">\n<div class=\"elementor-widget-container\">\n<ul>\n<li>Seguridad para el beb\u00e9.<\/li>\n<li>F\u00e1cil de sujetar y manejar.<\/li>\n<li>Higi\u00e9nico y f\u00e1cil de limpiar.<\/li>\n<\/ul>\n<\/div>\n<\/div>\n<div class=\"elementor-element elementor-element-48818cb2 elementor-widget elementor-widget-heading\" data-id=\"48818cb2\" data-element_type=\"widget\" data-widget_type=\"heading.default\">\n<div class=\"elementor-widget-container\">\n<h3 class=\"elementor-heading-title elementor-size-default\">Instrucciones de uso y limpieza<\/h3>\n<\/div>\n<\/div>\n<div class=\"elementor-element elementor-element-23f94451 elementor-widget elementor-widget-text-editor\" data-id=\"23f94451\" data-element_type=\"widget\" data-widget_type=\"text-editor.default\">\n<div class=\"elementor-widget-container\">\n<ul>\n<li>Limpia las navajas con un pa\u00f1o seco despu\u00e9s de cada uso para evitar la corrosi\u00f3n.<\/li>\n<li>No sumerjas el corta\u00fa\u00f1as en agua ni lo pongas en el lavavajillas.<\/li>\n<\/ul>\n<\/div>\n<\/div>\n","protected":false},"excerpt":{"rendered":"<p>Caracter\u00edsticas principales Precio:\u00a0Q120.00 Marca:\u00a0Pigeon Presentaci\u00f3n:\u00a0Corta\u00fa\u00f1as para Beb\u00e9s de 3 meses en adelante hecho de acero inoxidable para las navajas y resina ABS para el mango. Edad recomendada:\u00a0Bebes de 3 meses en adelante. Dise\u00f1o ergon\u00f3mico. Puntas redondeadas. Tama\u00f1o compacto. Beneficios Seguridad para el beb\u00e9. F\u00e1cil de sujetar y manejar. Higi\u00e9nico y f\u00e1cil de limpiar. Instrucciones de [&hellip;]<\/p>\n","protected":false},"featured_media":880,"comment_status":"open","ping_status":"closed","template":"","meta":[],"product_brand":[28],"product_cat":[39],"product_tag":[],"class_list":{"0":"post-1703","1":"product","2":"type-product","3":"status-publish","4":"has-post-thumbnail","6":"product_brand-pigeon","7":"product_cat-accesorios-para-bebe","9":"first","10":"instock","11":"shipping-taxable","12":"product-type-simple"},"_links":{"self":[{"href":"https:\/\/grupotoa.website\/stuff\/legadodeamor\/wp-json\/wp\/v2\/product\/1703","targetHints":{"allow":["GET"]}}],"collection":[{"href":"https:\/\/grupotoa.website\/stuff\/legadodeamor\/wp-json\/wp\/v2\/product"}],"about":[{"href":"https:\/\/grupotoa.website\/stuff\/legadodeamor\/wp-json\/wp\/v2\/types\/product"}],"replies":[{"embeddable":true,"href":"https:\/\/grupotoa.website\/stuff\/legadodeamor\/wp-json\/wp\/v2\/comments?post=1703"}],"wp:featuredmedia":[{"embeddable":true,"href":"https:\/\/grupotoa.website\/stuff\/legadodeamor\/wp-json\/wp\/v2\/media\/880"}],"wp:attachment":[{"href":"https:\/\/grupotoa.website\/stuff\/legadodeamor\/wp-json\/wp\/v2\/media?parent=1703"}],"wp:term":[{"taxonomy":"product_brand","embeddable":true,"href":"https:\/\/grupotoa.website\/stuff\/legadodeamor\/wp-json\/wp\/v2\/product_brand?post=1703"},{"taxonomy":"product_cat","embeddable":true,"href":"https:\/\/grupotoa.website\/stuff\/legadodeamor\/wp-json\/wp\/v2\/product_cat?post=1703"},{"taxonomy":"product_tag","embeddable":true,"href":"https:\/\/grupotoa.website\/stuff\/legadodeamor\/wp-json\/wp\/v2\/product_tag?post=1703"}],"curies":[{"name":"wp","href":"https:\/\/api.w.org\/{rel}","templated":true}]}}